{"id":7467,"date":"2025-06-17T11:26:35","date_gmt":"2025-06-17T15:26:35","guid":{"rendered":"https:\/\/carltoncards.ca\/?post_type=product&#038;p=7467"},"modified":"2026-02-19T10:58:10","modified_gmt":"2026-02-19T15:58:10","slug":"plush","status":"publish","type":"product","link":"https:\/\/carltoncards.ca\/fr\/products\/plush\/","title":{"rendered":"Peluche"},"content":{"rendered":"<div class=\"wp-block-cover alignfull is-light is-style-card-right\" style=\"min-height:100vh;aspect-ratio:unset;\"><img loading=\"lazy\" decoding=\"async\" width=\"1481\" height=\"1003\" class=\"wp-block-cover__image-background wp-image-7469\" alt=\"\" src=\"https:\/\/carltoncards.ca\/wp-content\/uploads\/sites\/2\/2025\/06\/Banner-Plush-2400x1350-FRN.png\" style=\"object-position:50% 45%\" data-object-fit=\"cover\" data-object-position=\"50% 45%\" srcset=\"https:\/\/carltoncards.ca\/wp-content\/uploads\/sites\/2\/2025\/06\/Banner-Plush-2400x1350-FRN.png 2400w, https:\/\/carltoncards.ca\/wp-content\/uploads\/sites\/2\/2025\/06\/Banner-Plush-2400x1350-FRN.png?resize=300,169 300w, https:\/\/carltoncards.ca\/wp-content\/uploads\/sites\/2\/2025\/06\/Banner-Plush-2400x1350-FRN.png?resize=768,432 768w, https:\/\/carltoncards.ca\/wp-content\/uploads\/sites\/2\/2025\/06\/Banner-Plush-2400x1350-FRN.png?resize=1024,576 1024w, https:\/\/carltoncards.ca\/wp-content\/uploads\/sites\/2\/2025\/06\/Banner-Plush-2400x1350-FRN.png?resize=1536,864 1536w, https:\/\/carltoncards.ca\/wp-content\/uploads\/sites\/2\/2025\/06\/Banner-Plush-2400x1350-FRN.png?resize=2048,1152 2048w, https:\/\/carltoncards.ca\/wp-content\/uploads\/sites\/2\/2025\/06\/Banner-Plush-2400x1350-FRN.png?resize=18,10 18w\" sizes=\"auto, (max-width: 1481px) 100vw, 1481px\" \/><span aria-hidden=\"true\" class=\"wp-block-cover__background has-brand-background-color has-background-dim-0 has-background-dim\"><\/span><div class=\"wp-block-cover__inner-container is-layout-flow wp-block-cover-is-layout-flow\"><h1 style=\"text-transform:uppercase;\" class=\"wp-block-post-title has-text-color has-brand-color has-h-6-font-size\">Peluche<\/h1>\n\n\n<h2 class=\"wp-block-heading has-foreground-color has-text-color has-h-4-font-size\">Nous proposons les personnages en peluche les plus adorables, tendance et innovants pour agr\u00e9menter de mani\u00e8re ludique une carte de souhaits ou un cadeau, quelle que soit l'occasion!&nbsp;<\/h2>\n\n\n\n<p>Fabriqu\u00e9es dans des tissus doux, avec des d\u00e9tails brod\u00e9s et d'autres embellissements, nos peluches surprendront et raviront les adeptes de tous les \u00e2ges. <\/p>\n<\/div><\/div>\n\n\n\n<div class=\"wp-block-columns are-vertically-aligned-top is-layout-flex wp-container-core-columns-is-layout-d7a87397 wp-block-columns-is-layout-flex\" style=\"padding-top:6rem;padding-bottom:6rem\">\n<div class=\"wp-block-column is-vertically-aligned-top is-layout-flow wp-block-column-is-layout-flow\" style=\"flex-basis:33.33%\">\n<h2 class=\"wp-block-heading has-h-5-font-size\"><a href=\"https:\/\/carltoncards.ca\/fr\/products\/\">Produits<\/a><\/h2>\n\n\n\n<hr class=\"wp-block-separator has-text-color has-foreground-color has-css-opacity has-foreground-background-color has-background is-style-dots\"\/>\n\n\n<nav class=\"is-vertical is-style-mobile-select wp-block-navigation is-layout-flex wp-container-core-navigation-is-layout-fe9cc265 wp-block-navigation-is-layout-flex\" aria-label=\"Produits\"><ul class=\"wp-block-navigation__container  is-vertical is-style-mobile-select wp-block-navigation\"><li class=\"wp-block-navigation-item wp-block-navigation-link\"><a class=\"wp-block-navigation-item__content\"  href=\"https:\/\/carltoncards.ca\/fr\/products\/greeting-cards\/\"><span class=\"wp-block-navigation-item__label\">Cartes de souhaits<\/span><\/a><\/li><li class=\"wp-block-navigation-item wp-block-navigation-link\"><a class=\"wp-block-navigation-item__content\"  href=\"https:\/\/carltoncards.ca\/products\/digital-greetings\/\"><span class=\"wp-block-navigation-item__label\">Souhaits num\u00e9riques<\/span><\/a><\/li><li class=\"wp-block-navigation-item wp-block-navigation-link\"><a class=\"wp-block-navigation-item__content\"  href=\"https:\/\/carltoncards.ca\/fr\/products\/gift-packaging\/\"><span class=\"wp-block-navigation-item__label\">Emballages-cadeaux<\/span><\/a><\/li><li class=\"wp-block-navigation-item wp-block-navigation-link\"><a class=\"wp-block-navigation-item__content\"  href=\"https:\/\/carltoncards.ca\/fr\/products\/party-supplies\/\"><span class=\"wp-block-navigation-item__label\">Fournitures de r\u00e9ception<\/span><\/a><\/li><li class=\"wp-block-navigation-item wp-block-navigation-link\"><a class=\"wp-block-navigation-item__content\"  href=\"https:\/\/carltoncards.ca\/fr\/products\/stickers-decals\/\"><span class=\"wp-block-navigation-item__label\">Autocollants et d\u00e9calcomanies<\/span><\/a><\/li><li class=\"wp-block-navigation-item wp-block-navigation-link\"><a class=\"wp-block-navigation-item__content\"  href=\"https:\/\/carltoncards.ca\/fr\/products\/stationery\/\"><span class=\"wp-block-navigation-item__label\">Papeterie<\/span><\/a><\/li><li class=\"wp-block-navigation-item wp-block-navigation-link\"><a class=\"wp-block-navigation-item__content\"  href=\"https:\/\/carltoncards.ca\/fr\/products\/plush\/\"><span class=\"wp-block-navigation-item__label\">Peluche<\/span><\/a><\/li><\/ul><\/nav><\/div>\n\n\n\n<div class=\"wp-block-column is-vertically-aligned-top is-layout-flow wp-block-column-is-layout-flow\" style=\"flex-basis:66.66%\">\n<h4 class=\"wp-block-heading has-h-4-font-size\">Peluches assortiment  <\/h4>\n\n\n\n<div class=\"wp-block-columns alignwide is-layout-flex wp-container-core-columns-is-layout-28f84493 wp-block-columns-is-layout-flex\">\n<div class=\"wp-block-column is-layout-flow wp-block-column-is-layout-flow\">\n<figure class=\"wp-block-image size-full\"><img loading=\"lazy\" decoding=\"async\" width=\"1400\" height=\"788\" src=\"https:\/\/carltoncards.ca\/wp-content\/uploads\/sites\/2\/2025\/06\/Plush-Everyday-Product-Image_Everyday.png\" alt=\"\" class=\"wp-image-7581\" srcset=\"https:\/\/carltoncards.ca\/wp-content\/uploads\/sites\/2\/2025\/06\/Plush-Everyday-Product-Image_Everyday.png 1400w, https:\/\/carltoncards.ca\/wp-content\/uploads\/sites\/2\/2025\/06\/Plush-Everyday-Product-Image_Everyday.png?resize=300,169 300w, https:\/\/carltoncards.ca\/wp-content\/uploads\/sites\/2\/2025\/06\/Plush-Everyday-Product-Image_Everyday.png?resize=768,432 768w, https:\/\/carltoncards.ca\/wp-content\/uploads\/sites\/2\/2025\/06\/Plush-Everyday-Product-Image_Everyday.png?resize=1024,576 1024w, https:\/\/carltoncards.ca\/wp-content\/uploads\/sites\/2\/2025\/06\/Plush-Everyday-Product-Image_Everyday.png?resize=18,10 18w\" sizes=\"auto, (max-width: 1400px) 100vw, 1400px\" \/><\/figure>\n\n\n\n<h5 class=\"wp-block-heading\"><strong>Peluches courantes<\/strong><\/h5>\n\n\n\n<p>Our cute and cuddly&nbsp;plush&nbsp;offers a range of options for everyday gift giving, like Birthdays, New Baby, Congrats or Just Because.&nbsp;From classic teddy bears to a cute pug and a cool but quirky goat, we think you\u2019ll love them so much, you\u2019ll want to collect them all to have on hand for when you want to send an extra special wish!<\/p>\n<\/div>\n\n\n\n<div class=\"wp-block-column is-layout-flow wp-block-column-is-layout-flow\">\n<figure class=\"wp-block-image size-full\"><img loading=\"lazy\" decoding=\"async\" width=\"1400\" height=\"788\" src=\"https:\/\/carltoncards.ca\/wp-content\/uploads\/sites\/2\/2025\/06\/Plush-Everyday-Product-Image_Seasonal-1-2.jpg\" alt=\"\" class=\"wp-image-7588\" srcset=\"https:\/\/carltoncards.ca\/wp-content\/uploads\/sites\/2\/2025\/06\/Plush-Everyday-Product-Image_Seasonal-1-2.jpg 1400w, https:\/\/carltoncards.ca\/wp-content\/uploads\/sites\/2\/2025\/06\/Plush-Everyday-Product-Image_Seasonal-1-2.jpg?resize=300,169 300w, https:\/\/carltoncards.ca\/wp-content\/uploads\/sites\/2\/2025\/06\/Plush-Everyday-Product-Image_Seasonal-1-2.jpg?resize=768,432 768w, https:\/\/carltoncards.ca\/wp-content\/uploads\/sites\/2\/2025\/06\/Plush-Everyday-Product-Image_Seasonal-1-2.jpg?resize=1024,576 1024w, https:\/\/carltoncards.ca\/wp-content\/uploads\/sites\/2\/2025\/06\/Plush-Everyday-Product-Image_Seasonal-1-2.jpg?resize=18,10 18w\" sizes=\"auto, (max-width: 1400px) 100vw, 1400px\" \/><\/figure>\n\n\n\n<h5 class=\"wp-block-heading\"><strong>Peluches saisonni\u00e8res<\/strong><\/h5>\n\n\n\n<p>Nos peluches saisonni\u00e8res sont une fa\u00e7on amusante d'ajouter une surprise pour No\u00ebl, \u00e0 glisser dans les bas de No\u00ebl, ou pour la Saint-Valentin, P\u00e2ques, la f\u00eate des M\u00e8res et des P\u00e8res, les remises de dipl\u00f4mes et l'halloween.<\/p>\n\n\n\n<p><\/p>\n<\/div>\n<\/div>\n\n\n\n<div class=\"wp-block-columns alignwide is-layout-flex wp-container-core-columns-is-layout-28f84493 wp-block-columns-is-layout-flex\">\n<div class=\"wp-block-column is-layout-flow wp-block-column-is-layout-flow\">\n<figure class=\"wp-block-image size-full\"><img loading=\"lazy\" decoding=\"async\" width=\"1400\" height=\"788\" src=\"https:\/\/carltoncards.ca\/wp-content\/uploads\/sites\/2\/2025\/06\/Plush-Everyday-Product-Image_Zippie-1-1.jpg\" alt=\"\" class=\"wp-image-7590\" srcset=\"https:\/\/carltoncards.ca\/wp-content\/uploads\/sites\/2\/2025\/06\/Plush-Everyday-Product-Image_Zippie-1-1.jpg 1400w, https:\/\/carltoncards.ca\/wp-content\/uploads\/sites\/2\/2025\/06\/Plush-Everyday-Product-Image_Zippie-1-1.jpg?resize=300,169 300w, https:\/\/carltoncards.ca\/wp-content\/uploads\/sites\/2\/2025\/06\/Plush-Everyday-Product-Image_Zippie-1-1.jpg?resize=768,432 768w, https:\/\/carltoncards.ca\/wp-content\/uploads\/sites\/2\/2025\/06\/Plush-Everyday-Product-Image_Zippie-1-1.jpg?resize=1024,576 1024w, https:\/\/carltoncards.ca\/wp-content\/uploads\/sites\/2\/2025\/06\/Plush-Everyday-Product-Image_Zippie-1-1.jpg?resize=18,10 18w\" sizes=\"auto, (max-width: 1400px) 100vw, 1400px\" \/><\/figure>\n\n\n\n<h5 class=\"wp-block-heading\"><strong>Peluche Zippie<\/strong><\/h5>\n\n\n\n<p>Mesurant 6 po de haut, nos peluches Zippie (chien, chat, renard et ours) sont orn\u00e9es de d\u00e9tails brod\u00e9s et fabriqu\u00e9es en fausse fourrure et velours c\u00f4tel\u00e9 ultra-doux. Une poche \u00e0 fermeture-\u00e9clair permet d'y glisser de petites friandises ou des cartes-cadeaux, ce qui en fait un cadeau id\u00e9al pour faire plaisir \u00e0 tous!<\/p>\n<\/div>\n\n\n\n<div class=\"wp-block-column is-layout-flow wp-block-column-is-layout-flow\">\n<figure class=\"wp-block-image size-large\"><img loading=\"lazy\" decoding=\"async\" height=\"576\" width=\"1024\" src=\"https:\/\/carltoncards.ca\/wp-content\/uploads\/sites\/2\/2025\/06\/Plush-Everyday-Product-Image_EverydayClips.png?w=1024\" alt=\"\" class=\"wp-image-8244\" srcset=\"https:\/\/carltoncards.ca\/wp-content\/uploads\/sites\/2\/2025\/06\/Plush-Everyday-Product-Image_EverydayClips.png 1400w, https:\/\/carltoncards.ca\/wp-content\/uploads\/sites\/2\/2025\/06\/Plush-Everyday-Product-Image_EverydayClips.png?resize=300,169 300w, https:\/\/carltoncards.ca\/wp-content\/uploads\/sites\/2\/2025\/06\/Plush-Everyday-Product-Image_EverydayClips.png?resize=768,432 768w, https:\/\/carltoncards.ca\/wp-content\/uploads\/sites\/2\/2025\/06\/Plush-Everyday-Product-Image_EverydayClips.png?resize=1024,576 1024w, https:\/\/carltoncards.ca\/wp-content\/uploads\/sites\/2\/2025\/06\/Plush-Everyday-Product-Image_EverydayClips.png?resize=18,10 18w\" sizes=\"auto, (max-width: 1024px) 100vw, 1024px\" \/><\/figure>\n\n\n\n<h5 class=\"wp-block-heading\"><strong>Pinces Pour Sac<\/strong><\/h5>\n\n\n\n<p>Avec seulement 8,9 cm (3,5 po), nos pinces pour sac \u00e0 dos courantes sont le moyen le plus mignon d'\u00e9gayer la journ\u00e9e de quelqu'un. Parfaites pour offrir \u00e0 un \u00eatre cher ou pour vous faire plaisir, ces petites pinces \u00e0 collectionner feront certainement le bonheur de la personne qui les recevra.\u00a0<\/p>\n<\/div>\n<\/div>\n<\/div>\n<\/div>","protected":false},"excerpt":{"rendered":"<p>Nous proposons les personnages en peluche les plus adorables, tendance et innovants pour agr\u00e9menter de mani\u00e8re ludique une carte de souhaits ou un cadeau, quelle que soit l'occasion!\u00a0<\/p>","protected":false},"featured_media":7496,"parent":0,"menu_order":0,"template":"","meta":{"footnotes":""},"class_list":["post-7467","product","type-product","status-publish","has-post-thumbnail","hentry"],"yoast_head":"<!-- This site is optimized with the Yoast SEO plugin v23.2 - https:\/\/yoast.com\/wordpress\/plugins\/seo\/ -->\n<title>Plush - Carlton Cards<\/title>\n<meta name=\"description\" content=\"Discover our adorable and on-trend plush characters\u2014perfect as gift toppers or stand-alone surprises made to delight!\" \/>\n<meta name=\"robots\" content=\"index, follow, max-snippet:-1, max-image-preview:large, max-video-preview:-1\" \/>\n<link rel=\"canonical\" href=\"https:\/\/carltoncards.ca\/fr\/products\/plush\/\" \/>\n<meta property=\"og:locale\" content=\"fr_CA\" \/>\n<meta property=\"og:type\" content=\"article\" \/>\n<meta property=\"og:title\" content=\"Plush - Carlton Cards\" \/>\n<meta property=\"og:description\" content=\"Discover our adorable and on-trend plush characters\u2014perfect as gift toppers or stand-alone surprises made to delight!\" \/>\n<meta property=\"og:url\" content=\"https:\/\/carltoncards.ca\/fr\/products\/plush\/\" \/>\n<meta property=\"og:site_name\" content=\"Carlton Cards\" \/>\n<meta property=\"article:modified_time\" content=\"2026-02-19T15:58:10+00:00\" \/>\n<meta property=\"og:image\" content=\"https:\/\/carltoncards.ca\/wp-content\/uploads\/sites\/2\/2025\/06\/Banner-Plush-2400x1350-1.jpg\" \/>\n\t<meta property=\"og:image:width\" content=\"2400\" \/>\n\t<meta property=\"og:image:height\" content=\"1350\" \/>\n\t<meta property=\"og:image:type\" content=\"image\/jpeg\" \/>\n<meta name=\"twitter:card\" content=\"summary_large_image\" \/>\n<meta name=\"twitter:label1\" content=\"Est. reading time\" \/>\n\t<meta name=\"twitter:data1\" content=\"3 minutes\" \/>\n<script type=\"application\/ld+json\" class=\"yoast-schema-graph\">{\"@context\":\"https:\/\/schema.org\",\"@graph\":[{\"@type\":\"WebPage\",\"@id\":\"https:\/\/carltoncards.ca\/products\/plush\/\",\"url\":\"https:\/\/carltoncards.ca\/products\/plush\/\",\"name\":\"Plush - Carlton Cards\",\"isPartOf\":{\"@id\":\"https:\/\/carltoncards.ca\/#website\"},\"primaryImageOfPage\":{\"@id\":\"https:\/\/carltoncards.ca\/products\/plush\/#primaryimage\"},\"image\":{\"@id\":\"https:\/\/carltoncards.ca\/products\/plush\/#primaryimage\"},\"thumbnailUrl\":\"https:\/\/carltoncards.ca\/wp-content\/uploads\/sites\/2\/2025\/06\/Banner-Plush-2400x1350-1.jpg\",\"datePublished\":\"2025-06-17T15:26:35+00:00\",\"dateModified\":\"2026-02-19T15:58:10+00:00\",\"description\":\"Discover our adorable and on-trend plush characters\u2014perfect as gift toppers or stand-alone surprises made to delight!\",\"breadcrumb\":{\"@id\":\"https:\/\/carltoncards.ca\/products\/plush\/#breadcrumb\"},\"inLanguage\":\"fr-CA\",\"potentialAction\":[{\"@type\":\"ReadAction\",\"target\":[\"https:\/\/carltoncards.ca\/products\/plush\/\"]}]},{\"@type\":\"ImageObject\",\"inLanguage\":\"fr-CA\",\"@id\":\"https:\/\/carltoncards.ca\/products\/plush\/#primaryimage\",\"url\":\"https:\/\/carltoncards.ca\/wp-content\/uploads\/sites\/2\/2025\/06\/Banner-Plush-2400x1350-1.jpg\",\"contentUrl\":\"https:\/\/carltoncards.ca\/wp-content\/uploads\/sites\/2\/2025\/06\/Banner-Plush-2400x1350-1.jpg\",\"width\":2400,\"height\":1350},{\"@type\":\"BreadcrumbList\",\"@id\":\"https:\/\/carltoncards.ca\/products\/plush\/#breadcrumb\",\"itemListElement\":[{\"@type\":\"ListItem\",\"position\":1,\"name\":\"Home\",\"item\":\"https:\/\/carltoncards.ca\/\"},{\"@type\":\"ListItem\",\"position\":2,\"name\":\"Plush\"}]},{\"@type\":\"WebSite\",\"@id\":\"https:\/\/carltoncards.ca\/#website\",\"url\":\"https:\/\/carltoncards.ca\/\",\"name\":\"Carlton Cards\",\"description\":\"\",\"publisher\":{\"@id\":\"https:\/\/carltoncards.ca\/#organization\"},\"potentialAction\":[{\"@type\":\"SearchAction\",\"target\":{\"@type\":\"EntryPoint\",\"urlTemplate\":\"https:\/\/carltoncards.ca\/?s={search_term_string}\"},\"query-input\":\"required name=search_term_string\"}],\"inLanguage\":\"fr-CA\"},{\"@type\":\"Organization\",\"@id\":\"https:\/\/carltoncards.ca\/#organization\",\"name\":\"Carlton Cards\",\"url\":\"https:\/\/carltoncards.ca\/\",\"logo\":{\"@type\":\"ImageObject\",\"inLanguage\":\"fr-CA\",\"@id\":\"https:\/\/carltoncards.ca\/#\/schema\/logo\/image\/\",\"url\":\"https:\/\/carltoncards.ca\/wp-content\/uploads\/sites\/2\/2022\/08\/carlton-logo-2.png\",\"contentUrl\":\"https:\/\/carltoncards.ca\/wp-content\/uploads\/sites\/2\/2022\/08\/carlton-logo-2.png\",\"width\":1522,\"height\":422,\"caption\":\"Carlton Cards\"},\"image\":{\"@id\":\"https:\/\/carltoncards.ca\/#\/schema\/logo\/image\/\"}}]}<\/script>\n<!-- \/ Yoast SEO plugin. -->","yoast_head_json":{"title":"Plush - Carlton Cards","description":"Discover our adorable and on-trend plush characters\u2014perfect as gift toppers or stand-alone surprises made to delight!","robots":{"index":"index","follow":"follow","max-snippet":"max-snippet:-1","max-image-preview":"max-image-preview:large","max-video-preview":"max-video-preview:-1"},"canonical":"https:\/\/carltoncards.ca\/fr\/products\/plush\/","og_locale":"fr_CA","og_type":"article","og_title":"Plush - Carlton Cards","og_description":"Discover our adorable and on-trend plush characters\u2014perfect as gift toppers or stand-alone surprises made to delight!","og_url":"https:\/\/carltoncards.ca\/fr\/products\/plush\/","og_site_name":"Carlton Cards","article_modified_time":"2026-02-19T15:58:10+00:00","og_image":[{"width":2400,"height":1350,"url":"https:\/\/carltoncards.ca\/wp-content\/uploads\/sites\/2\/2025\/06\/Banner-Plush-2400x1350-1.jpg","type":"image\/jpeg"}],"twitter_card":"summary_large_image","twitter_misc":{"Est. reading time":"3 minutes"},"schema":{"@context":"https:\/\/schema.org","@graph":[{"@type":"WebPage","@id":"https:\/\/carltoncards.ca\/products\/plush\/","url":"https:\/\/carltoncards.ca\/products\/plush\/","name":"Plush - Carlton Cards","isPartOf":{"@id":"https:\/\/carltoncards.ca\/#website"},"primaryImageOfPage":{"@id":"https:\/\/carltoncards.ca\/products\/plush\/#primaryimage"},"image":{"@id":"https:\/\/carltoncards.ca\/products\/plush\/#primaryimage"},"thumbnailUrl":"https:\/\/carltoncards.ca\/wp-content\/uploads\/sites\/2\/2025\/06\/Banner-Plush-2400x1350-1.jpg","datePublished":"2025-06-17T15:26:35+00:00","dateModified":"2026-02-19T15:58:10+00:00","description":"Discover our adorable and on-trend plush characters\u2014perfect as gift toppers or stand-alone surprises made to delight!","breadcrumb":{"@id":"https:\/\/carltoncards.ca\/products\/plush\/#breadcrumb"},"inLanguage":"fr-CA","potentialAction":[{"@type":"ReadAction","target":["https:\/\/carltoncards.ca\/products\/plush\/"]}]},{"@type":"ImageObject","inLanguage":"fr-CA","@id":"https:\/\/carltoncards.ca\/products\/plush\/#primaryimage","url":"https:\/\/carltoncards.ca\/wp-content\/uploads\/sites\/2\/2025\/06\/Banner-Plush-2400x1350-1.jpg","contentUrl":"https:\/\/carltoncards.ca\/wp-content\/uploads\/sites\/2\/2025\/06\/Banner-Plush-2400x1350-1.jpg","width":2400,"height":1350},{"@type":"BreadcrumbList","@id":"https:\/\/carltoncards.ca\/products\/plush\/#breadcrumb","itemListElement":[{"@type":"ListItem","position":1,"name":"Home","item":"https:\/\/carltoncards.ca\/"},{"@type":"ListItem","position":2,"name":"Plush"}]},{"@type":"WebSite","@id":"https:\/\/carltoncards.ca\/#website","url":"https:\/\/carltoncards.ca\/","name":"Carlton Cards","description":"","publisher":{"@id":"https:\/\/carltoncards.ca\/#organization"},"potentialAction":[{"@type":"SearchAction","target":{"@type":"EntryPoint","urlTemplate":"https:\/\/carltoncards.ca\/?s={search_term_string}"},"query-input":"required name=search_term_string"}],"inLanguage":"fr-CA"},{"@type":"Organization","@id":"https:\/\/carltoncards.ca\/#organization","name":"Carlton Cards","url":"https:\/\/carltoncards.ca\/","logo":{"@type":"ImageObject","inLanguage":"fr-CA","@id":"https:\/\/carltoncards.ca\/#\/schema\/logo\/image\/","url":"https:\/\/carltoncards.ca\/wp-content\/uploads\/sites\/2\/2022\/08\/carlton-logo-2.png","contentUrl":"https:\/\/carltoncards.ca\/wp-content\/uploads\/sites\/2\/2022\/08\/carlton-logo-2.png","width":1522,"height":422,"caption":"Carlton Cards"},"image":{"@id":"https:\/\/carltoncards.ca\/#\/schema\/logo\/image\/"}}]}},"jetpack_sharing_enabled":true,"_links":{"self":[{"href":"https:\/\/carltoncards.ca\/fr\/wp-json\/wp\/v2\/products\/7467","targetHints":{"allow":["GET"]}}],"collection":[{"href":"https:\/\/carltoncards.ca\/fr\/wp-json\/wp\/v2\/products"}],"about":[{"href":"https:\/\/carltoncards.ca\/fr\/wp-json\/wp\/v2\/types\/product"}],"version-history":[{"count":8,"href":"https:\/\/carltoncards.ca\/fr\/wp-json\/wp\/v2\/products\/7467\/revisions"}],"predecessor-version":[{"id":8245,"href":"https:\/\/carltoncards.ca\/fr\/wp-json\/wp\/v2\/products\/7467\/revisions\/8245"}],"wp:featuredmedia":[{"embeddable":true,"href":"https:\/\/carltoncards.ca\/fr\/wp-json\/wp\/v2\/media\/7496"}],"wp:attachment":[{"href":"https:\/\/carltoncards.ca\/fr\/wp-json\/wp\/v2\/media?parent=7467"}],"curies":[{"name":"wp","href":"https:\/\/api.w.org\/{rel}","templated":true}]}}