{"id":1704,"date":"2022-04-26T12:27:41","date_gmt":"2022-04-26T16:27:41","guid":{"rendered":"https:\/\/corporate.americangreetings.com\/?post_type=product&#038;p=1704"},"modified":"2025-06-18T10:51:57","modified_gmt":"2025-06-18T14:51:57","slug":"stickers-decals","status":"publish","type":"product","link":"https:\/\/carltoncards.ca\/fr\/products\/stickers-decals\/","title":{"rendered":"Autocollants et d\u00e9calcomanies"},"content":{"rendered":"<div class=\"wp-block-cover alignfull is-light is-style-card-right\" style=\"min-height:100vh;aspect-ratio:unset;\"><span aria-hidden=\"true\" class=\"wp-block-cover__background has-brand-background-color has-background-dim-0 has-background-dim\"><\/span><img loading=\"lazy\" decoding=\"async\" width=\"2400\" height=\"1600\" class=\"wp-block-cover__image-background wp-image-3030\" alt=\"\" src=\"https:\/\/carltoncards.ca\/wp-content\/uploads\/sites\/2\/2022\/08\/FR_Stickers_Tile.jpeg\" data-object-fit=\"cover\" srcset=\"https:\/\/carltoncards.ca\/wp-content\/uploads\/sites\/2\/2022\/08\/FR_Stickers_Tile.jpeg 2400w, https:\/\/carltoncards.ca\/wp-content\/uploads\/sites\/2\/2022\/08\/FR_Stickers_Tile.jpeg?resize=300,200 300w, https:\/\/carltoncards.ca\/wp-content\/uploads\/sites\/2\/2022\/08\/FR_Stickers_Tile.jpeg?resize=768,512 768w, https:\/\/carltoncards.ca\/wp-content\/uploads\/sites\/2\/2022\/08\/FR_Stickers_Tile.jpeg?resize=1024,683 1024w, https:\/\/carltoncards.ca\/wp-content\/uploads\/sites\/2\/2022\/08\/FR_Stickers_Tile.jpeg?resize=1536,1024 1536w, https:\/\/carltoncards.ca\/wp-content\/uploads\/sites\/2\/2022\/08\/FR_Stickers_Tile.jpeg?resize=2048,1365 2048w, https:\/\/carltoncards.ca\/wp-content\/uploads\/sites\/2\/2022\/08\/FR_Stickers_Tile.jpeg?resize=18,12 18w\" sizes=\"auto, (max-width: 2400px) 100vw, 2400px\" \/><div class=\"wp-block-cover__inner-container is-layout-flow wp-block-cover-is-layout-flow\"><h1 style=\"text-transform:uppercase;\" class=\"wp-block-post-title has-text-color has-brand-color has-h-6-font-size\">Autocollants et d\u00e9calcomanies<\/h1>\n\n\n<h2 class=\"wp-block-heading has-foreground-color has-text-color has-h-4-font-size\">Des feuilles d'autocollants ludiques et des d\u00e9calcomanies \u00e0 la mode et des cachets d'enveloppes \u00e9l\u00e9gants permettent aux consommateurs de personnaliser des cartes, des cadeaux, des carnets, des bouteilles d'eau, des t\u00e9l\u00e9phones, des ordinateurs portables et bien plus encore.<\/h2>\n<\/div><\/div>\n\n\n\n<div class=\"wp-block-columns are-vertically-aligned-top is-layout-flex wp-container-core-columns-is-layout-d7a87397 wp-block-columns-is-layout-flex\" style=\"padding-top:6rem;padding-bottom:6rem\">\n<div class=\"wp-block-column is-vertically-aligned-top is-layout-flow wp-block-column-is-layout-flow\" style=\"flex-basis:33.33%\">\n<h2 class=\"wp-block-heading has-h-5-font-size\"><a href=\"https:\/\/carltoncards.ca\/fr\/products\/\">Produits<\/a><\/h2>\n\n\n\n<hr class=\"wp-block-separator has-text-color has-foreground-color has-css-opacity has-foreground-background-color has-background is-style-dots\"\/>\n\n\n<nav class=\"is-vertical is-style-mobile-select wp-block-navigation is-layout-flex wp-container-core-navigation-is-layout-fe9cc265 wp-block-navigation-is-layout-flex\" aria-label=\"Produits\"><ul class=\"wp-block-navigation__container  is-vertical is-style-mobile-select wp-block-navigation\"><li class=\"wp-block-navigation-item wp-block-navigation-link\"><a class=\"wp-block-navigation-item__content\"  href=\"https:\/\/carltoncards.ca\/fr\/products\/greeting-cards\/\"><span class=\"wp-block-navigation-item__label\">Cartes de souhaits<\/span><\/a><\/li><li class=\"wp-block-navigation-item wp-block-navigation-link\"><a class=\"wp-block-navigation-item__content\"  href=\"https:\/\/carltoncards.ca\/products\/digital-greetings\/\"><span class=\"wp-block-navigation-item__label\">Souhaits num\u00e9riques<\/span><\/a><\/li><li class=\"wp-block-navigation-item wp-block-navigation-link\"><a class=\"wp-block-navigation-item__content\"  href=\"https:\/\/carltoncards.ca\/fr\/products\/gift-packaging\/\"><span class=\"wp-block-navigation-item__label\">Emballages-cadeaux<\/span><\/a><\/li><li class=\"wp-block-navigation-item wp-block-navigation-link\"><a class=\"wp-block-navigation-item__content\"  href=\"https:\/\/carltoncards.ca\/fr\/products\/party-supplies\/\"><span class=\"wp-block-navigation-item__label\">Fournitures de r\u00e9ception<\/span><\/a><\/li><li class=\"wp-block-navigation-item wp-block-navigation-link\"><a class=\"wp-block-navigation-item__content\"  href=\"https:\/\/carltoncards.ca\/fr\/products\/stickers-decals\/\"><span class=\"wp-block-navigation-item__label\">Autocollants et d\u00e9calcomanies<\/span><\/a><\/li><li class=\"wp-block-navigation-item wp-block-navigation-link\"><a class=\"wp-block-navigation-item__content\"  href=\"https:\/\/carltoncards.ca\/fr\/products\/stationery\/\"><span class=\"wp-block-navigation-item__label\">Papeterie<\/span><\/a><\/li><li class=\"wp-block-navigation-item wp-block-navigation-link\"><a class=\"wp-block-navigation-item__content\"  href=\"https:\/\/carltoncards.ca\/fr\/products\/plush\/\"><span class=\"wp-block-navigation-item__label\">Peluche<\/span><\/a><\/li><\/ul><\/nav><\/div>\n\n\n\n<div class=\"wp-block-column is-vertically-aligned-top is-layout-flow wp-block-column-is-layout-flow\" style=\"flex-basis:66.66%\">\n<h3 class=\"wp-block-heading has-h-4-font-size\">Autocollants et d\u00e9calcomanies<\/h3>\n\n\n\n<div class=\"wp-block-columns alignwide is-layout-flex wp-container-core-columns-is-layout-28f84493 wp-block-columns-is-layout-flex\">\n<div class=\"wp-block-column is-layout-flow wp-block-column-is-layout-flow\">\n<figure class=\"wp-block-image size-large\"><img loading=\"lazy\" decoding=\"async\" height=\"576\" width=\"1024\" src=\"https:\/\/carltoncards.ca\/wp-content\/uploads\/sites\/2\/2022\/04\/sticker-sheets.jpg?w=1024\" alt=\"Sticker Sheets\" class=\"wp-image-2316\" srcset=\"https:\/\/carltoncards.ca\/wp-content\/uploads\/sites\/2\/2022\/04\/sticker-sheets.jpg 1280w, https:\/\/carltoncards.ca\/wp-content\/uploads\/sites\/2\/2022\/04\/sticker-sheets.jpg?resize=300,169 300w, https:\/\/carltoncards.ca\/wp-content\/uploads\/sites\/2\/2022\/04\/sticker-sheets.jpg?resize=768,432 768w, https:\/\/carltoncards.ca\/wp-content\/uploads\/sites\/2\/2022\/04\/sticker-sheets.jpg?resize=1024,576 1024w, https:\/\/carltoncards.ca\/wp-content\/uploads\/sites\/2\/2022\/04\/sticker-sheets.jpg?resize=18,10 18w\" sizes=\"auto, (max-width: 1024px) 100vw, 1024px\" \/><\/figure>\n\n\n\n<h5 class=\"wp-block-heading\">Feuilles d\u2019autocollants<\/h5>\n\n\n\n<p>Faites des provisions pour toutes les f\u00eates ou occasions gr\u00e2ce \u00e0 notre vaste collection de feuilles d'autocollants pour enfants et adultes.<\/p>\n<\/div>\n\n\n\n<div class=\"wp-block-column is-layout-flow wp-block-column-is-layout-flow\">\n<figure class=\"wp-block-image size-large\"><img loading=\"lazy\" decoding=\"async\" height=\"576\" width=\"1024\" src=\"https:\/\/carltoncards.ca\/wp-content\/uploads\/sites\/2\/2022\/04\/decals-1280.jpg?w=1024\" alt=\"Decals\" class=\"wp-image-2317\" srcset=\"https:\/\/carltoncards.ca\/wp-content\/uploads\/sites\/2\/2022\/04\/decals-1280.jpg 1280w, https:\/\/carltoncards.ca\/wp-content\/uploads\/sites\/2\/2022\/04\/decals-1280.jpg?resize=300,169 300w, https:\/\/carltoncards.ca\/wp-content\/uploads\/sites\/2\/2022\/04\/decals-1280.jpg?resize=768,432 768w, https:\/\/carltoncards.ca\/wp-content\/uploads\/sites\/2\/2022\/04\/decals-1280.jpg?resize=1024,576 1024w, https:\/\/carltoncards.ca\/wp-content\/uploads\/sites\/2\/2022\/04\/decals-1280.jpg?resize=18,10 18w\" sizes=\"auto, (max-width: 1024px) 100vw, 1024px\" \/><\/figure>\n\n\n\n<h5 class=\"wp-block-heading\">D\u00e9calcomanies<\/h5>\n\n\n\n<p>Offrez le cadeau de la personnalisation avec des d\u00e9calcomanies en vinyle \u00e0 la mode qui peuvent \u00eatre utilis\u00e9es sur des bouteilles d'eau, des ordinateurs portables, des t\u00e9l\u00e9phones, et plus encore.<\/p>\n<\/div>\n<\/div>\n\n\n\n<div class=\"wp-block-columns alignwide is-layout-flex wp-container-core-columns-is-layout-28f84493 wp-block-columns-is-layout-flex\">\n<div class=\"wp-block-column is-layout-flow wp-block-column-is-layout-flow\">\n<figure class=\"wp-block-image size-large\"><img loading=\"lazy\" decoding=\"async\" height=\"576\" width=\"1024\" src=\"https:\/\/carltoncards.ca\/wp-content\/uploads\/sites\/2\/2022\/04\/puffy-sticker-1280.jpg?w=1024\" alt=\"Puffy Stickers\" class=\"wp-image-2319\" srcset=\"https:\/\/carltoncards.ca\/wp-content\/uploads\/sites\/2\/2022\/04\/puffy-sticker-1280.jpg 1280w, https:\/\/carltoncards.ca\/wp-content\/uploads\/sites\/2\/2022\/04\/puffy-sticker-1280.jpg?resize=300,169 300w, https:\/\/carltoncards.ca\/wp-content\/uploads\/sites\/2\/2022\/04\/puffy-sticker-1280.jpg?resize=768,432 768w, https:\/\/carltoncards.ca\/wp-content\/uploads\/sites\/2\/2022\/04\/puffy-sticker-1280.jpg?resize=1024,576 1024w, https:\/\/carltoncards.ca\/wp-content\/uploads\/sites\/2\/2022\/04\/puffy-sticker-1280.jpg?resize=18,10 18w\" sizes=\"auto, (max-width: 1024px) 100vw, 1024px\" \/><\/figure>\n\n\n\n<h5 class=\"wp-block-heading\">Autocollants rembourr\u00e9s<\/h5>\n\n\n\n<p>Gonfl\u00e9s, spongieux, brillants et rigolos - ces feuilles d'autocollants \u00e0 d\u00e9chirer et \u00e0 partager ajoutent du plaisir 3D \u00e0 toutes les f\u00eates ou occasions.<\/p>\n<\/div>\n\n\n\n<div class=\"wp-block-column is-layout-flow wp-block-column-is-layout-flow\">\n<figure class=\"wp-block-image size-large\"><img loading=\"lazy\" decoding=\"async\" height=\"576\" width=\"1024\" src=\"https:\/\/carltoncards.ca\/wp-content\/uploads\/sites\/2\/2022\/04\/licensing-stickers.jpg?w=1024\" alt=\"Licensing Stickers\" class=\"wp-image-2320\" srcset=\"https:\/\/carltoncards.ca\/wp-content\/uploads\/sites\/2\/2022\/04\/licensing-stickers.jpg 1280w, https:\/\/carltoncards.ca\/wp-content\/uploads\/sites\/2\/2022\/04\/licensing-stickers.jpg?resize=300,169 300w, https:\/\/carltoncards.ca\/wp-content\/uploads\/sites\/2\/2022\/04\/licensing-stickers.jpg?resize=768,432 768w, https:\/\/carltoncards.ca\/wp-content\/uploads\/sites\/2\/2022\/04\/licensing-stickers.jpg?resize=1024,576 1024w, https:\/\/carltoncards.ca\/wp-content\/uploads\/sites\/2\/2022\/04\/licensing-stickers.jpg?resize=18,10 18w\" sizes=\"auto, (max-width: 1024px) 100vw, 1024px\" \/><\/figure>\n\n\n\n<h5 class=\"wp-block-heading\">Autocollants sous licence<\/h5>\n\n\n\n<p>Notre portefeuille de licences de renomm\u00e9e mondiale se refait une beaut\u00e9 avec des feuilles d'autocollants, des autocollants rembourr\u00e9s et des d\u00e9calcomanies en vinyle qui ajoutent un peu d'excentricit\u00e9 \u00e0 toute f\u00eate ou occasion.<\/p>\n<\/div>\n<\/div>\n\n\n\n<div class=\"wp-block-columns alignwide is-layout-flex wp-container-core-columns-is-layout-28f84493 wp-block-columns-is-layout-flex\">\n<div class=\"wp-block-column is-layout-flow wp-block-column-is-layout-flow\">\n<h5 class=\"wp-block-heading\"><\/h5>\n\n\n\n<p><\/p>\n<\/div>\n\n\n\n<div class=\"wp-block-column is-layout-flow wp-block-column-is-layout-flow\">\n<h5 class=\"wp-block-heading\"><\/h5>\n\n\n\n<p><\/p>\n<\/div>\n<\/div>\n<\/div>\n<\/div>","protected":false},"excerpt":{"rendered":"<p>Des feuilles d'autocollants ludiques, des d\u00e9calcomanies \u00e0 la mode et des cachets d'enveloppes \u00e9l\u00e9gants permettent aux consommateurs de personnaliser des cartes, des cadeaux, des carnets, des bouteilles d'eau, des t\u00e9l\u00e9phones, des ordinateurs portables et bien plus encore.<\/p>","protected":false},"featured_media":1840,"parent":0,"menu_order":0,"template":"","meta":{"footnotes":""},"class_list":["post-1704","product","type-product","status-publish","has-post-thumbnail","hentry"],"yoast_head":"<!-- This site is optimized with the Yoast SEO plugin v23.2 - https:\/\/yoast.com\/wordpress\/plugins\/seo\/ -->\n<title>Stickers &amp; Decals - Carlton Cards<\/title>\n<meta name=\"description\" content=\"Our sticker and decal products allow you to personalize gifts, notebooks, laptops, and more. See Carlton Cards stickers and decal products.\" \/>\n<meta name=\"robots\" content=\"index, follow, max-snippet:-1, max-image-preview:large, max-video-preview:-1\" \/>\n<link rel=\"canonical\" href=\"https:\/\/carltoncards.ca\/fr\/products\/stickers-decals\/\" \/>\n<meta property=\"og:locale\" content=\"fr_CA\" \/>\n<meta property=\"og:type\" content=\"article\" \/>\n<meta property=\"og:title\" content=\"Stickers &amp; Decals - Carlton Cards\" \/>\n<meta property=\"og:description\" content=\"Our sticker and decal products allow you to personalize gifts, notebooks, laptops, and more. See Carlton Cards stickers and decal products.\" \/>\n<meta property=\"og:url\" content=\"https:\/\/carltoncards.ca\/fr\/products\/stickers-decals\/\" \/>\n<meta property=\"og:site_name\" content=\"Carlton Cards\" \/>\n<meta property=\"article:modified_time\" content=\"2025-06-18T14:51:57+00:00\" \/>\n<meta property=\"og:image\" content=\"https:\/\/carltoncards.ca\/wp-content\/uploads\/sites\/2\/2022\/04\/stickers-decals.jpg\" \/>\n\t<meta property=\"og:image:width\" content=\"2400\" \/>\n\t<meta property=\"og:image:height\" content=\"1350\" \/>\n\t<meta property=\"og:image:type\" content=\"image\/jpeg\" \/>\n<meta name=\"twitter:card\" content=\"summary_large_image\" \/>\n<meta name=\"twitter:label1\" content=\"Est. reading time\" \/>\n\t<meta name=\"twitter:data1\" content=\"2 minutes\" \/>\n<script type=\"application\/ld+json\" class=\"yoast-schema-graph\">{\"@context\":\"https:\/\/schema.org\",\"@graph\":[{\"@type\":\"WebPage\",\"@id\":\"https:\/\/carltoncards.ca\/products\/stickers-decals\/\",\"url\":\"https:\/\/carltoncards.ca\/products\/stickers-decals\/\",\"name\":\"Stickers & Decals - Carlton Cards\",\"isPartOf\":{\"@id\":\"https:\/\/carltoncards.ca\/#website\"},\"primaryImageOfPage\":{\"@id\":\"https:\/\/carltoncards.ca\/products\/stickers-decals\/#primaryimage\"},\"image\":{\"@id\":\"https:\/\/carltoncards.ca\/products\/stickers-decals\/#primaryimage\"},\"thumbnailUrl\":\"https:\/\/carltoncards.ca\/wp-content\/uploads\/sites\/2\/2022\/04\/stickers-decals.jpg\",\"datePublished\":\"2022-04-26T16:27:41+00:00\",\"dateModified\":\"2025-06-18T14:51:57+00:00\",\"description\":\"Our sticker and decal products allow you to personalize gifts, notebooks, laptops, and more. See Carlton Cards stickers and decal products.\",\"breadcrumb\":{\"@id\":\"https:\/\/carltoncards.ca\/products\/stickers-decals\/#breadcrumb\"},\"inLanguage\":\"fr-CA\",\"potentialAction\":[{\"@type\":\"ReadAction\",\"target\":[\"https:\/\/carltoncards.ca\/products\/stickers-decals\/\"]}]},{\"@type\":\"ImageObject\",\"inLanguage\":\"fr-CA\",\"@id\":\"https:\/\/carltoncards.ca\/products\/stickers-decals\/#primaryimage\",\"url\":\"https:\/\/carltoncards.ca\/wp-content\/uploads\/sites\/2\/2022\/04\/stickers-decals.jpg\",\"contentUrl\":\"https:\/\/carltoncards.ca\/wp-content\/uploads\/sites\/2\/2022\/04\/stickers-decals.jpg\",\"width\":2400,\"height\":1350,\"caption\":\"Stickers & Decals\"},{\"@type\":\"BreadcrumbList\",\"@id\":\"https:\/\/carltoncards.ca\/products\/stickers-decals\/#breadcrumb\",\"itemListElement\":[{\"@type\":\"ListItem\",\"position\":1,\"name\":\"Home\",\"item\":\"https:\/\/carltoncards.ca\/\"},{\"@type\":\"ListItem\",\"position\":2,\"name\":\"Stickers &amp; Decals\"}]},{\"@type\":\"WebSite\",\"@id\":\"https:\/\/carltoncards.ca\/#website\",\"url\":\"https:\/\/carltoncards.ca\/\",\"name\":\"Carlton Cards\",\"description\":\"\",\"publisher\":{\"@id\":\"https:\/\/carltoncards.ca\/#organization\"},\"potentialAction\":[{\"@type\":\"SearchAction\",\"target\":{\"@type\":\"EntryPoint\",\"urlTemplate\":\"https:\/\/carltoncards.ca\/?s={search_term_string}\"},\"query-input\":\"required name=search_term_string\"}],\"inLanguage\":\"fr-CA\"},{\"@type\":\"Organization\",\"@id\":\"https:\/\/carltoncards.ca\/#organization\",\"name\":\"Carlton Cards\",\"url\":\"https:\/\/carltoncards.ca\/\",\"logo\":{\"@type\":\"ImageObject\",\"inLanguage\":\"fr-CA\",\"@id\":\"https:\/\/carltoncards.ca\/#\/schema\/logo\/image\/\",\"url\":\"https:\/\/carltoncards.ca\/wp-content\/uploads\/sites\/2\/2022\/08\/carlton-logo-2.png\",\"contentUrl\":\"https:\/\/carltoncards.ca\/wp-content\/uploads\/sites\/2\/2022\/08\/carlton-logo-2.png\",\"width\":1522,\"height\":422,\"caption\":\"Carlton Cards\"},\"image\":{\"@id\":\"https:\/\/carltoncards.ca\/#\/schema\/logo\/image\/\"}}]}<\/script>\n<!-- \/ Yoast SEO plugin. -->","yoast_head_json":{"title":"Stickers & Decals - Carlton Cards","description":"Our sticker and decal products allow you to personalize gifts, notebooks, laptops, and more. See Carlton Cards stickers and decal products.","robots":{"index":"index","follow":"follow","max-snippet":"max-snippet:-1","max-image-preview":"max-image-preview:large","max-video-preview":"max-video-preview:-1"},"canonical":"https:\/\/carltoncards.ca\/fr\/products\/stickers-decals\/","og_locale":"fr_CA","og_type":"article","og_title":"Stickers & Decals - Carlton Cards","og_description":"Our sticker and decal products allow you to personalize gifts, notebooks, laptops, and more. See Carlton Cards stickers and decal products.","og_url":"https:\/\/carltoncards.ca\/fr\/products\/stickers-decals\/","og_site_name":"Carlton Cards","article_modified_time":"2025-06-18T14:51:57+00:00","og_image":[{"width":2400,"height":1350,"url":"https:\/\/carltoncards.ca\/wp-content\/uploads\/sites\/2\/2022\/04\/stickers-decals.jpg","type":"image\/jpeg"}],"twitter_card":"summary_large_image","twitter_misc":{"Est. reading time":"2 minutes"},"schema":{"@context":"https:\/\/schema.org","@graph":[{"@type":"WebPage","@id":"https:\/\/carltoncards.ca\/products\/stickers-decals\/","url":"https:\/\/carltoncards.ca\/products\/stickers-decals\/","name":"Stickers & Decals - Carlton Cards","isPartOf":{"@id":"https:\/\/carltoncards.ca\/#website"},"primaryImageOfPage":{"@id":"https:\/\/carltoncards.ca\/products\/stickers-decals\/#primaryimage"},"image":{"@id":"https:\/\/carltoncards.ca\/products\/stickers-decals\/#primaryimage"},"thumbnailUrl":"https:\/\/carltoncards.ca\/wp-content\/uploads\/sites\/2\/2022\/04\/stickers-decals.jpg","datePublished":"2022-04-26T16:27:41+00:00","dateModified":"2025-06-18T14:51:57+00:00","description":"Our sticker and decal products allow you to personalize gifts, notebooks, laptops, and more. See Carlton Cards stickers and decal products.","breadcrumb":{"@id":"https:\/\/carltoncards.ca\/products\/stickers-decals\/#breadcrumb"},"inLanguage":"fr-CA","potentialAction":[{"@type":"ReadAction","target":["https:\/\/carltoncards.ca\/products\/stickers-decals\/"]}]},{"@type":"ImageObject","inLanguage":"fr-CA","@id":"https:\/\/carltoncards.ca\/products\/stickers-decals\/#primaryimage","url":"https:\/\/carltoncards.ca\/wp-content\/uploads\/sites\/2\/2022\/04\/stickers-decals.jpg","contentUrl":"https:\/\/carltoncards.ca\/wp-content\/uploads\/sites\/2\/2022\/04\/stickers-decals.jpg","width":2400,"height":1350,"caption":"Stickers & Decals"},{"@type":"BreadcrumbList","@id":"https:\/\/carltoncards.ca\/products\/stickers-decals\/#breadcrumb","itemListElement":[{"@type":"ListItem","position":1,"name":"Home","item":"https:\/\/carltoncards.ca\/"},{"@type":"ListItem","position":2,"name":"Stickers &amp; Decals"}]},{"@type":"WebSite","@id":"https:\/\/carltoncards.ca\/#website","url":"https:\/\/carltoncards.ca\/","name":"Carlton Cards","description":"","publisher":{"@id":"https:\/\/carltoncards.ca\/#organization"},"potentialAction":[{"@type":"SearchAction","target":{"@type":"EntryPoint","urlTemplate":"https:\/\/carltoncards.ca\/?s={search_term_string}"},"query-input":"required name=search_term_string"}],"inLanguage":"fr-CA"},{"@type":"Organization","@id":"https:\/\/carltoncards.ca\/#organization","name":"Carlton Cards","url":"https:\/\/carltoncards.ca\/","logo":{"@type":"ImageObject","inLanguage":"fr-CA","@id":"https:\/\/carltoncards.ca\/#\/schema\/logo\/image\/","url":"https:\/\/carltoncards.ca\/wp-content\/uploads\/sites\/2\/2022\/08\/carlton-logo-2.png","contentUrl":"https:\/\/carltoncards.ca\/wp-content\/uploads\/sites\/2\/2022\/08\/carlton-logo-2.png","width":1522,"height":422,"caption":"Carlton Cards"},"image":{"@id":"https:\/\/carltoncards.ca\/#\/schema\/logo\/image\/"}}]}},"jetpack_sharing_enabled":true,"_links":{"self":[{"href":"https:\/\/carltoncards.ca\/fr\/wp-json\/wp\/v2\/products\/1704","targetHints":{"allow":["GET"]}}],"collection":[{"href":"https:\/\/carltoncards.ca\/fr\/wp-json\/wp\/v2\/products"}],"about":[{"href":"https:\/\/carltoncards.ca\/fr\/wp-json\/wp\/v2\/types\/product"}],"version-history":[{"count":7,"href":"https:\/\/carltoncards.ca\/fr\/wp-json\/wp\/v2\/products\/1704\/revisions"}],"predecessor-version":[{"id":7492,"href":"https:\/\/carltoncards.ca\/fr\/wp-json\/wp\/v2\/products\/1704\/revisions\/7492"}],"wp:featuredmedia":[{"embeddable":true,"href":"https:\/\/carltoncards.ca\/fr\/wp-json\/wp\/v2\/media\/1840"}],"wp:attachment":[{"href":"https:\/\/carltoncards.ca\/fr\/wp-json\/wp\/v2\/media?parent=1704"}],"curies":[{"name":"wp","href":"https:\/\/api.w.org\/{rel}","templated":true}]}}