{"id":1702,"date":"2022-04-26T12:27:20","date_gmt":"2022-04-26T16:27:20","guid":{"rendered":"https:\/\/corporate.americangreetings.com\/?post_type=product&#038;p=1702"},"modified":"2025-09-18T14:36:37","modified_gmt":"2025-09-18T18:36:37","slug":"party-supplies","status":"publish","type":"product","link":"https:\/\/carltoncards.ca\/fr\/products\/party-supplies\/","title":{"rendered":"Fournitures de r\u00e9ception"},"content":{"rendered":"<div class=\"wp-block-cover alignfull is-light is-style-card-right\" style=\"min-height:100vh;aspect-ratio:unset;\"><img loading=\"lazy\" decoding=\"async\" width=\"2400\" height=\"1350\" class=\"wp-block-cover__image-background wp-image-6347\" alt=\"\" src=\"https:\/\/carltoncards.ca\/wp-content\/uploads\/sites\/2\/2022\/04\/Party-2400x1350-1.jpg\" data-object-fit=\"cover\" srcset=\"https:\/\/carltoncards.ca\/wp-content\/uploads\/sites\/2\/2022\/04\/Party-2400x1350-1.jpg 2400w, https:\/\/carltoncards.ca\/wp-content\/uploads\/sites\/2\/2022\/04\/Party-2400x1350-1.jpg?resize=300,169 300w, https:\/\/carltoncards.ca\/wp-content\/uploads\/sites\/2\/2022\/04\/Party-2400x1350-1.jpg?resize=768,432 768w, https:\/\/carltoncards.ca\/wp-content\/uploads\/sites\/2\/2022\/04\/Party-2400x1350-1.jpg?resize=1024,576 1024w, https:\/\/carltoncards.ca\/wp-content\/uploads\/sites\/2\/2022\/04\/Party-2400x1350-1.jpg?resize=1536,864 1536w, https:\/\/carltoncards.ca\/wp-content\/uploads\/sites\/2\/2022\/04\/Party-2400x1350-1.jpg?resize=2048,1152 2048w, https:\/\/carltoncards.ca\/wp-content\/uploads\/sites\/2\/2022\/04\/Party-2400x1350-1.jpg?resize=18,10 18w\" sizes=\"auto, (max-width: 2400px) 100vw, 2400px\" \/><span aria-hidden=\"true\" class=\"wp-block-cover__background has-brand-background-color has-background-dim-0 has-background-dim\"><\/span><div class=\"wp-block-cover__inner-container is-layout-flow wp-block-cover-is-layout-flow\"><h1 style=\"text-transform:uppercase;\" class=\"wp-block-post-title has-text-color has-brand-color has-h-6-font-size\">Fournitures de r\u00e9ception<\/h1>\n\n\n<h2 class=\"wp-block-heading has-foreground-color has-text-color has-h-4-font-size\">Des assiettes, des tasses, des serviettes, des banni\u00e8res, des g\u00e2teaux d'anniversaire, des confettis et des ballons pr\u00eats \u00e0 l'emploi facilitent l'organisation de la f\u00eate parfaite.<\/h2>\n<\/div><\/div>\n\n\n\n<div class=\"wp-block-columns are-vertically-aligned-top is-layout-flex wp-container-core-columns-is-layout-d7a87397 wp-block-columns-is-layout-flex\" style=\"padding-top:6rem;padding-bottom:6rem\">\n<div class=\"wp-block-column is-vertically-aligned-top is-layout-flow wp-block-column-is-layout-flow\" style=\"flex-basis:33.33%\">\n<h2 class=\"wp-block-heading has-h-5-font-size\"><a href=\"https:\/\/carltoncards.ca\/fr\/products\/\">Produits<\/a><\/h2>\n\n\n\n<hr class=\"wp-block-separator has-text-color has-foreground-color has-css-opacity has-foreground-background-color has-background is-style-dots\"\/>\n\n\n<nav class=\"is-vertical is-style-mobile-select wp-block-navigation is-layout-flex wp-container-core-navigation-is-layout-fe9cc265 wp-block-navigation-is-layout-flex\" aria-label=\"Produits\"><ul class=\"wp-block-navigation__container  is-vertical is-style-mobile-select wp-block-navigation\"><li class=\"wp-block-navigation-item wp-block-navigation-link\"><a class=\"wp-block-navigation-item__content\"  href=\"https:\/\/carltoncards.ca\/fr\/products\/greeting-cards\/\"><span class=\"wp-block-navigation-item__label\">Cartes de souhaits<\/span><\/a><\/li><li class=\"wp-block-navigation-item wp-block-navigation-link\"><a class=\"wp-block-navigation-item__content\"  href=\"https:\/\/carltoncards.ca\/products\/digital-greetings\/\"><span class=\"wp-block-navigation-item__label\">Souhaits num\u00e9riques<\/span><\/a><\/li><li class=\"wp-block-navigation-item wp-block-navigation-link\"><a class=\"wp-block-navigation-item__content\"  href=\"https:\/\/carltoncards.ca\/fr\/products\/gift-packaging\/\"><span class=\"wp-block-navigation-item__label\">Emballages-cadeaux<\/span><\/a><\/li><li class=\"wp-block-navigation-item wp-block-navigation-link\"><a class=\"wp-block-navigation-item__content\"  href=\"https:\/\/carltoncards.ca\/fr\/products\/party-supplies\/\"><span class=\"wp-block-navigation-item__label\">Fournitures de r\u00e9ception<\/span><\/a><\/li><li class=\"wp-block-navigation-item wp-block-navigation-link\"><a class=\"wp-block-navigation-item__content\"  href=\"https:\/\/carltoncards.ca\/fr\/products\/stickers-decals\/\"><span class=\"wp-block-navigation-item__label\">Autocollants et d\u00e9calcomanies<\/span><\/a><\/li><li class=\"wp-block-navigation-item wp-block-navigation-link\"><a class=\"wp-block-navigation-item__content\"  href=\"https:\/\/carltoncards.ca\/fr\/products\/stationery\/\"><span class=\"wp-block-navigation-item__label\">Papeterie<\/span><\/a><\/li><li class=\"wp-block-navigation-item wp-block-navigation-link\"><a class=\"wp-block-navigation-item__content\"  href=\"https:\/\/carltoncards.ca\/fr\/products\/plush\/\"><span class=\"wp-block-navigation-item__label\">Peluche<\/span><\/a><\/li><\/ul><\/nav><\/div>\n\n\n\n<div class=\"wp-block-column is-vertically-aligned-top is-layout-flow wp-block-column-is-layout-flow\" style=\"flex-basis:66.66%\">\n<h3 class=\"wp-block-heading has-h-4-font-size\">Fournitures de r\u00e9ception<\/h3>\n\n\n\n<div class=\"wp-block-columns alignwide is-layout-flex wp-container-core-columns-is-layout-28f84493 wp-block-columns-is-layout-flex\">\n<div class=\"wp-block-column is-layout-flow wp-block-column-is-layout-flow\">\n<figure class=\"wp-block-image size-large\"><img loading=\"lazy\" decoding=\"async\" height=\"572\" width=\"1024\" src=\"https:\/\/carltoncards.ca\/wp-content\/uploads\/sites\/2\/2024\/10\/Picture4.png?w=1024\" alt=\"\" class=\"wp-image-6339\" srcset=\"https:\/\/carltoncards.ca\/wp-content\/uploads\/sites\/2\/2024\/10\/Picture4.png 4427w, https:\/\/carltoncards.ca\/wp-content\/uploads\/sites\/2\/2024\/10\/Picture4.png?resize=300,168 300w, https:\/\/carltoncards.ca\/wp-content\/uploads\/sites\/2\/2024\/10\/Picture4.png?resize=768,429 768w, https:\/\/carltoncards.ca\/wp-content\/uploads\/sites\/2\/2024\/10\/Picture4.png?resize=1024,572 1024w, https:\/\/carltoncards.ca\/wp-content\/uploads\/sites\/2\/2024\/10\/Picture4.png?resize=1536,859 1536w, https:\/\/carltoncards.ca\/wp-content\/uploads\/sites\/2\/2024\/10\/Picture4.png?resize=2048,1145 2048w, https:\/\/carltoncards.ca\/wp-content\/uploads\/sites\/2\/2024\/10\/Picture4.png?resize=18,10 18w\" sizes=\"auto, (max-width: 1024px) 100vw, 1024px\" \/><\/figure>\n\n\n\n<h5 class=\"wp-block-heading\">Articles de table saisonniers et courants<\/h5>\n\n\n\n<p>Cr\u00e9er une f\u00eate m\u00e9morable est facile gr\u00e2ce \u00e0 notre vaste collection d'articles de table. Utilisez nos collections pour planifier les f\u00eates de fin d'ann\u00e9e, un \u00e9v\u00e9nement sp\u00e9cial ou pour agr\u00e9menter une r\u00e9union informelle.<\/p>\n<\/div>\n\n\n\n<div class=\"wp-block-column is-layout-flow wp-block-column-is-layout-flow\">\n<figure class=\"wp-block-image size-large\"><img loading=\"lazy\" decoding=\"async\" height=\"576\" width=\"1024\" src=\"https:\/\/carltoncards.ca\/wp-content\/uploads\/sites\/2\/2022\/04\/tissue-1280.jpg?w=1024\" alt=\"Tissue\" class=\"wp-image-2307\" srcset=\"https:\/\/carltoncards.ca\/wp-content\/uploads\/sites\/2\/2022\/04\/tissue-1280.jpg 1280w, https:\/\/carltoncards.ca\/wp-content\/uploads\/sites\/2\/2022\/04\/tissue-1280.jpg?resize=300,169 300w, https:\/\/carltoncards.ca\/wp-content\/uploads\/sites\/2\/2022\/04\/tissue-1280.jpg?resize=768,432 768w, https:\/\/carltoncards.ca\/wp-content\/uploads\/sites\/2\/2022\/04\/tissue-1280.jpg?resize=1024,576 1024w, https:\/\/carltoncards.ca\/wp-content\/uploads\/sites\/2\/2022\/04\/tissue-1280.jpg?resize=18,10 18w\" sizes=\"auto, (max-width: 1024px) 100vw, 1024px\" \/><\/figure>\n\n\n\n<h5 class=\"wp-block-heading\">D\u00e9corations<\/h5>\n\n\n\n<p class=\"has-text-align-left\">Make every party picture-perfect with celebratory must-haves like balloons, banners, and candles. Add festive flair with our innovative cake stands.<\/p>\n<\/div>\n<\/div>\n\n\n\n<div class=\"wp-block-columns is-layout-flex wp-container-core-columns-is-layout-28f84493 wp-block-columns-is-layout-flex\">\n<div class=\"wp-block-column is-layout-flow wp-block-column-is-layout-flow\">\n<figure class=\"wp-block-image size-large\"><img loading=\"lazy\" decoding=\"async\" height=\"576\" width=\"1024\" src=\"https:\/\/carltoncards.ca\/wp-content\/uploads\/sites\/2\/2022\/04\/Flowers-5528x3110-1.jpg?w=1024\" alt=\"\" class=\"wp-image-6369\" srcset=\"https:\/\/carltoncards.ca\/wp-content\/uploads\/sites\/2\/2022\/04\/Flowers-5528x3110-1.jpg 5528w, https:\/\/carltoncards.ca\/wp-content\/uploads\/sites\/2\/2022\/04\/Flowers-5528x3110-1.jpg?resize=300,169 300w, https:\/\/carltoncards.ca\/wp-content\/uploads\/sites\/2\/2022\/04\/Flowers-5528x3110-1.jpg?resize=768,432 768w, https:\/\/carltoncards.ca\/wp-content\/uploads\/sites\/2\/2022\/04\/Flowers-5528x3110-1.jpg?resize=1024,576 1024w, https:\/\/carltoncards.ca\/wp-content\/uploads\/sites\/2\/2022\/04\/Flowers-5528x3110-1.jpg?resize=1536,864 1536w, https:\/\/carltoncards.ca\/wp-content\/uploads\/sites\/2\/2022\/04\/Flowers-5528x3110-1.jpg?resize=2048,1152 2048w, https:\/\/carltoncards.ca\/wp-content\/uploads\/sites\/2\/2022\/04\/Flowers-5528x3110-1.jpg?resize=18,10 18w\" sizes=\"auto, (max-width: 1024px) 100vw, 1024px\" \/><\/figure>\n\n\n\n<h5 class=\"wp-block-heading\">Articles sp\u00e9cialis\u00e9s<\/h5>\n\n\n\n<p>Elevate your celebrations with our specialty party products! Enhance gifts with charming bottle toppers, elevate bouquets with stylish bouquet bags, and add a touch of seasonal magic with our adorable array of plush items.<\/p>\n<\/div>\n\n\n\n<div class=\"wp-block-column is-layout-flow wp-block-column-is-layout-flow\">\n<figure class=\"wp-block-image size-large\"><img loading=\"lazy\" decoding=\"async\" height=\"576\" width=\"1024\" src=\"https:\/\/carltoncards.ca\/wp-content\/uploads\/sites\/2\/2022\/08\/FR_Party-Goods_Tile.jpeg\" alt=\"\" class=\"wp-image-2981\" srcset=\"https:\/\/carltoncards.ca\/wp-content\/uploads\/sites\/2\/2022\/08\/FR_Party-Goods_Tile.jpeg 2560w, https:\/\/carltoncards.ca\/wp-content\/uploads\/sites\/2\/2022\/08\/FR_Party-Goods_Tile.jpeg?resize=300,169 300w, https:\/\/carltoncards.ca\/wp-content\/uploads\/sites\/2\/2022\/08\/FR_Party-Goods_Tile.jpeg?resize=768,432 768w, https:\/\/carltoncards.ca\/wp-content\/uploads\/sites\/2\/2022\/08\/FR_Party-Goods_Tile.jpeg?resize=1024,576 1024w, https:\/\/carltoncards.ca\/wp-content\/uploads\/sites\/2\/2022\/08\/FR_Party-Goods_Tile.jpeg?resize=1536,864 1536w, https:\/\/carltoncards.ca\/wp-content\/uploads\/sites\/2\/2022\/08\/FR_Party-Goods_Tile.jpeg?resize=2048,1152 2048w, https:\/\/carltoncards.ca\/wp-content\/uploads\/sites\/2\/2022\/08\/FR_Party-Goods_Tile.jpeg?resize=18,10 18w\" sizes=\"auto, (max-width: 1024px) 100vw, 1024px\" \/><\/figure>\n\n\n\n<h5 class=\"wp-block-heading\">Cotillons<\/h5>\n\n\n\n<p>Ajoutez une touche interactive \u00e0 votre prochaine f\u00eate ou \u00e0 votre prochain \u00e9v\u00e9nement avec des sacs de friandises amusants et festifs, des articles \u00e0 porter, des accessoires photo et bien plus encore.<\/p>\n<\/div>\n<\/div>\n<\/div>\n<\/div>\n\n\n\n<p><\/p>","protected":false},"excerpt":{"rendered":"<p>Des assiettes, des tasses, des serviettes, des banni\u00e8res, des g\u00e2teaux d'anniversaire, des confettis et des ballons pr\u00eats \u00e0 l'emploi facilitent l'organisation de la f\u00eate parfaite.<\/p>","protected":false},"featured_media":6339,"parent":0,"menu_order":0,"template":"","meta":{"footnotes":""},"class_list":["post-1702","product","type-product","status-publish","has-post-thumbnail","hentry"],"yoast_head":"<!-- This site is optimized with the Yoast SEO plugin v23.2 - https:\/\/yoast.com\/wordpress\/plugins\/seo\/ -->\n<title>Party Supplies - Carlton Cards<\/title>\n<meta name=\"description\" content=\"Explore Carlton Cards party supplies, including party-ready plates, cups, napkins, banners, and other party supplies.\" \/>\n<meta name=\"robots\" content=\"index, follow, max-snippet:-1, max-image-preview:large, max-video-preview:-1\" \/>\n<link rel=\"canonical\" href=\"https:\/\/carltoncards.ca\/fr\/products\/party-supplies\/\" \/>\n<meta property=\"og:locale\" content=\"fr_CA\" \/>\n<meta property=\"og:type\" content=\"article\" \/>\n<meta property=\"og:title\" content=\"Party Supplies - Carlton Cards\" \/>\n<meta property=\"og:description\" content=\"Explore Carlton Cards party supplies, including party-ready plates, cups, napkins, banners, and other party supplies.\" \/>\n<meta property=\"og:url\" content=\"https:\/\/carltoncards.ca\/fr\/products\/party-supplies\/\" \/>\n<meta property=\"og:site_name\" content=\"Carlton Cards\" \/>\n<meta property=\"article:modified_time\" content=\"2025-09-18T18:36:37+00:00\" \/>\n<meta name=\"twitter:card\" content=\"summary_large_image\" \/>\n<meta name=\"twitter:image\" content=\"https:\/\/carltoncards.ca\/wp-content\/uploads\/sites\/2\/2024\/10\/Picture4.png\" \/>\n<meta name=\"twitter:label1\" content=\"Est. reading time\" \/>\n\t<meta name=\"twitter:data1\" content=\"2 minutes\" \/>\n<script type=\"application\/ld+json\" class=\"yoast-schema-graph\">{\"@context\":\"https:\/\/schema.org\",\"@graph\":[{\"@type\":\"WebPage\",\"@id\":\"https:\/\/carltoncards.ca\/products\/party-supplies\/\",\"url\":\"https:\/\/carltoncards.ca\/products\/party-supplies\/\",\"name\":\"Party Supplies - Carlton Cards\",\"isPartOf\":{\"@id\":\"https:\/\/carltoncards.ca\/#website\"},\"primaryImageOfPage\":{\"@id\":\"https:\/\/carltoncards.ca\/products\/party-supplies\/#primaryimage\"},\"image\":{\"@id\":\"https:\/\/carltoncards.ca\/products\/party-supplies\/#primaryimage\"},\"thumbnailUrl\":\"https:\/\/carltoncards.ca\/wp-content\/uploads\/sites\/2\/2024\/10\/Picture4.png\",\"datePublished\":\"2022-04-26T16:27:20+00:00\",\"dateModified\":\"2025-09-18T18:36:37+00:00\",\"description\":\"Explore Carlton Cards party supplies, including party-ready plates, cups, napkins, banners, and other party supplies.\",\"breadcrumb\":{\"@id\":\"https:\/\/carltoncards.ca\/products\/party-supplies\/#breadcrumb\"},\"inLanguage\":\"fr-CA\",\"potentialAction\":[{\"@type\":\"ReadAction\",\"target\":[\"https:\/\/carltoncards.ca\/products\/party-supplies\/\"]}]},{\"@type\":\"ImageObject\",\"inLanguage\":\"fr-CA\",\"@id\":\"https:\/\/carltoncards.ca\/products\/party-supplies\/#primaryimage\",\"url\":\"https:\/\/carltoncards.ca\/wp-content\/uploads\/sites\/2\/2024\/10\/Picture4.png\",\"contentUrl\":\"https:\/\/carltoncards.ca\/wp-content\/uploads\/sites\/2\/2024\/10\/Picture4.png\",\"width\":4427,\"height\":2475},{\"@type\":\"BreadcrumbList\",\"@id\":\"https:\/\/carltoncards.ca\/products\/party-supplies\/#breadcrumb\",\"itemListElement\":[{\"@type\":\"ListItem\",\"position\":1,\"name\":\"Home\",\"item\":\"https:\/\/carltoncards.ca\/\"},{\"@type\":\"ListItem\",\"position\":2,\"name\":\"Party Supplies\"}]},{\"@type\":\"WebSite\",\"@id\":\"https:\/\/carltoncards.ca\/#website\",\"url\":\"https:\/\/carltoncards.ca\/\",\"name\":\"Carlton Cards\",\"description\":\"\",\"publisher\":{\"@id\":\"https:\/\/carltoncards.ca\/#organization\"},\"potentialAction\":[{\"@type\":\"SearchAction\",\"target\":{\"@type\":\"EntryPoint\",\"urlTemplate\":\"https:\/\/carltoncards.ca\/?s={search_term_string}\"},\"query-input\":\"required name=search_term_string\"}],\"inLanguage\":\"fr-CA\"},{\"@type\":\"Organization\",\"@id\":\"https:\/\/carltoncards.ca\/#organization\",\"name\":\"Carlton Cards\",\"url\":\"https:\/\/carltoncards.ca\/\",\"logo\":{\"@type\":\"ImageObject\",\"inLanguage\":\"fr-CA\",\"@id\":\"https:\/\/carltoncards.ca\/#\/schema\/logo\/image\/\",\"url\":\"https:\/\/carltoncards.ca\/wp-content\/uploads\/sites\/2\/2022\/08\/carlton-logo-2.png\",\"contentUrl\":\"https:\/\/carltoncards.ca\/wp-content\/uploads\/sites\/2\/2022\/08\/carlton-logo-2.png\",\"width\":1522,\"height\":422,\"caption\":\"Carlton Cards\"},\"image\":{\"@id\":\"https:\/\/carltoncards.ca\/#\/schema\/logo\/image\/\"}}]}<\/script>\n<!-- \/ Yoast SEO plugin. -->","yoast_head_json":{"title":"Party Supplies - Carlton Cards","description":"Explore Carlton Cards party supplies, including party-ready plates, cups, napkins, banners, and other party supplies.","robots":{"index":"index","follow":"follow","max-snippet":"max-snippet:-1","max-image-preview":"max-image-preview:large","max-video-preview":"max-video-preview:-1"},"canonical":"https:\/\/carltoncards.ca\/fr\/products\/party-supplies\/","og_locale":"fr_CA","og_type":"article","og_title":"Party Supplies - Carlton Cards","og_description":"Explore Carlton Cards party supplies, including party-ready plates, cups, napkins, banners, and other party supplies.","og_url":"https:\/\/carltoncards.ca\/fr\/products\/party-supplies\/","og_site_name":"Carlton Cards","article_modified_time":"2025-09-18T18:36:37+00:00","twitter_card":"summary_large_image","twitter_image":"https:\/\/carltoncards.ca\/wp-content\/uploads\/sites\/2\/2024\/10\/Picture4.png","twitter_misc":{"Est. reading time":"2 minutes"},"schema":{"@context":"https:\/\/schema.org","@graph":[{"@type":"WebPage","@id":"https:\/\/carltoncards.ca\/products\/party-supplies\/","url":"https:\/\/carltoncards.ca\/products\/party-supplies\/","name":"Party Supplies - Carlton Cards","isPartOf":{"@id":"https:\/\/carltoncards.ca\/#website"},"primaryImageOfPage":{"@id":"https:\/\/carltoncards.ca\/products\/party-supplies\/#primaryimage"},"image":{"@id":"https:\/\/carltoncards.ca\/products\/party-supplies\/#primaryimage"},"thumbnailUrl":"https:\/\/carltoncards.ca\/wp-content\/uploads\/sites\/2\/2024\/10\/Picture4.png","datePublished":"2022-04-26T16:27:20+00:00","dateModified":"2025-09-18T18:36:37+00:00","description":"Explore Carlton Cards party supplies, including party-ready plates, cups, napkins, banners, and other party supplies.","breadcrumb":{"@id":"https:\/\/carltoncards.ca\/products\/party-supplies\/#breadcrumb"},"inLanguage":"fr-CA","potentialAction":[{"@type":"ReadAction","target":["https:\/\/carltoncards.ca\/products\/party-supplies\/"]}]},{"@type":"ImageObject","inLanguage":"fr-CA","@id":"https:\/\/carltoncards.ca\/products\/party-supplies\/#primaryimage","url":"https:\/\/carltoncards.ca\/wp-content\/uploads\/sites\/2\/2024\/10\/Picture4.png","contentUrl":"https:\/\/carltoncards.ca\/wp-content\/uploads\/sites\/2\/2024\/10\/Picture4.png","width":4427,"height":2475},{"@type":"BreadcrumbList","@id":"https:\/\/carltoncards.ca\/products\/party-supplies\/#breadcrumb","itemListElement":[{"@type":"ListItem","position":1,"name":"Home","item":"https:\/\/carltoncards.ca\/"},{"@type":"ListItem","position":2,"name":"Party Supplies"}]},{"@type":"WebSite","@id":"https:\/\/carltoncards.ca\/#website","url":"https:\/\/carltoncards.ca\/","name":"Carlton Cards","description":"","publisher":{"@id":"https:\/\/carltoncards.ca\/#organization"},"potentialAction":[{"@type":"SearchAction","target":{"@type":"EntryPoint","urlTemplate":"https:\/\/carltoncards.ca\/?s={search_term_string}"},"query-input":"required name=search_term_string"}],"inLanguage":"fr-CA"},{"@type":"Organization","@id":"https:\/\/carltoncards.ca\/#organization","name":"Carlton Cards","url":"https:\/\/carltoncards.ca\/","logo":{"@type":"ImageObject","inLanguage":"fr-CA","@id":"https:\/\/carltoncards.ca\/#\/schema\/logo\/image\/","url":"https:\/\/carltoncards.ca\/wp-content\/uploads\/sites\/2\/2022\/08\/carlton-logo-2.png","contentUrl":"https:\/\/carltoncards.ca\/wp-content\/uploads\/sites\/2\/2022\/08\/carlton-logo-2.png","width":1522,"height":422,"caption":"Carlton Cards"},"image":{"@id":"https:\/\/carltoncards.ca\/#\/schema\/logo\/image\/"}}]}},"jetpack_sharing_enabled":true,"_links":{"self":[{"href":"https:\/\/carltoncards.ca\/fr\/wp-json\/wp\/v2\/products\/1702","targetHints":{"allow":["GET"]}}],"collection":[{"href":"https:\/\/carltoncards.ca\/fr\/wp-json\/wp\/v2\/products"}],"about":[{"href":"https:\/\/carltoncards.ca\/fr\/wp-json\/wp\/v2\/types\/product"}],"version-history":[{"count":8,"href":"https:\/\/carltoncards.ca\/fr\/wp-json\/wp\/v2\/products\/1702\/revisions"}],"predecessor-version":[{"id":7838,"href":"https:\/\/carltoncards.ca\/fr\/wp-json\/wp\/v2\/products\/1702\/revisions\/7838"}],"wp:featuredmedia":[{"embeddable":true,"href":"https:\/\/carltoncards.ca\/fr\/wp-json\/wp\/v2\/media\/6339"}],"wp:attachment":[{"href":"https:\/\/carltoncards.ca\/fr\/wp-json\/wp\/v2\/media?parent=1702"}],"curies":[{"name":"wp","href":"https:\/\/api.w.org\/{rel}","templated":true}]}}