{"id":1700,"date":"2022-04-26T12:27:01","date_gmt":"2022-04-26T16:27:01","guid":{"rendered":"https:\/\/corporate.americangreetings.com\/?post_type=product&#038;p=1700"},"modified":"2025-06-18T10:49:16","modified_gmt":"2025-06-18T14:49:16","slug":"gift-packaging","status":"publish","type":"product","link":"https:\/\/carltoncards.ca\/fr\/products\/gift-packaging\/","title":{"rendered":"Emballages-cadeaux"},"content":{"rendered":"<div class=\"wp-block-cover alignfull is-light is-style-card-right\" style=\"min-height:100vh;aspect-ratio:unset;\"><span aria-hidden=\"true\" class=\"wp-block-cover__background has-brand-background-color has-background-dim-0 has-background-dim\"><\/span><img loading=\"lazy\" decoding=\"async\" width=\"2400\" height=\"1600\" class=\"wp-block-cover__image-background wp-image-3032\" alt=\"\" src=\"https:\/\/carltoncards.ca\/wp-content\/uploads\/sites\/2\/2022\/08\/6ef015c4-cd74-4563-8e92-bfefe0fc0004.jpeg\" data-object-fit=\"cover\" srcset=\"https:\/\/carltoncards.ca\/wp-content\/uploads\/sites\/2\/2022\/08\/6ef015c4-cd74-4563-8e92-bfefe0fc0004.jpeg 2400w, https:\/\/carltoncards.ca\/wp-content\/uploads\/sites\/2\/2022\/08\/6ef015c4-cd74-4563-8e92-bfefe0fc0004.jpeg?resize=300,200 300w, https:\/\/carltoncards.ca\/wp-content\/uploads\/sites\/2\/2022\/08\/6ef015c4-cd74-4563-8e92-bfefe0fc0004.jpeg?resize=768,512 768w, https:\/\/carltoncards.ca\/wp-content\/uploads\/sites\/2\/2022\/08\/6ef015c4-cd74-4563-8e92-bfefe0fc0004.jpeg?resize=1024,683 1024w, https:\/\/carltoncards.ca\/wp-content\/uploads\/sites\/2\/2022\/08\/6ef015c4-cd74-4563-8e92-bfefe0fc0004.jpeg?resize=1536,1024 1536w, https:\/\/carltoncards.ca\/wp-content\/uploads\/sites\/2\/2022\/08\/6ef015c4-cd74-4563-8e92-bfefe0fc0004.jpeg?resize=2048,1365 2048w, https:\/\/carltoncards.ca\/wp-content\/uploads\/sites\/2\/2022\/08\/6ef015c4-cd74-4563-8e92-bfefe0fc0004.jpeg?resize=18,12 18w\" sizes=\"auto, (max-width: 2400px) 100vw, 2400px\" \/><div class=\"wp-block-cover__inner-container is-layout-flow wp-block-cover-is-layout-flow\"><h1 style=\"text-transform:uppercase;\" class=\"wp-block-post-title has-text-color has-brand-color has-h-6-font-size\">Emballages-cadeaux<\/h1>\n\n\n<h2 class=\"wp-block-heading has-foreground-color has-text-color has-h-4-font-size\">De superbes papiers cadeaux, des sacs-cadeaux tendance, du papier de soie sp\u00e9cialis\u00e9, des rubans uniques et de magnifiques choux transforment tout cadeau en une pr\u00e9sentation.<\/h2>\n<\/div><\/div>\n\n\n\n<div class=\"wp-block-columns are-vertically-aligned-top is-layout-flex wp-container-core-columns-is-layout-d7a87397 wp-block-columns-is-layout-flex\" style=\"padding-top:6rem;padding-bottom:6rem\">\n<div class=\"wp-block-column is-vertically-aligned-top is-layout-flow wp-block-column-is-layout-flow\" style=\"flex-basis:33.33%\">\n<h2 class=\"wp-block-heading has-h-5-font-size\"><a href=\"https:\/\/carltoncards.ca\/fr\/products\/\">Produits<\/a><\/h2>\n\n\n\n<hr class=\"wp-block-separator has-text-color has-foreground-color has-css-opacity has-foreground-background-color has-background is-style-dots\"\/>\n\n\n<nav class=\"is-vertical is-style-mobile-select wp-block-navigation is-layout-flex wp-container-core-navigation-is-layout-fe9cc265 wp-block-navigation-is-layout-flex\" aria-label=\"Produits\"><ul class=\"wp-block-navigation__container  is-vertical is-style-mobile-select wp-block-navigation\"><li class=\"wp-block-navigation-item wp-block-navigation-link\"><a class=\"wp-block-navigation-item__content\"  href=\"https:\/\/carltoncards.ca\/fr\/products\/greeting-cards\/\"><span class=\"wp-block-navigation-item__label\">Cartes de souhaits<\/span><\/a><\/li><li class=\"wp-block-navigation-item wp-block-navigation-link\"><a class=\"wp-block-navigation-item__content\"  href=\"https:\/\/carltoncards.ca\/products\/digital-greetings\/\"><span class=\"wp-block-navigation-item__label\">Souhaits num\u00e9riques<\/span><\/a><\/li><li class=\"wp-block-navigation-item wp-block-navigation-link\"><a class=\"wp-block-navigation-item__content\"  href=\"https:\/\/carltoncards.ca\/fr\/products\/gift-packaging\/\"><span class=\"wp-block-navigation-item__label\">Emballages-cadeaux<\/span><\/a><\/li><li class=\"wp-block-navigation-item wp-block-navigation-link\"><a class=\"wp-block-navigation-item__content\"  href=\"https:\/\/carltoncards.ca\/fr\/products\/party-supplies\/\"><span class=\"wp-block-navigation-item__label\">Fournitures de r\u00e9ception<\/span><\/a><\/li><li class=\"wp-block-navigation-item wp-block-navigation-link\"><a class=\"wp-block-navigation-item__content\"  href=\"https:\/\/carltoncards.ca\/fr\/products\/stickers-decals\/\"><span class=\"wp-block-navigation-item__label\">Autocollants et d\u00e9calcomanies<\/span><\/a><\/li><li class=\"wp-block-navigation-item wp-block-navigation-link\"><a class=\"wp-block-navigation-item__content\"  href=\"https:\/\/carltoncards.ca\/fr\/products\/stationery\/\"><span class=\"wp-block-navigation-item__label\">Papeterie<\/span><\/a><\/li><li class=\"wp-block-navigation-item wp-block-navigation-link\"><a class=\"wp-block-navigation-item__content\"  href=\"https:\/\/carltoncards.ca\/fr\/products\/plush\/\"><span class=\"wp-block-navigation-item__label\">Peluche<\/span><\/a><\/li><\/ul><\/nav><\/div>\n\n\n\n<div class=\"wp-block-column is-vertically-aligned-top is-layout-flow wp-block-column-is-layout-flow\" style=\"flex-basis:66.66%\">\n<h4 class=\"wp-block-heading has-h-4-font-size\">Emballages-cadeaux<\/h4>\n\n\n\n<div class=\"wp-block-columns alignwide is-layout-flex wp-container-core-columns-is-layout-28f84493 wp-block-columns-is-layout-flex\">\n<div class=\"wp-block-column is-layout-flow wp-block-column-is-layout-flow\">\n<figure class=\"wp-block-image size-large\"><img loading=\"lazy\" decoding=\"async\" height=\"576\" width=\"1024\" src=\"https:\/\/carltoncards.ca\/wp-content\/uploads\/sites\/2\/2022\/08\/cf05b978-6bd8-46b6-9bb6-47a511f44a1d.jpeg\" alt=\"Gift Bags\" class=\"wp-image-2304\" srcset=\"https:\/\/carltoncards.ca\/wp-content\/uploads\/sites\/2\/2022\/08\/cf05b978-6bd8-46b6-9bb6-47a511f44a1d.jpeg 2400w, https:\/\/carltoncards.ca\/wp-content\/uploads\/sites\/2\/2022\/08\/cf05b978-6bd8-46b6-9bb6-47a511f44a1d.jpeg?resize=300,169 300w, https:\/\/carltoncards.ca\/wp-content\/uploads\/sites\/2\/2022\/08\/cf05b978-6bd8-46b6-9bb6-47a511f44a1d.jpeg?resize=768,432 768w, https:\/\/carltoncards.ca\/wp-content\/uploads\/sites\/2\/2022\/08\/cf05b978-6bd8-46b6-9bb6-47a511f44a1d.jpeg?resize=1024,576 1024w, https:\/\/carltoncards.ca\/wp-content\/uploads\/sites\/2\/2022\/08\/cf05b978-6bd8-46b6-9bb6-47a511f44a1d.jpeg?resize=1536,864 1536w, https:\/\/carltoncards.ca\/wp-content\/uploads\/sites\/2\/2022\/08\/cf05b978-6bd8-46b6-9bb6-47a511f44a1d.jpeg?resize=2048,1152 2048w, https:\/\/carltoncards.ca\/wp-content\/uploads\/sites\/2\/2022\/08\/cf05b978-6bd8-46b6-9bb6-47a511f44a1d.jpeg?resize=18,10 18w\" sizes=\"auto, (max-width: 1024px) 100vw, 1024px\" \/><\/figure>\n\n\n\n<h5 class=\"wp-block-heading\">Sacs-cadeaux<\/h5>\n\n\n\n<p>Transformez n'importe quel cadeau en une pr\u00e9sentation avec notre large assortiment de sacs-cadeaux. Nos motifs tendance se d\u00e9clinent en plusieurs formes et tailles et sont disponibles pour toutes vos f\u00eates et occasions pr\u00e9f\u00e9r\u00e9es. Vous voulez emballer quelque chose d'unique? Essayez nos sacs \u00e0 boissons et \u00e0 vin, nos sacs pour panier-cadeau, nos sacs en cellophane TTG pour les gros cadeaux, ou nos sacs d\u00e9pliants Moments Magiques.<\/p>\n<\/div>\n\n\n\n<div class=\"wp-block-column is-layout-flow wp-block-column-is-layout-flow\">\n<figure class=\"wp-block-image size-large\"><img loading=\"lazy\" decoding=\"async\" height=\"576\" width=\"1024\" src=\"https:\/\/carltoncards.ca\/wp-content\/uploads\/sites\/2\/2022\/04\/wrapping-paper.jpg?w=1024\" alt=\"Wrapping Paper\" class=\"wp-image-2305\" srcset=\"https:\/\/carltoncards.ca\/wp-content\/uploads\/sites\/2\/2022\/04\/wrapping-paper.jpg 1280w, https:\/\/carltoncards.ca\/wp-content\/uploads\/sites\/2\/2022\/04\/wrapping-paper.jpg?resize=300,169 300w, https:\/\/carltoncards.ca\/wp-content\/uploads\/sites\/2\/2022\/04\/wrapping-paper.jpg?resize=768,432 768w, https:\/\/carltoncards.ca\/wp-content\/uploads\/sites\/2\/2022\/04\/wrapping-paper.jpg?resize=1024,576 1024w, https:\/\/carltoncards.ca\/wp-content\/uploads\/sites\/2\/2022\/04\/wrapping-paper.jpg?resize=18,10 18w\" sizes=\"auto, (max-width: 1024px) 100vw, 1024px\" \/><\/figure>\n\n\n\n<h5 class=\"wp-block-heading\">Papier d'emballage<\/h5>\n\n\n\n<p>Il n'y a rien de mieux que d'ouvrir un cadeau joliment emball\u00e9. Notre vaste collection d'emballages cadeaux comprend \u00e0 la fois des rouleaux simples et multiples, une large gamme de styles de design, y compris les enfants, les tendances et les motifs haut de gamme - et pour toutes vos f\u00eates et occasions pr\u00e9f\u00e9r\u00e9es. Vous cherchez quelque chose de plus innovant ? Essayez notre film cellophane, holographique, aluminium ou r\u00e9versible.<\/p>\n<\/div>\n<\/div>\n\n\n\n<div class=\"wp-block-columns alignwide is-layout-flex wp-container-core-columns-is-layout-28f84493 wp-block-columns-is-layout-flex\">\n<div class=\"wp-block-column is-layout-flow wp-block-column-is-layout-flow\">\n<figure class=\"wp-block-image size-large\"><img loading=\"lazy\" decoding=\"async\" height=\"576\" width=\"1024\" src=\"https:\/\/carltoncards.ca\/wp-content\/uploads\/sites\/2\/2022\/04\/tissue-1280.jpg?w=1024\" alt=\"Tissue\" class=\"wp-image-2307\" srcset=\"https:\/\/carltoncards.ca\/wp-content\/uploads\/sites\/2\/2022\/04\/tissue-1280.jpg 1280w, https:\/\/carltoncards.ca\/wp-content\/uploads\/sites\/2\/2022\/04\/tissue-1280.jpg?resize=300,169 300w, https:\/\/carltoncards.ca\/wp-content\/uploads\/sites\/2\/2022\/04\/tissue-1280.jpg?resize=768,432 768w, https:\/\/carltoncards.ca\/wp-content\/uploads\/sites\/2\/2022\/04\/tissue-1280.jpg?resize=1024,576 1024w, https:\/\/carltoncards.ca\/wp-content\/uploads\/sites\/2\/2022\/04\/tissue-1280.jpg?resize=18,10 18w\" sizes=\"auto, (max-width: 1024px) 100vw, 1024px\" \/><\/figure>\n\n\n\n<h5 class=\"wp-block-heading\">Papier de soie<\/h5>\n\n\n\n<p>Commencez la f\u00eate avec notre collection color\u00e9e et innovante de papier de soie. Nous proposons une large gamme de couleurs modernes, d'imprim\u00e9s, d'unis, de pierres scintillantes et de perles qui sont parfaits pour toutes les f\u00eates et occasions. Avec des options d'emballage simple, multiple ou en vrac, il n'a jamais \u00e9t\u00e9 aussi amusant d'accentuer un beau sac-cadeau, de garnir une bo\u00eete-cadeau, de cr\u00e9er un d\u00e9cor de f\u00eate ou de faire de l'artisanat en papier.<\/p>\n<\/div>\n\n\n\n<div class=\"wp-block-column is-layout-flow wp-block-column-is-layout-flow\">\n<figure class=\"wp-block-image size-large\"><img loading=\"lazy\" decoding=\"async\" height=\"576\" width=\"1024\" src=\"https:\/\/carltoncards.ca\/wp-content\/uploads\/sites\/2\/2022\/04\/giftwrap-1280.jpg?w=1024\" alt=\"Gift Wrap\" class=\"wp-image-2308\" srcset=\"https:\/\/carltoncards.ca\/wp-content\/uploads\/sites\/2\/2022\/04\/giftwrap-1280.jpg 1280w, https:\/\/carltoncards.ca\/wp-content\/uploads\/sites\/2\/2022\/04\/giftwrap-1280.jpg?resize=300,169 300w, https:\/\/carltoncards.ca\/wp-content\/uploads\/sites\/2\/2022\/04\/giftwrap-1280.jpg?resize=768,432 768w, https:\/\/carltoncards.ca\/wp-content\/uploads\/sites\/2\/2022\/04\/giftwrap-1280.jpg?resize=1024,576 1024w, https:\/\/carltoncards.ca\/wp-content\/uploads\/sites\/2\/2022\/04\/giftwrap-1280.jpg?resize=18,10 18w\" sizes=\"auto, (max-width: 1024px) 100vw, 1024px\" \/><\/figure>\n\n\n\n<h5 class=\"wp-block-heading\">D\u00e9coration de paquets<\/h5>\n\n\n\n<p>Ajoutez un peu plus de plaisir \u00e0 n'importe quel cadeau avec notre collection amusante et innovante de d\u00e9corations d'emballage. Notre large gamme de choux, de choux boucl\u00e9s fantaisistes, de rubans \u00e0 un ou plusieurs canaux et de coffrets cadeaux uniques sont parfaits pour toutes les f\u00eates ou toutes les occasions.<\/p>\n<\/div>\n<\/div>\n<\/div>\n<\/div>","protected":false},"excerpt":{"rendered":"<p>De superbes papiers cadeaux, des sacs-cadeaux tendance, du papier de soie sp\u00e9cialis\u00e9, des rubans uniques et de magnifiques choux transforment tout cadeau en une pr\u00e9sentation.<\/p>","protected":false},"featured_media":1753,"parent":0,"menu_order":0,"template":"","meta":{"footnotes":""},"class_list":["post-1700","product","type-product","status-publish","has-post-thumbnail","hentry"],"yoast_head":"<!-- This site is optimized with the Yoast SEO plugin v23.2 - https:\/\/yoast.com\/wordpress\/plugins\/seo\/ -->\n<title>Gift Packaging Products - Carlton Cards<\/title>\n<meta name=\"description\" content=\"View our gift packaging products, including gift wrap, gift bags, tissue paper, ribbons, and bows, which turn any present into a presentation.\" \/>\n<meta name=\"robots\" content=\"index, follow, max-snippet:-1, max-image-preview:large, max-video-preview:-1\" \/>\n<link rel=\"canonical\" href=\"https:\/\/carltoncards.ca\/fr\/products\/gift-packaging\/\" \/>\n<meta property=\"og:locale\" content=\"fr_CA\" \/>\n<meta property=\"og:type\" content=\"article\" \/>\n<meta property=\"og:title\" content=\"Gift Packaging Products - Carlton Cards\" \/>\n<meta property=\"og:description\" content=\"View our gift packaging products, including gift wrap, gift bags, tissue paper, ribbons, and bows, which turn any present into a presentation.\" \/>\n<meta property=\"og:url\" content=\"https:\/\/carltoncards.ca\/fr\/products\/gift-packaging\/\" \/>\n<meta property=\"og:site_name\" content=\"Carlton Cards\" \/>\n<meta property=\"article:modified_time\" content=\"2025-06-18T14:49:16+00:00\" \/>\n<meta property=\"og:image\" content=\"https:\/\/carltoncards.ca\/wp-content\/uploads\/sites\/2\/2022\/04\/gift-packaging.jpg\" \/>\n\t<meta property=\"og:image:width\" content=\"2400\" \/>\n\t<meta property=\"og:image:height\" content=\"1350\" \/>\n\t<meta property=\"og:image:type\" content=\"image\/jpeg\" \/>\n<meta name=\"twitter:card\" content=\"summary_large_image\" \/>\n<meta name=\"twitter:label1\" content=\"Est. reading time\" \/>\n\t<meta name=\"twitter:data1\" content=\"3 minutes\" \/>\n<script type=\"application\/ld+json\" class=\"yoast-schema-graph\">{\"@context\":\"https:\/\/schema.org\",\"@graph\":[{\"@type\":\"WebPage\",\"@id\":\"https:\/\/carltoncards.ca\/products\/gift-packaging\/\",\"url\":\"https:\/\/carltoncards.ca\/products\/gift-packaging\/\",\"name\":\"Gift Packaging Products - Carlton Cards\",\"isPartOf\":{\"@id\":\"https:\/\/carltoncards.ca\/#website\"},\"primaryImageOfPage\":{\"@id\":\"https:\/\/carltoncards.ca\/products\/gift-packaging\/#primaryimage\"},\"image\":{\"@id\":\"https:\/\/carltoncards.ca\/products\/gift-packaging\/#primaryimage\"},\"thumbnailUrl\":\"https:\/\/carltoncards.ca\/wp-content\/uploads\/sites\/2\/2022\/04\/gift-packaging.jpg\",\"datePublished\":\"2022-04-26T16:27:01+00:00\",\"dateModified\":\"2025-06-18T14:49:16+00:00\",\"description\":\"View our gift packaging products, including gift wrap, gift bags, tissue paper, ribbons, and bows, which turn any present into a presentation.\",\"breadcrumb\":{\"@id\":\"https:\/\/carltoncards.ca\/products\/gift-packaging\/#breadcrumb\"},\"inLanguage\":\"fr-CA\",\"potentialAction\":[{\"@type\":\"ReadAction\",\"target\":[\"https:\/\/carltoncards.ca\/products\/gift-packaging\/\"]}]},{\"@type\":\"ImageObject\",\"inLanguage\":\"fr-CA\",\"@id\":\"https:\/\/carltoncards.ca\/products\/gift-packaging\/#primaryimage\",\"url\":\"https:\/\/carltoncards.ca\/wp-content\/uploads\/sites\/2\/2022\/04\/gift-packaging.jpg\",\"contentUrl\":\"https:\/\/carltoncards.ca\/wp-content\/uploads\/sites\/2\/2022\/04\/gift-packaging.jpg\",\"width\":2400,\"height\":1350,\"caption\":\"AG gift bags with accessories\"},{\"@type\":\"BreadcrumbList\",\"@id\":\"https:\/\/carltoncards.ca\/products\/gift-packaging\/#breadcrumb\",\"itemListElement\":[{\"@type\":\"ListItem\",\"position\":1,\"name\":\"Home\",\"item\":\"https:\/\/carltoncards.ca\/\"},{\"@type\":\"ListItem\",\"position\":2,\"name\":\"Gift Packaging\"}]},{\"@type\":\"WebSite\",\"@id\":\"https:\/\/carltoncards.ca\/#website\",\"url\":\"https:\/\/carltoncards.ca\/\",\"name\":\"Carlton Cards\",\"description\":\"\",\"publisher\":{\"@id\":\"https:\/\/carltoncards.ca\/#organization\"},\"potentialAction\":[{\"@type\":\"SearchAction\",\"target\":{\"@type\":\"EntryPoint\",\"urlTemplate\":\"https:\/\/carltoncards.ca\/?s={search_term_string}\"},\"query-input\":\"required name=search_term_string\"}],\"inLanguage\":\"fr-CA\"},{\"@type\":\"Organization\",\"@id\":\"https:\/\/carltoncards.ca\/#organization\",\"name\":\"Carlton Cards\",\"url\":\"https:\/\/carltoncards.ca\/\",\"logo\":{\"@type\":\"ImageObject\",\"inLanguage\":\"fr-CA\",\"@id\":\"https:\/\/carltoncards.ca\/#\/schema\/logo\/image\/\",\"url\":\"https:\/\/carltoncards.ca\/wp-content\/uploads\/sites\/2\/2022\/08\/carlton-logo-2.png\",\"contentUrl\":\"https:\/\/carltoncards.ca\/wp-content\/uploads\/sites\/2\/2022\/08\/carlton-logo-2.png\",\"width\":1522,\"height\":422,\"caption\":\"Carlton Cards\"},\"image\":{\"@id\":\"https:\/\/carltoncards.ca\/#\/schema\/logo\/image\/\"}}]}<\/script>\n<!-- \/ Yoast SEO plugin. -->","yoast_head_json":{"title":"Gift Packaging Products - Carlton Cards","description":"View our gift packaging products, including gift wrap, gift bags, tissue paper, ribbons, and bows, which turn any present into a presentation.","robots":{"index":"index","follow":"follow","max-snippet":"max-snippet:-1","max-image-preview":"max-image-preview:large","max-video-preview":"max-video-preview:-1"},"canonical":"https:\/\/carltoncards.ca\/fr\/products\/gift-packaging\/","og_locale":"fr_CA","og_type":"article","og_title":"Gift Packaging Products - Carlton Cards","og_description":"View our gift packaging products, including gift wrap, gift bags, tissue paper, ribbons, and bows, which turn any present into a presentation.","og_url":"https:\/\/carltoncards.ca\/fr\/products\/gift-packaging\/","og_site_name":"Carlton Cards","article_modified_time":"2025-06-18T14:49:16+00:00","og_image":[{"width":2400,"height":1350,"url":"https:\/\/carltoncards.ca\/wp-content\/uploads\/sites\/2\/2022\/04\/gift-packaging.jpg","type":"image\/jpeg"}],"twitter_card":"summary_large_image","twitter_misc":{"Est. reading time":"3 minutes"},"schema":{"@context":"https:\/\/schema.org","@graph":[{"@type":"WebPage","@id":"https:\/\/carltoncards.ca\/products\/gift-packaging\/","url":"https:\/\/carltoncards.ca\/products\/gift-packaging\/","name":"Gift Packaging Products - Carlton Cards","isPartOf":{"@id":"https:\/\/carltoncards.ca\/#website"},"primaryImageOfPage":{"@id":"https:\/\/carltoncards.ca\/products\/gift-packaging\/#primaryimage"},"image":{"@id":"https:\/\/carltoncards.ca\/products\/gift-packaging\/#primaryimage"},"thumbnailUrl":"https:\/\/carltoncards.ca\/wp-content\/uploads\/sites\/2\/2022\/04\/gift-packaging.jpg","datePublished":"2022-04-26T16:27:01+00:00","dateModified":"2025-06-18T14:49:16+00:00","description":"View our gift packaging products, including gift wrap, gift bags, tissue paper, ribbons, and bows, which turn any present into a presentation.","breadcrumb":{"@id":"https:\/\/carltoncards.ca\/products\/gift-packaging\/#breadcrumb"},"inLanguage":"fr-CA","potentialAction":[{"@type":"ReadAction","target":["https:\/\/carltoncards.ca\/products\/gift-packaging\/"]}]},{"@type":"ImageObject","inLanguage":"fr-CA","@id":"https:\/\/carltoncards.ca\/products\/gift-packaging\/#primaryimage","url":"https:\/\/carltoncards.ca\/wp-content\/uploads\/sites\/2\/2022\/04\/gift-packaging.jpg","contentUrl":"https:\/\/carltoncards.ca\/wp-content\/uploads\/sites\/2\/2022\/04\/gift-packaging.jpg","width":2400,"height":1350,"caption":"AG gift bags with accessories"},{"@type":"BreadcrumbList","@id":"https:\/\/carltoncards.ca\/products\/gift-packaging\/#breadcrumb","itemListElement":[{"@type":"ListItem","position":1,"name":"Home","item":"https:\/\/carltoncards.ca\/"},{"@type":"ListItem","position":2,"name":"Gift Packaging"}]},{"@type":"WebSite","@id":"https:\/\/carltoncards.ca\/#website","url":"https:\/\/carltoncards.ca\/","name":"Carlton Cards","description":"","publisher":{"@id":"https:\/\/carltoncards.ca\/#organization"},"potentialAction":[{"@type":"SearchAction","target":{"@type":"EntryPoint","urlTemplate":"https:\/\/carltoncards.ca\/?s={search_term_string}"},"query-input":"required name=search_term_string"}],"inLanguage":"fr-CA"},{"@type":"Organization","@id":"https:\/\/carltoncards.ca\/#organization","name":"Carlton Cards","url":"https:\/\/carltoncards.ca\/","logo":{"@type":"ImageObject","inLanguage":"fr-CA","@id":"https:\/\/carltoncards.ca\/#\/schema\/logo\/image\/","url":"https:\/\/carltoncards.ca\/wp-content\/uploads\/sites\/2\/2022\/08\/carlton-logo-2.png","contentUrl":"https:\/\/carltoncards.ca\/wp-content\/uploads\/sites\/2\/2022\/08\/carlton-logo-2.png","width":1522,"height":422,"caption":"Carlton Cards"},"image":{"@id":"https:\/\/carltoncards.ca\/#\/schema\/logo\/image\/"}}]}},"jetpack_sharing_enabled":true,"_links":{"self":[{"href":"https:\/\/carltoncards.ca\/fr\/wp-json\/wp\/v2\/products\/1700","targetHints":{"allow":["GET"]}}],"collection":[{"href":"https:\/\/carltoncards.ca\/fr\/wp-json\/wp\/v2\/products"}],"about":[{"href":"https:\/\/carltoncards.ca\/fr\/wp-json\/wp\/v2\/types\/product"}],"version-history":[{"count":6,"href":"https:\/\/carltoncards.ca\/fr\/wp-json\/wp\/v2\/products\/1700\/revisions"}],"predecessor-version":[{"id":7490,"href":"https:\/\/carltoncards.ca\/fr\/wp-json\/wp\/v2\/products\/1700\/revisions\/7490"}],"wp:featuredmedia":[{"embeddable":true,"href":"https:\/\/carltoncards.ca\/fr\/wp-json\/wp\/v2\/media\/1753"}],"wp:attachment":[{"href":"https:\/\/carltoncards.ca\/fr\/wp-json\/wp\/v2\/media?parent=1700"}],"curies":[{"name":"wp","href":"https:\/\/api.w.org\/{rel}","templated":true}]}}