{"id":1694,"date":"2022-04-26T11:52:19","date_gmt":"2022-04-26T15:52:19","guid":{"rendered":"https:\/\/corporate.americangreetings.com\/?post_type=product&#038;p=1694"},"modified":"2025-09-22T16:00:08","modified_gmt":"2025-09-22T20:00:08","slug":"greeting-cards","status":"publish","type":"product","link":"https:\/\/carltoncards.ca\/fr\/products\/greeting-cards\/","title":{"rendered":"Cartes de souhaits"},"content":{"rendered":"<div class=\"wp-block-cover alignfull is-light is-style-card-right has-aspect-ratio\" style=\"min-height:100vh;aspect-ratio:auto;min-height:unset;\"><img loading=\"lazy\" decoding=\"async\" width=\"2400\" height=\"1600\" class=\"wp-block-cover__image-background wp-image-6355\" alt=\"\" src=\"https:\/\/carltoncards.ca\/wp-content\/uploads\/sites\/2\/2022\/08\/FR_Product-Focused_Greeting-Card_Banner.jpg\" data-object-fit=\"cover\" srcset=\"https:\/\/carltoncards.ca\/wp-content\/uploads\/sites\/2\/2022\/08\/FR_Product-Focused_Greeting-Card_Banner.jpg 2400w, https:\/\/carltoncards.ca\/wp-content\/uploads\/sites\/2\/2022\/08\/FR_Product-Focused_Greeting-Card_Banner.jpg?resize=300,200 300w, https:\/\/carltoncards.ca\/wp-content\/uploads\/sites\/2\/2022\/08\/FR_Product-Focused_Greeting-Card_Banner.jpg?resize=768,512 768w, https:\/\/carltoncards.ca\/wp-content\/uploads\/sites\/2\/2022\/08\/FR_Product-Focused_Greeting-Card_Banner.jpg?resize=1024,683 1024w, https:\/\/carltoncards.ca\/wp-content\/uploads\/sites\/2\/2022\/08\/FR_Product-Focused_Greeting-Card_Banner.jpg?resize=1536,1024 1536w, https:\/\/carltoncards.ca\/wp-content\/uploads\/sites\/2\/2022\/08\/FR_Product-Focused_Greeting-Card_Banner.jpg?resize=2048,1365 2048w, https:\/\/carltoncards.ca\/wp-content\/uploads\/sites\/2\/2022\/08\/FR_Product-Focused_Greeting-Card_Banner.jpg?resize=18,12 18w\" sizes=\"auto, (max-width: 2400px) 100vw, 2400px\" \/><span aria-hidden=\"true\" class=\"wp-block-cover__background has-brand-background-color has-background-dim-0 has-background-dim\"><\/span><div class=\"wp-block-cover__inner-container is-layout-flow wp-block-cover-is-layout-flow\"><h1 style=\"text-transform:uppercase;\" class=\"wp-block-post-title has-text-color has-brand-color has-h-6-font-size\">Cartes de souhaits<\/h1>\n\n\n<h2 class=\"wp-block-heading has-foreground-color has-text-color has-h-4-font-size\">Des cartes de souhaits originales et avant-gardistes qui aident les gens \u00e0 cr\u00e9er des liens et \u00e0 c\u00e9l\u00e9brer les moments les plus importants de la vie.<\/h2>\n<\/div><\/div>\n\n\n\n<div class=\"wp-block-columns are-vertically-aligned-top is-layout-flex wp-container-core-columns-is-layout-d7a87397 wp-block-columns-is-layout-flex\" style=\"padding-top:6rem;padding-bottom:6rem\">\n<div class=\"wp-block-column is-vertically-aligned-top is-layout-flow wp-block-column-is-layout-flow\" style=\"flex-basis:33.33%\">\n<h2 class=\"wp-block-heading has-h-5-font-size\"><a href=\"https:\/\/carltoncards.ca\/fr\/products\/\">Produits<\/a><\/h2>\n\n\n\n<hr class=\"wp-block-separator has-text-color has-foreground-color has-css-opacity has-foreground-background-color has-background is-style-dots\"\/>\n\n\n<nav class=\"is-vertical is-style-mobile-select wp-block-navigation is-layout-flex wp-container-core-navigation-is-layout-fe9cc265 wp-block-navigation-is-layout-flex\" aria-label=\"Produits\"><ul class=\"wp-block-navigation__container  is-vertical is-style-mobile-select wp-block-navigation\"><li class=\"wp-block-navigation-item wp-block-navigation-link\"><a class=\"wp-block-navigation-item__content\"  href=\"https:\/\/carltoncards.ca\/fr\/products\/greeting-cards\/\"><span class=\"wp-block-navigation-item__label\">Cartes de souhaits<\/span><\/a><\/li><li class=\"wp-block-navigation-item wp-block-navigation-link\"><a class=\"wp-block-navigation-item__content\"  href=\"https:\/\/carltoncards.ca\/products\/digital-greetings\/\"><span class=\"wp-block-navigation-item__label\">Souhaits num\u00e9riques<\/span><\/a><\/li><li class=\"wp-block-navigation-item wp-block-navigation-link\"><a class=\"wp-block-navigation-item__content\"  href=\"https:\/\/carltoncards.ca\/fr\/products\/gift-packaging\/\"><span class=\"wp-block-navigation-item__label\">Emballages-cadeaux<\/span><\/a><\/li><li class=\"wp-block-navigation-item wp-block-navigation-link\"><a class=\"wp-block-navigation-item__content\"  href=\"https:\/\/carltoncards.ca\/fr\/products\/party-supplies\/\"><span class=\"wp-block-navigation-item__label\">Fournitures de r\u00e9ception<\/span><\/a><\/li><li class=\"wp-block-navigation-item wp-block-navigation-link\"><a class=\"wp-block-navigation-item__content\"  href=\"https:\/\/carltoncards.ca\/fr\/products\/stickers-decals\/\"><span class=\"wp-block-navigation-item__label\">Autocollants et d\u00e9calcomanies<\/span><\/a><\/li><li class=\"wp-block-navigation-item wp-block-navigation-link\"><a class=\"wp-block-navigation-item__content\"  href=\"https:\/\/carltoncards.ca\/fr\/products\/stationery\/\"><span class=\"wp-block-navigation-item__label\">Papeterie<\/span><\/a><\/li><li class=\"wp-block-navigation-item wp-block-navigation-link\"><a class=\"wp-block-navigation-item__content\"  href=\"https:\/\/carltoncards.ca\/fr\/products\/plush\/\"><span class=\"wp-block-navigation-item__label\">Peluche<\/span><\/a><\/li><\/ul><\/nav><\/div>\n\n\n\n<div class=\"wp-block-column is-layout-flow wp-block-column-is-layout-flow\"><\/div>\n\n\n\n<div class=\"wp-block-column is-layout-flow wp-block-column-is-layout-flow\"><\/div>\n\n\n\n<div class=\"wp-block-column is-vertically-aligned-top is-layout-flow wp-block-column-is-layout-flow\" style=\"flex-basis:66.66%\">\n<div class=\"wp-block-group alignfull has-background-background-color has-background is-layout-constrained wp-block-group-is-layout-constrained\" style=\"padding-top:0rem;padding-bottom:0rem\">\n<h3 class=\"wp-block-heading has-text-align-center\">Achetez nos cartes et produits de en ligne!<\/h3>\n\n\n\n<div class=\"wp-block-group is-layout-flow wp-block-group-is-layout-flow\">\n<div id=\"carlton-logo-grid-wrapper\">\n  <div class=\"carlton-logo-grid-container\">\n    <div class=\"carlton-logo-grid\">\n      <figure class=\"carlton-wp-container-content\">\n <a href=\"https:\/\/www.amazon.ca\/s?k=Papyrus&#038;i=office-products&#038;rh=n%3A6205511011%2Cp_123%3A365143&#038;dc=&#038;page=2&#038;qid=1755629317&#038;rnid=12035759011&#038;xpid=ljWt_tg5Eb_At&#038;ref=sr_nr_p_36_0_0&#038;low-price=&#038;high-price=20\">\n          <img decoding=\"async\" src=\"https:\/\/carltoncards.ca\/wp-content\/uploads\/sites\/2\/2025\/02\/Logo-Amazon-150px-copy-1.png\" alt=\"Logo Amazon\">\n        <\/a>\n      <\/figure>\n        <a href=\"https:\/\/www.pharmaprix.ca\/search?text=PAPYRUS&amp;lang=en\">\n          <img decoding=\"async\" src=\"https:\/\/carltoncards.ca\/wp-content\/uploads\/sites\/2\/2025\/03\/Logo-PMX-150-1.png\" alt=\"Logo SDM\">\n        <\/a>\n      <\/figure>\n      <figure class=\"carlton-wp-container-content\">\n        <a href=\"https:\/\/www.indigo.ca\/fr-ca\/papeterie-et-cadeaux\/papyrus\/?page=1&amp;sortrule=descending&amp;sortval=CreationDate&amp;srule=newest-arrivals\">\n          <img decoding=\"async\" src=\"https:\/\/carltoncards.ca\/wp-content\/uploads\/sites\/2\/2025\/02\/Logo-Indigo-150px-copy.png\" alt=\"Logo Indigo\">\n        <\/a>\n      <\/figure>\n      <figure class=\"carlton-wp-container-content\">\n        <a href=\"https:\/\/voila.ca\/search?q=carlton+card\">\n          <img decoding=\"async\" src=\"https:\/\/carltoncards.ca\/wp-content\/uploads\/sites\/2\/2025\/02\/Logo-Voila-150px.png\" alt=\"Logo Voila\">\n        <\/a>\n      <\/figure>\n    <\/div>\n  <\/div>\n<\/div>\n<style>\n  #carlton-logo-grid-wrapper {\n    max-width: 100%;\n    margin: 0 auto;\n  }\n\n  .carlton-logo-grid {\n    display: flex;\n    flex-wrap: wrap;\n    justify-content: center;\n  }\n\n  .carlton-logo-grid figure {\n    margin: 0 10px;\n  }\n\n  .carlton-logo-grid img {\n    max-width: 100%;\n    height: auto;\n    object-fit: contain;\n    margin: 0 auto;\n  }\n\n  @media only screen and (max-width: 767px) {\n    .carlton-logo-grid {\n      display: grid;\n      grid-template-columns: repeat(3, 1fr);\n      grid-gap: 10px;\n    }\n  }\n<\/style>\n<\/div>\n<\/div>\n\n\n\n<h4 class=\"wp-block-heading has-h-4-font-size\">Cartes de souhaits<\/h4>\n\n\n\n<div class=\"wp-block-columns alignwide is-layout-flex wp-container-core-columns-is-layout-28f84493 wp-block-columns-is-layout-flex\">\n<div class=\"wp-block-column is-layout-flow wp-block-column-is-layout-flow\">\n<figure class=\"wp-block-image size-large\"><img loading=\"lazy\" decoding=\"async\" height=\"576\" width=\"1024\" src=\"https:\/\/carltoncards.ca\/wp-content\/uploads\/sites\/2\/2022\/04\/birthday-everyday.jpg?w=1024\" alt=\"Birthday and everyday greeting cards\" class=\"wp-image-2252\" srcset=\"https:\/\/carltoncards.ca\/wp-content\/uploads\/sites\/2\/2022\/04\/birthday-everyday.jpg 1280w, https:\/\/carltoncards.ca\/wp-content\/uploads\/sites\/2\/2022\/04\/birthday-everyday.jpg?resize=300,169 300w, https:\/\/carltoncards.ca\/wp-content\/uploads\/sites\/2\/2022\/04\/birthday-everyday.jpg?resize=768,432 768w, https:\/\/carltoncards.ca\/wp-content\/uploads\/sites\/2\/2022\/04\/birthday-everyday.jpg?resize=1024,576 1024w, https:\/\/carltoncards.ca\/wp-content\/uploads\/sites\/2\/2022\/04\/birthday-everyday.jpg?resize=18,10 18w\" sizes=\"auto, (max-width: 1024px) 100vw, 1024px\" \/><\/figure>\n\n\n\n<h5 class=\"wp-block-heading\">F\u00eate et tous les jours<\/h5>\n\n\n\n<p>F\u00eate et tous les jours : F\u00eate, mariage, remerciement, f\u00e9licitations - quelle que soit la raison, nous avons la carte parfaite. Disponibles dans une gamme de prix allant du plus \u00e9conomique au plus haut de gamme, nos cartes rendent les grands moments plus beaux et les petits moments plus durables.<\/p>\n<\/div>\n\n\n\n<div class=\"wp-block-column is-layout-flow wp-block-column-is-layout-flow\">\n<figure class=\"wp-block-image size-large\"><img loading=\"lazy\" decoding=\"async\" height=\"576\" width=\"1024\" src=\"https:\/\/carltoncards.ca\/wp-content\/uploads\/sites\/2\/2022\/08\/FR_Seasonal_Hero-Image.jpg\" alt=\"Seasonal Greeting for Christmas, Valentines Day, Father's Day and more.\" class=\"wp-image-2254\" srcset=\"https:\/\/carltoncards.ca\/wp-content\/uploads\/sites\/2\/2022\/08\/FR_Seasonal_Hero-Image.jpg 2400w, https:\/\/carltoncards.ca\/wp-content\/uploads\/sites\/2\/2022\/08\/FR_Seasonal_Hero-Image.jpg?resize=300,169 300w, https:\/\/carltoncards.ca\/wp-content\/uploads\/sites\/2\/2022\/08\/FR_Seasonal_Hero-Image.jpg?resize=768,432 768w, https:\/\/carltoncards.ca\/wp-content\/uploads\/sites\/2\/2022\/08\/FR_Seasonal_Hero-Image.jpg?resize=1024,576 1024w, https:\/\/carltoncards.ca\/wp-content\/uploads\/sites\/2\/2022\/08\/FR_Seasonal_Hero-Image.jpg?resize=1536,864 1536w, https:\/\/carltoncards.ca\/wp-content\/uploads\/sites\/2\/2022\/08\/FR_Seasonal_Hero-Image.jpg?resize=2048,1152 2048w, https:\/\/carltoncards.ca\/wp-content\/uploads\/sites\/2\/2022\/08\/FR_Seasonal_Hero-Image.jpg?resize=18,10 18w\" sizes=\"auto, (max-width: 1024px) 100vw, 1024px\" \/><\/figure>\n\n\n\n<h5 class=\"wp-block-heading\">Saisonnier<\/h5>\n\n\n\n<p>No\u00ebl, la Saint-Valentin, la f\u00eate des P\u00e8res, la f\u00eate des M\u00e8res, et bien plus encore. S'il y a une f\u00eate que les gens aiment, nous avons la carte parfaite pour la c\u00e9l\u00e9brer.<\/p>\n\n\n\n<p><\/p>\n<\/div>\n<\/div>\n\n\n\n<div class=\"wp-block-columns alignwide is-layout-flex wp-container-core-columns-is-layout-28f84493 wp-block-columns-is-layout-flex\">\n<div class=\"wp-block-column is-layout-flow wp-block-column-is-layout-flow\">\n<figure class=\"wp-block-image size-large\"><img loading=\"lazy\" decoding=\"async\" height=\"576\" width=\"1024\" src=\"https:\/\/carltoncards.ca\/wp-content\/uploads\/sites\/2\/2022\/04\/papyrus-greeting-cards-1280.jpg?w=1024\" alt=\"Papyrus cards for friends and family who deserve a little extra.\" class=\"wp-image-2284\" srcset=\"https:\/\/carltoncards.ca\/wp-content\/uploads\/sites\/2\/2022\/04\/papyrus-greeting-cards-1280.jpg 1280w, https:\/\/carltoncards.ca\/wp-content\/uploads\/sites\/2\/2022\/04\/papyrus-greeting-cards-1280.jpg?resize=300,169 300w, https:\/\/carltoncards.ca\/wp-content\/uploads\/sites\/2\/2022\/04\/papyrus-greeting-cards-1280.jpg?resize=768,432 768w, https:\/\/carltoncards.ca\/wp-content\/uploads\/sites\/2\/2022\/04\/papyrus-greeting-cards-1280.jpg?resize=1024,576 1024w, https:\/\/carltoncards.ca\/wp-content\/uploads\/sites\/2\/2022\/04\/papyrus-greeting-cards-1280.jpg?resize=18,10 18w\" sizes=\"auto, (max-width: 1024px) 100vw, 1024px\" \/><\/figure>\n\n\n\n<h5 class=\"wp-block-heading\">Papyrus<\/h5>\n\n\n\n<p>Les cartes de souhaits Papyrus sont le moyen id\u00e9al de rester connect\u00e9 avec style. Pour les amis et la famille qui m\u00e9ritent un petit extra, nos cartes de souhaits faites \u00e0 la main et r\u00e9alis\u00e9es par des experts sont con\u00e7ues pour inspirer la joie et laisser une impression durable.<\/p>\n<\/div>\n\n\n\n<div class=\"wp-block-column is-layout-flow wp-block-column-is-layout-flow\">\n<figure class=\"wp-block-image size-large\"><img loading=\"lazy\" decoding=\"async\" height=\"576\" width=\"1024\" src=\"https:\/\/carltoncards.ca\/wp-content\/uploads\/sites\/2\/2022\/08\/FR_Licensing_Tile.jpg\" alt=\"Spiderman and Bat Man licensed greeting cards.\" class=\"wp-image-2286\" srcset=\"https:\/\/carltoncards.ca\/wp-content\/uploads\/sites\/2\/2022\/08\/FR_Licensing_Tile.jpg 2400w, https:\/\/carltoncards.ca\/wp-content\/uploads\/sites\/2\/2022\/08\/FR_Licensing_Tile.jpg?resize=300,169 300w, https:\/\/carltoncards.ca\/wp-content\/uploads\/sites\/2\/2022\/08\/FR_Licensing_Tile.jpg?resize=768,432 768w, https:\/\/carltoncards.ca\/wp-content\/uploads\/sites\/2\/2022\/08\/FR_Licensing_Tile.jpg?resize=1024,576 1024w, https:\/\/carltoncards.ca\/wp-content\/uploads\/sites\/2\/2022\/08\/FR_Licensing_Tile.jpg?resize=1536,864 1536w, https:\/\/carltoncards.ca\/wp-content\/uploads\/sites\/2\/2022\/08\/FR_Licensing_Tile.jpg?resize=2048,1152 2048w, https:\/\/carltoncards.ca\/wp-content\/uploads\/sites\/2\/2022\/08\/FR_Licensing_Tile.jpg?resize=18,10 18w\" sizes=\"auto, (max-width: 1024px) 100vw, 1024px\" \/><\/figure>\n\n\n\n<h5 class=\"wp-block-heading\">Licences<\/h5>\n\n\n\n<p>D\u00e9roulez le tapis rouge et faites la f\u00eate avec des cartes de souhaits repr\u00e9sentant des films m\u00e9morables, des personnages embl\u00e9matiques et les plus grandes marques du monde.<\/p>\n<\/div>\n<\/div>\n\n\n\n<div class=\"wp-block-columns alignwide is-layout-flex wp-container-core-columns-is-layout-28f84493 wp-block-columns-is-layout-flex\">\n<div class=\"wp-block-column is-layout-flow wp-block-column-is-layout-flow\">\n<figure class=\"wp-block-image size-large\"><img loading=\"lazy\" decoding=\"async\" height=\"576\" width=\"1024\" src=\"https:\/\/carltoncards.ca\/wp-content\/uploads\/sites\/2\/2022\/08\/307d38ac-1d9a-4f36-8247-fca7a194defb.jpeg?w=1024\" alt=\"\" class=\"wp-image-3870\" srcset=\"https:\/\/carltoncards.ca\/wp-content\/uploads\/sites\/2\/2022\/08\/307d38ac-1d9a-4f36-8247-fca7a194defb.jpeg 2400w, https:\/\/carltoncards.ca\/wp-content\/uploads\/sites\/2\/2022\/08\/307d38ac-1d9a-4f36-8247-fca7a194defb.jpeg?resize=300,169 300w, https:\/\/carltoncards.ca\/wp-content\/uploads\/sites\/2\/2022\/08\/307d38ac-1d9a-4f36-8247-fca7a194defb.jpeg?resize=768,432 768w, https:\/\/carltoncards.ca\/wp-content\/uploads\/sites\/2\/2022\/08\/307d38ac-1d9a-4f36-8247-fca7a194defb.jpeg?resize=1024,576 1024w, https:\/\/carltoncards.ca\/wp-content\/uploads\/sites\/2\/2022\/08\/307d38ac-1d9a-4f36-8247-fca7a194defb.jpeg?resize=1536,864 1536w, https:\/\/carltoncards.ca\/wp-content\/uploads\/sites\/2\/2022\/08\/307d38ac-1d9a-4f36-8247-fca7a194defb.jpeg?resize=2048,1152 2048w, https:\/\/carltoncards.ca\/wp-content\/uploads\/sites\/2\/2022\/08\/307d38ac-1d9a-4f36-8247-fca7a194defb.jpeg?resize=18,10 18w\" sizes=\"auto, (max-width: 1024px) 100vw, 1024px\" \/><\/figure>\n\n\n\n<h5 class=\"wp-block-heading\">Cartes d\u00e9pliantes<\/h5>\n\n\n\n<p>Moments magiques<sup><sup>MC<\/sup><\/sup> repousse les limites du papier, de l'encre et de l'art pour cr\u00e9er des cartes de souhaits uniques en 3D qui \u00e9patent les consommateurs. Disponible pour toute une s\u00e9rie de f\u00eates et d'occasions, chaque motif innovant ajoute un peu de magie \u00e0 la c\u00e9l\u00e9bration.<\/p>\n<\/div>\n\n\n\n<div class=\"wp-block-column is-layout-flow wp-block-column-is-layout-flow\">\n<figure class=\"wp-block-image size-large is-style-default\"><img loading=\"lazy\" decoding=\"async\" height=\"576\" width=\"1024\" src=\"https:\/\/carltoncards.ca\/wp-content\/uploads\/sites\/2\/2022\/08\/f8a119cb-e3a8-441e-bdf2-5352552ef929-1.jpeg\" alt=\"\" class=\"wp-image-4040\" srcset=\"https:\/\/carltoncards.ca\/wp-content\/uploads\/sites\/2\/2022\/08\/f8a119cb-e3a8-441e-bdf2-5352552ef929-1.jpeg 2400w, https:\/\/carltoncards.ca\/wp-content\/uploads\/sites\/2\/2022\/08\/f8a119cb-e3a8-441e-bdf2-5352552ef929-1.jpeg?resize=300,169 300w, https:\/\/carltoncards.ca\/wp-content\/uploads\/sites\/2\/2022\/08\/f8a119cb-e3a8-441e-bdf2-5352552ef929-1.jpeg?resize=768,432 768w, https:\/\/carltoncards.ca\/wp-content\/uploads\/sites\/2\/2022\/08\/f8a119cb-e3a8-441e-bdf2-5352552ef929-1.jpeg?resize=1024,576 1024w, https:\/\/carltoncards.ca\/wp-content\/uploads\/sites\/2\/2022\/08\/f8a119cb-e3a8-441e-bdf2-5352552ef929-1.jpeg?resize=1536,864 1536w, https:\/\/carltoncards.ca\/wp-content\/uploads\/sites\/2\/2022\/08\/f8a119cb-e3a8-441e-bdf2-5352552ef929-1.jpeg?resize=2048,1152 2048w, https:\/\/carltoncards.ca\/wp-content\/uploads\/sites\/2\/2022\/08\/f8a119cb-e3a8-441e-bdf2-5352552ef929-1.jpeg?resize=18,10 18w\" sizes=\"auto, (max-width: 1024px) 100vw, 1024px\" \/><\/figure>\n\n\n\n<h5 class=\"wp-block-heading\">Collections Sp\u00e9ciales<\/h5>\n\n\n\n<p>Nos collections inclusives de cartes LGBTQ2S+, Nouvel An lunaire et L'Chayim aident chaque personne \u00e0 c\u00e9l\u00e9brer et \u00e0 se connecter authentiquement avec ceux qu'elle aime.<\/p>\n<\/div>\n<\/div>\n<\/div>\n<\/div>","protected":false},"excerpt":{"rendered":"<p>Des cartes de souhaits originales et avant-gardistes qui aident les gens \u00e0 cr\u00e9er des liens et \u00e0 c\u00e9l\u00e9brer les moments les plus importants de la vie.<\/p>","protected":false},"featured_media":1748,"parent":0,"menu_order":0,"template":"","meta":{"footnotes":""},"class_list":["post-1694","product","type-product","status-publish","has-post-thumbnail","hentry"],"yoast_head":"<!-- This site is optimized with the Yoast SEO plugin v23.2 - https:\/\/yoast.com\/wordpress\/plugins\/seo\/ -->\n<title>Greeting Card Product Line - Carlton Cards<\/title>\n<meta name=\"description\" content=\"Our greeting cards are trend-forward and help people connect and celebrate life&#039;s special moments.\" \/>\n<meta name=\"robots\" content=\"index, follow, max-snippet:-1, max-image-preview:large, max-video-preview:-1\" \/>\n<link rel=\"canonical\" href=\"https:\/\/carltoncards.ca\/fr\/products\/greeting-cards\/\" \/>\n<meta property=\"og:locale\" content=\"fr_CA\" \/>\n<meta property=\"og:type\" content=\"article\" \/>\n<meta property=\"og:title\" content=\"Greeting Card Product Line - Carlton Cards\" \/>\n<meta property=\"og:description\" content=\"Our greeting cards are trend-forward and help people connect and celebrate life&#039;s special moments.\" \/>\n<meta property=\"og:url\" content=\"https:\/\/carltoncards.ca\/fr\/products\/greeting-cards\/\" \/>\n<meta property=\"og:site_name\" content=\"Carlton Cards\" \/>\n<meta property=\"article:modified_time\" content=\"2025-09-22T20:00:08+00:00\" \/>\n<meta property=\"og:image\" content=\"https:\/\/carltoncards.ca\/wp-content\/uploads\/sites\/2\/2022\/04\/Greeting-Cards.jpg\" \/>\n\t<meta property=\"og:image:width\" content=\"2400\" \/>\n\t<meta property=\"og:image:height\" content=\"1350\" \/>\n\t<meta property=\"og:image:type\" content=\"image\/jpeg\" \/>\n<meta name=\"twitter:card\" content=\"summary_large_image\" \/>\n<meta name=\"twitter:label1\" content=\"Est. reading time\" \/>\n\t<meta name=\"twitter:data1\" content=\"4 minutes\" \/>\n<script type=\"application\/ld+json\" class=\"yoast-schema-graph\">{\"@context\":\"https:\/\/schema.org\",\"@graph\":[{\"@type\":\"WebPage\",\"@id\":\"https:\/\/carltoncards.ca\/products\/greeting-cards\/\",\"url\":\"https:\/\/carltoncards.ca\/products\/greeting-cards\/\",\"name\":\"Greeting Card Product Line - Carlton Cards\",\"isPartOf\":{\"@id\":\"https:\/\/carltoncards.ca\/#website\"},\"primaryImageOfPage\":{\"@id\":\"https:\/\/carltoncards.ca\/products\/greeting-cards\/#primaryimage\"},\"image\":{\"@id\":\"https:\/\/carltoncards.ca\/products\/greeting-cards\/#primaryimage\"},\"thumbnailUrl\":\"https:\/\/carltoncards.ca\/wp-content\/uploads\/sites\/2\/2022\/04\/Greeting-Cards.jpg\",\"datePublished\":\"2022-04-26T15:52:19+00:00\",\"dateModified\":\"2025-09-22T20:00:08+00:00\",\"description\":\"Our greeting cards are trend-forward and help people connect and celebrate life's special moments.\",\"breadcrumb\":{\"@id\":\"https:\/\/carltoncards.ca\/products\/greeting-cards\/#breadcrumb\"},\"inLanguage\":\"fr-CA\",\"potentialAction\":[{\"@type\":\"ReadAction\",\"target\":[\"https:\/\/carltoncards.ca\/products\/greeting-cards\/\"]}]},{\"@type\":\"ImageObject\",\"inLanguage\":\"fr-CA\",\"@id\":\"https:\/\/carltoncards.ca\/products\/greeting-cards\/#primaryimage\",\"url\":\"https:\/\/carltoncards.ca\/wp-content\/uploads\/sites\/2\/2022\/04\/Greeting-Cards.jpg\",\"contentUrl\":\"https:\/\/carltoncards.ca\/wp-content\/uploads\/sites\/2\/2022\/04\/Greeting-Cards.jpg\",\"width\":2400,\"height\":1350,\"caption\":\"Trendy greeting cards for all occasions\"},{\"@type\":\"BreadcrumbList\",\"@id\":\"https:\/\/carltoncards.ca\/products\/greeting-cards\/#breadcrumb\",\"itemListElement\":[{\"@type\":\"ListItem\",\"position\":1,\"name\":\"Home\",\"item\":\"https:\/\/carltoncards.ca\/\"},{\"@type\":\"ListItem\",\"position\":2,\"name\":\"Greeting Cards\"}]},{\"@type\":\"WebSite\",\"@id\":\"https:\/\/carltoncards.ca\/#website\",\"url\":\"https:\/\/carltoncards.ca\/\",\"name\":\"Carlton Cards\",\"description\":\"\",\"publisher\":{\"@id\":\"https:\/\/carltoncards.ca\/#organization\"},\"potentialAction\":[{\"@type\":\"SearchAction\",\"target\":{\"@type\":\"EntryPoint\",\"urlTemplate\":\"https:\/\/carltoncards.ca\/?s={search_term_string}\"},\"query-input\":\"required name=search_term_string\"}],\"inLanguage\":\"fr-CA\"},{\"@type\":\"Organization\",\"@id\":\"https:\/\/carltoncards.ca\/#organization\",\"name\":\"Carlton Cards\",\"url\":\"https:\/\/carltoncards.ca\/\",\"logo\":{\"@type\":\"ImageObject\",\"inLanguage\":\"fr-CA\",\"@id\":\"https:\/\/carltoncards.ca\/#\/schema\/logo\/image\/\",\"url\":\"https:\/\/carltoncards.ca\/wp-content\/uploads\/sites\/2\/2022\/08\/carlton-logo-2.png\",\"contentUrl\":\"https:\/\/carltoncards.ca\/wp-content\/uploads\/sites\/2\/2022\/08\/carlton-logo-2.png\",\"width\":1522,\"height\":422,\"caption\":\"Carlton Cards\"},\"image\":{\"@id\":\"https:\/\/carltoncards.ca\/#\/schema\/logo\/image\/\"}}]}<\/script>\n<!-- \/ Yoast SEO plugin. -->","yoast_head_json":{"title":"Greeting Card Product Line - Carlton Cards","description":"Our greeting cards are trend-forward and help people connect and celebrate life's special moments.","robots":{"index":"index","follow":"follow","max-snippet":"max-snippet:-1","max-image-preview":"max-image-preview:large","max-video-preview":"max-video-preview:-1"},"canonical":"https:\/\/carltoncards.ca\/fr\/products\/greeting-cards\/","og_locale":"fr_CA","og_type":"article","og_title":"Greeting Card Product Line - Carlton Cards","og_description":"Our greeting cards are trend-forward and help people connect and celebrate life's special moments.","og_url":"https:\/\/carltoncards.ca\/fr\/products\/greeting-cards\/","og_site_name":"Carlton Cards","article_modified_time":"2025-09-22T20:00:08+00:00","og_image":[{"width":2400,"height":1350,"url":"https:\/\/carltoncards.ca\/wp-content\/uploads\/sites\/2\/2022\/04\/Greeting-Cards.jpg","type":"image\/jpeg"}],"twitter_card":"summary_large_image","twitter_misc":{"Est. reading time":"4 minutes"},"schema":{"@context":"https:\/\/schema.org","@graph":[{"@type":"WebPage","@id":"https:\/\/carltoncards.ca\/products\/greeting-cards\/","url":"https:\/\/carltoncards.ca\/products\/greeting-cards\/","name":"Greeting Card Product Line - Carlton Cards","isPartOf":{"@id":"https:\/\/carltoncards.ca\/#website"},"primaryImageOfPage":{"@id":"https:\/\/carltoncards.ca\/products\/greeting-cards\/#primaryimage"},"image":{"@id":"https:\/\/carltoncards.ca\/products\/greeting-cards\/#primaryimage"},"thumbnailUrl":"https:\/\/carltoncards.ca\/wp-content\/uploads\/sites\/2\/2022\/04\/Greeting-Cards.jpg","datePublished":"2022-04-26T15:52:19+00:00","dateModified":"2025-09-22T20:00:08+00:00","description":"Our greeting cards are trend-forward and help people connect and celebrate life's special moments.","breadcrumb":{"@id":"https:\/\/carltoncards.ca\/products\/greeting-cards\/#breadcrumb"},"inLanguage":"fr-CA","potentialAction":[{"@type":"ReadAction","target":["https:\/\/carltoncards.ca\/products\/greeting-cards\/"]}]},{"@type":"ImageObject","inLanguage":"fr-CA","@id":"https:\/\/carltoncards.ca\/products\/greeting-cards\/#primaryimage","url":"https:\/\/carltoncards.ca\/wp-content\/uploads\/sites\/2\/2022\/04\/Greeting-Cards.jpg","contentUrl":"https:\/\/carltoncards.ca\/wp-content\/uploads\/sites\/2\/2022\/04\/Greeting-Cards.jpg","width":2400,"height":1350,"caption":"Trendy greeting cards for all occasions"},{"@type":"BreadcrumbList","@id":"https:\/\/carltoncards.ca\/products\/greeting-cards\/#breadcrumb","itemListElement":[{"@type":"ListItem","position":1,"name":"Home","item":"https:\/\/carltoncards.ca\/"},{"@type":"ListItem","position":2,"name":"Greeting Cards"}]},{"@type":"WebSite","@id":"https:\/\/carltoncards.ca\/#website","url":"https:\/\/carltoncards.ca\/","name":"Carlton Cards","description":"","publisher":{"@id":"https:\/\/carltoncards.ca\/#organization"},"potentialAction":[{"@type":"SearchAction","target":{"@type":"EntryPoint","urlTemplate":"https:\/\/carltoncards.ca\/?s={search_term_string}"},"query-input":"required name=search_term_string"}],"inLanguage":"fr-CA"},{"@type":"Organization","@id":"https:\/\/carltoncards.ca\/#organization","name":"Carlton Cards","url":"https:\/\/carltoncards.ca\/","logo":{"@type":"ImageObject","inLanguage":"fr-CA","@id":"https:\/\/carltoncards.ca\/#\/schema\/logo\/image\/","url":"https:\/\/carltoncards.ca\/wp-content\/uploads\/sites\/2\/2022\/08\/carlton-logo-2.png","contentUrl":"https:\/\/carltoncards.ca\/wp-content\/uploads\/sites\/2\/2022\/08\/carlton-logo-2.png","width":1522,"height":422,"caption":"Carlton Cards"},"image":{"@id":"https:\/\/carltoncards.ca\/#\/schema\/logo\/image\/"}}]}},"jetpack_sharing_enabled":true,"_links":{"self":[{"href":"https:\/\/carltoncards.ca\/fr\/wp-json\/wp\/v2\/products\/1694","targetHints":{"allow":["GET"]}}],"collection":[{"href":"https:\/\/carltoncards.ca\/fr\/wp-json\/wp\/v2\/products"}],"about":[{"href":"https:\/\/carltoncards.ca\/fr\/wp-json\/wp\/v2\/types\/product"}],"version-history":[{"count":15,"href":"https:\/\/carltoncards.ca\/fr\/wp-json\/wp\/v2\/products\/1694\/revisions"}],"predecessor-version":[{"id":7860,"href":"https:\/\/carltoncards.ca\/fr\/wp-json\/wp\/v2\/products\/1694\/revisions\/7860"}],"wp:featuredmedia":[{"embeddable":true,"href":"https:\/\/carltoncards.ca\/fr\/wp-json\/wp\/v2\/media\/1748"}],"wp:attachment":[{"href":"https:\/\/carltoncards.ca\/fr\/wp-json\/wp\/v2\/media?parent=1694"}],"curies":[{"name":"wp","href":"https:\/\/api.w.org\/{rel}","templated":true}]}}