{"id":862,"date":"2021-09-22T12:25:55","date_gmt":"2021-09-22T16:25:55","guid":{"rendered":"https:\/\/corporate.americangreetings.com\/?page_id=862"},"modified":"2024-12-10T13:50:24","modified_gmt":"2024-12-10T18:50:24","slug":"connections-for-good","status":"publish","type":"page","link":"https:\/\/carltoncards.ca\/fr\/about-us\/connections-for-good\/","title":{"rendered":"Des relations pour le bien"},"content":{"rendered":"<div class=\"wp-block-cover alignfull is-light is-style-card-right\" style=\"min-height:100vh;aspect-ratio:unset;\"><span aria-hidden=\"true\" class=\"wp-block-cover__background has-rose-background-color has-background-dim-0 has-background-dim\"><\/span><img loading=\"lazy\" decoding=\"async\" width=\"2400\" height=\"1600\" class=\"wp-block-cover__image-background wp-image-1851\" alt=\"Caring community - illustration.\" src=\"https:\/\/carltoncards.ca\/wp-content\/uploads\/sites\/2\/2022\/05\/connections-for-good.jpg\" data-object-fit=\"cover\" srcset=\"https:\/\/carltoncards.ca\/wp-content\/uploads\/sites\/2\/2022\/05\/connections-for-good.jpg 2400w, https:\/\/carltoncards.ca\/wp-content\/uploads\/sites\/2\/2022\/05\/connections-for-good.jpg?resize=300,200 300w, https:\/\/carltoncards.ca\/wp-content\/uploads\/sites\/2\/2022\/05\/connections-for-good.jpg?resize=768,512 768w, https:\/\/carltoncards.ca\/wp-content\/uploads\/sites\/2\/2022\/05\/connections-for-good.jpg?resize=1024,683 1024w, https:\/\/carltoncards.ca\/wp-content\/uploads\/sites\/2\/2022\/05\/connections-for-good.jpg?resize=1536,1024 1536w, https:\/\/carltoncards.ca\/wp-content\/uploads\/sites\/2\/2022\/05\/connections-for-good.jpg?resize=2048,1365 2048w, https:\/\/carltoncards.ca\/wp-content\/uploads\/sites\/2\/2022\/05\/connections-for-good.jpg?resize=18,12 18w\" sizes=\"auto, (max-width: 2400px) 100vw, 2400px\" \/><div class=\"wp-block-cover__inner-container is-layout-flow wp-block-cover-is-layout-flow\"><h1 style=\"text-transform:uppercase;\" class=\"wp-block-post-title has-text-color has-brand-color has-h-6-font-size\">Des relations pour le bien<\/h1>\n\n\n<h2 class=\"wp-block-heading has-h-4-font-size\">Nous nous soucions de nos employ\u00e9s, de nos communaut\u00e9s et de notre plan\u00e8te, et nous traitons chacun d'entre eux avec gentillesse et respect.<\/h2>\n<\/div><\/div>\n\n\n\n<div class=\"wp-block-group alignfull has-background is-layout-constrained wp-block-group-is-layout-constrained\" style=\"background-color:#f3fdfc\">\n<div class=\"wp-block-columns is-layout-flex wp-container-core-columns-is-layout-bb9f756c wp-block-columns-is-layout-flex\" style=\"padding-top:8rem;padding-right:1rem;padding-bottom:8rem;padding-left:1rem\">\n<div class=\"wp-block-column is-vertically-aligned-center is-layout-flow wp-block-column-is-layout-flow\">\n<figure class=\"wp-block-image aligncenter size-large is-resized is-style-default\"><img loading=\"lazy\" decoding=\"async\" width=\"600\" height=\"800\" src=\"https:\/\/carltoncards.ca\/wp-content\/uploads\/sites\/2\/2021\/09\/joe-acuri.jpg?w=600\" alt=\"Joe Acuri - President and Chief Executive Officer\" class=\"wp-image-574\" style=\"width:288px;height:354px\" srcset=\"https:\/\/carltoncards.ca\/wp-content\/uploads\/sites\/2\/2021\/09\/joe-acuri.jpg 600w, https:\/\/carltoncards.ca\/wp-content\/uploads\/sites\/2\/2021\/09\/joe-acuri.jpg?resize=225,300 225w, https:\/\/carltoncards.ca\/wp-content\/uploads\/sites\/2\/2021\/09\/joe-acuri.jpg?resize=9,12 9w\" sizes=\"auto, (max-width: 600px) 100vw, 600px\" \/><figcaption class=\"wp-element-caption\"><br><\/figcaption><\/figure>\n<\/div>\n\n\n\n<div class=\"wp-block-column is-vertically-aligned-center is-layout-flow wp-block-column-is-layout-flow\">\n<p>\u00ab\u202fChez American Greetings, les relations sont au c\u0153ur de ce que nous sommes et de ce que nous faisons - et cela commence par le fait de traiter nos collaborateurs et notre plan\u00e8te avec gentillesse et respect. Notre initiative Des relations pour le bien est un engagement \u00e0 rendre compte de nos efforts sociaux et environnementaux, car nous pensons que c'est ce que m\u00e9ritent nos associ\u00e9s, nos partenaires et les communaut\u00e9s dans lesquelles nous vivons et travaillons.\u202f\u00bb<\/p>\n\n\n\n<p><strong>Joe Arcuri<br><\/strong>Pr\u00e9sident-directeur g\u00e9n\u00e9ral, American Greeting, \nsoci\u00e9t\u00e9 m\u00e8re d'American Greetings <\/p>\n\n\n\n<div class=\"wp-block-buttons is-layout-flex wp-block-buttons-is-layout-flex\">\n<div class=\"wp-block-button is-style-arrow\"><a class=\"wp-block-button__link has-brand-color has-text-color wp-element-button\" href=\"https:\/\/carltoncards.ca\/wp-content\/uploads\/sites\/2\/2024\/09\/SP20163-ESG_2024_FR.pdf\" target=\"_blank\" rel=\"noreferrer noopener\">T\u00e9l\u00e9chargez \u00ab Des relations pour le bien \u00bb<\/a><\/div>\n<\/div>\n<\/div>\n<\/div>\n<\/div>\n\n\n\n<div class=\"wp-block-group alignfull is-layout-constrained wp-container-core-group-is-layout-3d979016 wp-block-group-is-layout-constrained\" style=\"padding-top:6rem;padding-bottom:6rem\">\n<div class=\"wp-block-media-text has-media-on-the-right is-stacked-on-mobile is-style-framed has-image-drop-shadow has-accent-4-shadow-1-color has-accent-2-shadow-2-color\"><div class=\"wp-block-media-text__content\">\n<h3 class=\"wp-block-heading\">Notre Plan\u00e8te<\/h3>\n\n\n\n<p>Pour faire du monde un endroit plus attentionn\u00e9 et bienveillant, il faut d'abord respecter les ressources limit\u00e9es de notre plan\u00e8te et notre r\u00f4le dans leur maintien. Nous nous engageons \u00e0 int\u00e9grer des pratiques durables dans nos activit\u00e9s quotidiennes et dans notre planification \u00e0 long terme.<\/p>\n\n\n\n<div class=\"wp-block-buttons is-layout-flex wp-block-buttons-is-layout-flex\">\n<div class=\"wp-block-button is-style-arrow\"><a class=\"wp-block-button__link wp-element-button\" href=\"https:\/\/carltoncards.ca\/fr\/about-us\/connections-for-good\/our-planet\/\">Notre Plan\u00e8te<\/a><\/div>\n<\/div>\n<\/div><figure class=\"wp-block-media-text__media\"><img loading=\"lazy\" decoding=\"async\" width=\"640\" height=\"480\" src=\"https:\/\/carltoncards.ca\/wp-content\/uploads\/sites\/2\/2022\/05\/final-our-planet-4-3.jpg?w=640\" alt=\"Constellations in the sky illustration.\" class=\"wp-image-1876 size-full\" srcset=\"https:\/\/carltoncards.ca\/wp-content\/uploads\/sites\/2\/2022\/05\/final-our-planet-4-3.jpg 640w, https:\/\/carltoncards.ca\/wp-content\/uploads\/sites\/2\/2022\/05\/final-our-planet-4-3.jpg?resize=300,225 300w, https:\/\/carltoncards.ca\/wp-content\/uploads\/sites\/2\/2022\/05\/final-our-planet-4-3.jpg?resize=16,12 16w\" sizes=\"auto, (max-width: 640px) 100vw, 640px\" \/><\/figure><\/div>\n\n\n\n<div class=\"wp-block-media-text is-stacked-on-mobile is-style-framed has-image-drop-shadow has-accent-4-shadow-1-color has-accent-1-shadow-2-color\"><figure class=\"wp-block-media-text__media\"><img loading=\"lazy\" decoding=\"async\" width=\"640\" height=\"480\" src=\"https:\/\/carltoncards.ca\/wp-content\/uploads\/sites\/2\/2022\/08\/thumbnail_Peopleare-card-FR.jpeg\" alt=\"Card image: People are at the heart of everything we do.\" class=\"wp-image-1877 size-full\" srcset=\"https:\/\/carltoncards.ca\/wp-content\/uploads\/sites\/2\/2022\/08\/thumbnail_Peopleare-card-FR.jpeg 1280w, https:\/\/carltoncards.ca\/wp-content\/uploads\/sites\/2\/2022\/08\/thumbnail_Peopleare-card-FR.jpeg?resize=300,200 300w, https:\/\/carltoncards.ca\/wp-content\/uploads\/sites\/2\/2022\/08\/thumbnail_Peopleare-card-FR.jpeg?resize=768,512 768w, https:\/\/carltoncards.ca\/wp-content\/uploads\/sites\/2\/2022\/08\/thumbnail_Peopleare-card-FR.jpeg?resize=1024,682 1024w, https:\/\/carltoncards.ca\/wp-content\/uploads\/sites\/2\/2022\/08\/thumbnail_Peopleare-card-FR.jpeg?resize=18,12 18w\" sizes=\"auto, (max-width: 640px) 100vw, 640px\" \/><\/figure><div class=\"wp-block-media-text__content\">\n<h3 class=\"wp-block-heading\">Nos Gens<\/h3>\n\n\n\n<p>Nous croyons en une approche holistique de la diversit\u00e9, de l'\u00e9quit\u00e9 et de l'inclusion qui englobe tous les domaines de notre organisation.<\/p>\n\n\n\n<div class=\"wp-block-buttons is-layout-flex wp-block-buttons-is-layout-flex\">\n<div class=\"wp-block-button is-style-arrow\"><a class=\"wp-block-button__link wp-element-button\" href=\"https:\/\/carltoncards.ca\/fr\/about-us\/connections-for-good\/our-people\/\">Nos Gens<\/a><\/div>\n<\/div>\n<\/div><\/div>\n\n\n\n<div class=\"wp-block-media-text has-media-on-the-right is-stacked-on-mobile is-style-framed has-image-drop-shadow has-accent-6-shadow-1-color has-accent-3-shadow-2-color\"><div class=\"wp-block-media-text__content\">\n<h3 class=\"wp-block-heading\">Nos politiques<\/h3>\n\n\n\n<p>Nous savons qu'une approche \u00e9thique et honn\u00eate des affaires commence par le ton donn\u00e9 au sommet. Notre conseil d'administration et notre PDG fixent les normes les plus \u00e9lev\u00e9es pour notre mode de fonctionnement \u00e0 travers toutes les facettes de l'organisation. Nos politiques et nos pratiques ont pour motif d'affirmer et de renforcer le fait que chaque associ\u00e9 agit chaque jour avec un haut degr\u00e9 d'int\u00e9grit\u00e9.<\/p>\n\n\n\n<div class=\"wp-block-buttons is-layout-flex wp-block-buttons-is-layout-flex\">\n<div class=\"wp-block-button is-style-arrow\"><a class=\"wp-block-button__link wp-element-button\" href=\"https:\/\/carltoncards.ca\/fr\/about-us\/connections-for-good\/our-policies\/\">Nos politiques<\/a><\/div>\n<\/div>\n<\/div><figure class=\"wp-block-media-text__media\"><img loading=\"lazy\" decoding=\"async\" width=\"640\" height=\"480\" src=\"https:\/\/carltoncards.ca\/wp-content\/uploads\/sites\/2\/2022\/05\/final-our-policies-4-3.jpg?w=640\" alt=\"Floral abstract painting.\" class=\"wp-image-1878 size-full\" srcset=\"https:\/\/carltoncards.ca\/wp-content\/uploads\/sites\/2\/2022\/05\/final-our-policies-4-3.jpg 640w, https:\/\/carltoncards.ca\/wp-content\/uploads\/sites\/2\/2022\/05\/final-our-policies-4-3.jpg?resize=300,225 300w, https:\/\/carltoncards.ca\/wp-content\/uploads\/sites\/2\/2022\/05\/final-our-policies-4-3.jpg?resize=16,12 16w\" sizes=\"auto, (max-width: 640px) 100vw, 640px\" \/><\/figure><\/div>\n<\/div>","protected":false},"excerpt":{"rendered":"<p>\u201cAt American Greetings, connections are at the heart of who we are and what we do \u2014 and that begins with treating our people and our planet with kindness and respect. Our Connections for Good initiative is a commitment to accountability surrounding our social and environmental efforts, because we believe that\u2019s what our associates, our [&hellip;]<\/p>","protected":false},"author":13,"featured_media":0,"parent":11,"menu_order":0,"comment_status":"closed","ping_status":"closed","template":"","meta":{"footnotes":""},"class_list":["post-862","page","type-page","status-publish","hentry"],"yoast_head":"<!-- This site is optimized with the Yoast SEO plugin v23.2 - https:\/\/yoast.com\/wordpress\/plugins\/seo\/ -->\n<title>Connections for Good - Carlton Cards Environmental, Social and Governance Program<\/title>\n<meta name=\"description\" content=\"We champion social and environmental responsibility through our Connections for Good initiative. Explore our corporate governance programs.\" \/>\n<meta name=\"robots\" content=\"index, follow, max-snippet:-1, max-image-preview:large, max-video-preview:-1\" \/>\n<link rel=\"canonical\" href=\"https:\/\/carltoncards.ca\/fr\/about-us\/connections-for-good\/\" \/>\n<meta property=\"og:locale\" content=\"fr_CA\" \/>\n<meta property=\"og:type\" content=\"article\" \/>\n<meta property=\"og:title\" content=\"Connections for Good - Carlton Cards Environmental, Social and Governance Program\" \/>\n<meta property=\"og:description\" content=\"We champion social and environmental responsibility through our Connections for Good initiative. Explore our corporate governance programs.\" \/>\n<meta property=\"og:url\" content=\"https:\/\/carltoncards.ca\/fr\/about-us\/connections-for-good\/\" \/>\n<meta property=\"og:site_name\" content=\"Carlton Cards\" \/>\n<meta property=\"article:modified_time\" content=\"2024-12-10T18:50:24+00:00\" \/>\n<meta property=\"og:image\" content=\"https:\/\/carltoncards.ca\/wp-content\/uploads\/sites\/2\/2022\/05\/connections-for-good.jpg\" \/>\n<meta name=\"twitter:card\" content=\"summary_large_image\" \/>\n<meta name=\"twitter:label1\" content=\"Est. reading time\" \/>\n\t<meta name=\"twitter:data1\" content=\"2 minutes\" \/>\n<script type=\"application\/ld+json\" class=\"yoast-schema-graph\">{\"@context\":\"https:\/\/schema.org\",\"@graph\":[{\"@type\":\"WebPage\",\"@id\":\"https:\/\/carltoncards.ca\/about-us\/connections-for-good\/\",\"url\":\"https:\/\/carltoncards.ca\/about-us\/connections-for-good\/\",\"name\":\"Connections for Good - Carlton Cards Environmental, Social and Governance Program\",\"isPartOf\":{\"@id\":\"https:\/\/carltoncards.ca\/#website\"},\"primaryImageOfPage\":{\"@id\":\"https:\/\/carltoncards.ca\/about-us\/connections-for-good\/#primaryimage\"},\"image\":{\"@id\":\"https:\/\/carltoncards.ca\/about-us\/connections-for-good\/#primaryimage\"},\"thumbnailUrl\":\"https:\/\/carltoncards.ca\/wp-content\/uploads\/sites\/2\/2022\/05\/connections-for-good.jpg\",\"datePublished\":\"2021-09-22T16:25:55+00:00\",\"dateModified\":\"2024-12-10T18:50:24+00:00\",\"description\":\"We champion social and environmental responsibility through our Connections for Good initiative. Explore our corporate governance programs.\",\"breadcrumb\":{\"@id\":\"https:\/\/carltoncards.ca\/about-us\/connections-for-good\/#breadcrumb\"},\"inLanguage\":\"fr-CA\",\"potentialAction\":[{\"@type\":\"ReadAction\",\"target\":[\"https:\/\/carltoncards.ca\/about-us\/connections-for-good\/\"]}]},{\"@type\":\"ImageObject\",\"inLanguage\":\"fr-CA\",\"@id\":\"https:\/\/carltoncards.ca\/about-us\/connections-for-good\/#primaryimage\",\"url\":\"https:\/\/carltoncards.ca\/wp-content\/uploads\/sites\/2\/2022\/05\/connections-for-good.jpg\",\"contentUrl\":\"https:\/\/carltoncards.ca\/wp-content\/uploads\/sites\/2\/2022\/05\/connections-for-good.jpg\"},{\"@type\":\"BreadcrumbList\",\"@id\":\"https:\/\/carltoncards.ca\/about-us\/connections-for-good\/#breadcrumb\",\"itemListElement\":[{\"@type\":\"ListItem\",\"position\":1,\"name\":\"Home\",\"item\":\"https:\/\/carltoncards.ca\/\"},{\"@type\":\"ListItem\",\"position\":2,\"name\":\"About Us\",\"item\":\"https:\/\/carltoncards.ca\/about-us\/\"},{\"@type\":\"ListItem\",\"position\":3,\"name\":\"Connections for Good\"}]},{\"@type\":\"WebSite\",\"@id\":\"https:\/\/carltoncards.ca\/#website\",\"url\":\"https:\/\/carltoncards.ca\/\",\"name\":\"Carlton Cards\",\"description\":\"\",\"publisher\":{\"@id\":\"https:\/\/carltoncards.ca\/#organization\"},\"potentialAction\":[{\"@type\":\"SearchAction\",\"target\":{\"@type\":\"EntryPoint\",\"urlTemplate\":\"https:\/\/carltoncards.ca\/?s={search_term_string}\"},\"query-input\":\"required name=search_term_string\"}],\"inLanguage\":\"fr-CA\"},{\"@type\":\"Organization\",\"@id\":\"https:\/\/carltoncards.ca\/#organization\",\"name\":\"Carlton Cards\",\"url\":\"https:\/\/carltoncards.ca\/\",\"logo\":{\"@type\":\"ImageObject\",\"inLanguage\":\"fr-CA\",\"@id\":\"https:\/\/carltoncards.ca\/#\/schema\/logo\/image\/\",\"url\":\"https:\/\/carltoncards.ca\/wp-content\/uploads\/sites\/2\/2022\/08\/carlton-logo-2.png\",\"contentUrl\":\"https:\/\/carltoncards.ca\/wp-content\/uploads\/sites\/2\/2022\/08\/carlton-logo-2.png\",\"width\":1522,\"height\":422,\"caption\":\"Carlton Cards\"},\"image\":{\"@id\":\"https:\/\/carltoncards.ca\/#\/schema\/logo\/image\/\"}}]}<\/script>\n<!-- \/ Yoast SEO plugin. -->","yoast_head_json":{"title":"Connections for Good - Carlton Cards Environmental, Social and Governance Program","description":"We champion social and environmental responsibility through our Connections for Good initiative. Explore our corporate governance programs.","robots":{"index":"index","follow":"follow","max-snippet":"max-snippet:-1","max-image-preview":"max-image-preview:large","max-video-preview":"max-video-preview:-1"},"canonical":"https:\/\/carltoncards.ca\/fr\/about-us\/connections-for-good\/","og_locale":"fr_CA","og_type":"article","og_title":"Connections for Good - Carlton Cards Environmental, Social and Governance Program","og_description":"We champion social and environmental responsibility through our Connections for Good initiative. Explore our corporate governance programs.","og_url":"https:\/\/carltoncards.ca\/fr\/about-us\/connections-for-good\/","og_site_name":"Carlton Cards","article_modified_time":"2024-12-10T18:50:24+00:00","og_image":[{"url":"https:\/\/carltoncards.ca\/wp-content\/uploads\/sites\/2\/2022\/05\/connections-for-good.jpg"}],"twitter_card":"summary_large_image","twitter_misc":{"Est. reading time":"2 minutes"},"schema":{"@context":"https:\/\/schema.org","@graph":[{"@type":"WebPage","@id":"https:\/\/carltoncards.ca\/about-us\/connections-for-good\/","url":"https:\/\/carltoncards.ca\/about-us\/connections-for-good\/","name":"Connections for Good - Carlton Cards Environmental, Social and Governance Program","isPartOf":{"@id":"https:\/\/carltoncards.ca\/#website"},"primaryImageOfPage":{"@id":"https:\/\/carltoncards.ca\/about-us\/connections-for-good\/#primaryimage"},"image":{"@id":"https:\/\/carltoncards.ca\/about-us\/connections-for-good\/#primaryimage"},"thumbnailUrl":"https:\/\/carltoncards.ca\/wp-content\/uploads\/sites\/2\/2022\/05\/connections-for-good.jpg","datePublished":"2021-09-22T16:25:55+00:00","dateModified":"2024-12-10T18:50:24+00:00","description":"We champion social and environmental responsibility through our Connections for Good initiative. Explore our corporate governance programs.","breadcrumb":{"@id":"https:\/\/carltoncards.ca\/about-us\/connections-for-good\/#breadcrumb"},"inLanguage":"fr-CA","potentialAction":[{"@type":"ReadAction","target":["https:\/\/carltoncards.ca\/about-us\/connections-for-good\/"]}]},{"@type":"ImageObject","inLanguage":"fr-CA","@id":"https:\/\/carltoncards.ca\/about-us\/connections-for-good\/#primaryimage","url":"https:\/\/carltoncards.ca\/wp-content\/uploads\/sites\/2\/2022\/05\/connections-for-good.jpg","contentUrl":"https:\/\/carltoncards.ca\/wp-content\/uploads\/sites\/2\/2022\/05\/connections-for-good.jpg"},{"@type":"BreadcrumbList","@id":"https:\/\/carltoncards.ca\/about-us\/connections-for-good\/#breadcrumb","itemListElement":[{"@type":"ListItem","position":1,"name":"Home","item":"https:\/\/carltoncards.ca\/"},{"@type":"ListItem","position":2,"name":"About Us","item":"https:\/\/carltoncards.ca\/about-us\/"},{"@type":"ListItem","position":3,"name":"Connections for Good"}]},{"@type":"WebSite","@id":"https:\/\/carltoncards.ca\/#website","url":"https:\/\/carltoncards.ca\/","name":"Carlton Cards","description":"","publisher":{"@id":"https:\/\/carltoncards.ca\/#organization"},"potentialAction":[{"@type":"SearchAction","target":{"@type":"EntryPoint","urlTemplate":"https:\/\/carltoncards.ca\/?s={search_term_string}"},"query-input":"required name=search_term_string"}],"inLanguage":"fr-CA"},{"@type":"Organization","@id":"https:\/\/carltoncards.ca\/#organization","name":"Carlton Cards","url":"https:\/\/carltoncards.ca\/","logo":{"@type":"ImageObject","inLanguage":"fr-CA","@id":"https:\/\/carltoncards.ca\/#\/schema\/logo\/image\/","url":"https:\/\/carltoncards.ca\/wp-content\/uploads\/sites\/2\/2022\/08\/carlton-logo-2.png","contentUrl":"https:\/\/carltoncards.ca\/wp-content\/uploads\/sites\/2\/2022\/08\/carlton-logo-2.png","width":1522,"height":422,"caption":"Carlton Cards"},"image":{"@id":"https:\/\/carltoncards.ca\/#\/schema\/logo\/image\/"}}]}},"jetpack_sharing_enabled":true,"_links":{"self":[{"href":"https:\/\/carltoncards.ca\/fr\/wp-json\/wp\/v2\/pages\/862","targetHints":{"allow":["GET"]}}],"collection":[{"href":"https:\/\/carltoncards.ca\/fr\/wp-json\/wp\/v2\/pages"}],"about":[{"href":"https:\/\/carltoncards.ca\/fr\/wp-json\/wp\/v2\/types\/page"}],"author":[{"embeddable":true,"href":"https:\/\/carltoncards.ca\/fr\/wp-json\/wp\/v2\/users\/13"}],"replies":[{"embeddable":true,"href":"https:\/\/carltoncards.ca\/fr\/wp-json\/wp\/v2\/comments?post=862"}],"version-history":[{"count":9,"href":"https:\/\/carltoncards.ca\/fr\/wp-json\/wp\/v2\/pages\/862\/revisions"}],"predecessor-version":[{"id":5926,"href":"https:\/\/carltoncards.ca\/fr\/wp-json\/wp\/v2\/pages\/862\/revisions\/5926"}],"up":[{"embeddable":true,"href":"https:\/\/carltoncards.ca\/fr\/wp-json\/wp\/v2\/pages\/11"}],"wp:attachment":[{"href":"https:\/\/carltoncards.ca\/fr\/wp-json\/wp\/v2\/media?parent=862"}],"curies":[{"name":"wp","href":"https:\/\/api.w.org\/{rel}","templated":true}]}}