{"id":859,"date":"2021-09-22T12:21:53","date_gmt":"2021-09-22T16:21:53","guid":{"rendered":"https:\/\/corporate.americangreetings.com\/?page_id=859"},"modified":"2024-12-12T14:56:10","modified_gmt":"2024-12-12T19:56:10","slug":"our-planet","status":"publish","type":"page","link":"https:\/\/carltoncards.ca\/fr\/about-us\/connections-for-good\/our-planet\/","title":{"rendered":"Notre Plan\u00e8te"},"content":{"rendered":"<div class=\"wp-block-cover alignfull is-style-card-right\" style=\"min-height:100vh;aspect-ratio:unset;\"><span aria-hidden=\"true\" class=\"wp-block-cover__background has-black-background-color has-background-dim-0 has-background-dim\"><\/span><img loading=\"lazy\" decoding=\"async\" width=\"2400\" height=\"1600\" class=\"wp-block-cover__image-background wp-image-2063\" alt=\"Constellation in Mountain sky illustration.\" src=\"https:\/\/carltoncards.ca\/wp-content\/uploads\/sites\/2\/2022\/05\/our-planet-cover.jpg\" data-object-fit=\"cover\" srcset=\"https:\/\/carltoncards.ca\/wp-content\/uploads\/sites\/2\/2022\/05\/our-planet-cover.jpg 2400w, https:\/\/carltoncards.ca\/wp-content\/uploads\/sites\/2\/2022\/05\/our-planet-cover.jpg?resize=300,200 300w, https:\/\/carltoncards.ca\/wp-content\/uploads\/sites\/2\/2022\/05\/our-planet-cover.jpg?resize=768,512 768w, https:\/\/carltoncards.ca\/wp-content\/uploads\/sites\/2\/2022\/05\/our-planet-cover.jpg?resize=1024,683 1024w, https:\/\/carltoncards.ca\/wp-content\/uploads\/sites\/2\/2022\/05\/our-planet-cover.jpg?resize=1536,1024 1536w, https:\/\/carltoncards.ca\/wp-content\/uploads\/sites\/2\/2022\/05\/our-planet-cover.jpg?resize=2048,1365 2048w, https:\/\/carltoncards.ca\/wp-content\/uploads\/sites\/2\/2022\/05\/our-planet-cover.jpg?resize=18,12 18w\" sizes=\"auto, (max-width: 2400px) 100vw, 2400px\" \/><div class=\"wp-block-cover__inner-container is-layout-flow wp-block-cover-is-layout-flow\"><h1 style=\"text-transform:uppercase;\" class=\"wp-block-post-title has-text-color has-brand-color has-h-6-font-size\">Notre Plan\u00e8te<\/h1>\n\n\n<h2 class=\"has-foreground-color has-text-color has-h-4-font-size wp-block-heading\">Pour faire du monde un endroit plus attentionn\u00e9 et bienveillant, il faut d'abord respecter les ressources limit\u00e9es de notre plan\u00e8te et notre r\u00f4le dans leur maintien.<\/h2>\n<\/div><\/div>\n\n\n\n<div class=\"wp-block-group is-layout-flow wp-block-group-is-layout-flow\" style=\"padding-top:6rem;padding-bottom:6rem\">\n<div class=\"wp-block-columns are-vertically-aligned-top is-layout-flex wp-container-core-columns-is-layout-db8e66a5 wp-block-columns-is-layout-flex\" style=\"padding-top:0rem;padding-bottom:0rem\">\n<div class=\"wp-block-column is-vertically-aligned-top is-layout-flow wp-block-column-is-layout-flow\" style=\"flex-basis:33.33%\">\n<h3 class=\"has-h-5-font-size wp-block-heading\"><a href=\"https:\/\/corporate.americangreetings.com\/about-us\/\">\u00c0 propos de nous<\/a><\/h3>\n\n\n\n<hr class=\"wp-block-separator has-text-color has-foreground-color has-css-opacity has-foreground-background-color has-background is-style-dots\" \/>\n\n\n<nav class=\"is-vertical wp-block-navigation is-layout-flex wp-container-core-navigation-is-layout-fe9cc265 wp-block-navigation-is-layout-flex\" aria-label=\"About (nested)\"><ul class=\"wp-block-navigation__container  is-vertical wp-block-navigation\"><li class=\"wp-block-navigation-item wp-block-navigation-link\"><a class=\"wp-block-navigation-item__content\"  href=\"https:\/\/carltoncards.ca\/fr\/about-us\/mission-vision\/\"><span class=\"wp-block-navigation-item__label\">Mission Et Vision<\/span><\/a><\/li><li class=\"wp-block-navigation-item has-child wp-block-navigation-submenu\"><a class=\"wp-block-navigation-item__content\" href=\"https:\/\/carltoncards.ca\/fr\/about-us\/connections-for-good\/\"><span class=\"wp-block-navigation-item__label\">Des relations pour le bien<\/span><\/a><ul class=\"wp-block-navigation__submenu-container wp-block-navigation-submenu\"><li class=\"wp-block-navigation-item wp-block-navigation-link\"><a class=\"wp-block-navigation-item__content\"  href=\"https:\/\/carltoncards.ca\/fr\/about-us\/connections-for-good\/our-planet\/\"><span class=\"wp-block-navigation-item__label\">Notre Plan\u00e8te<\/span><\/a><\/li><li class=\"wp-block-navigation-item wp-block-navigation-link\"><a class=\"wp-block-navigation-item__content\"  href=\"https:\/\/carltoncards.ca\/fr\/about-us\/connections-for-good\/our-people\/\"><span class=\"wp-block-navigation-item__label\">Nos Gens<\/span><\/a><\/li><li class=\"wp-block-navigation-item wp-block-navigation-link\"><a class=\"wp-block-navigation-item__content\"  href=\"https:\/\/carltoncards.ca\/fr\/about-us\/connections-for-good\/our-policies\/\"><span class=\"wp-block-navigation-item__label\">Nos politiques<\/span><\/a><\/li><\/ul><\/li><li class=\"wp-block-navigation-item wp-block-navigation-link\"><a class=\"wp-block-navigation-item__content\"  href=\"https:\/\/carltoncards.ca\/fr\/about-us\/history\/\"><span class=\"wp-block-navigation-item__label\">Historique<\/span><\/a><\/li><li class=\"wp-block-navigation-item wp-block-navigation-link\"><a class=\"wp-block-navigation-item__content\"  href=\"https:\/\/carltoncards.ca\/fr\/about-us\/locations\/\"><span class=\"wp-block-navigation-item__label\">Emplacements<\/span><\/a><\/li><li class=\"wp-block-navigation-item wp-block-navigation-link\"><a class=\"wp-block-navigation-item__content\"  href=\"https:\/\/carltoncards.ca\/fr\/about-us\/contact-us\/\"><span class=\"wp-block-navigation-item__label\">Nous contacter<\/span><\/a><\/li><\/ul><\/nav><\/div>\n\n\n\n<div class=\"wp-block-column is-vertically-aligned-top is-layout-flow wp-block-column-is-layout-flow\" style=\"flex-basis:66.66%\">\n<h4 class=\"wp-block-heading\">En tant qu'entreprise qui se consacre \u00e0 rendre le monde plus attentionn\u00e9 et bienveillant, nous reconnaissons l'importance des ressources limit\u00e9es de notre plan\u00e8te et notre r\u00f4le dans leur maintien.<\/h4>\n\n\n\n<p>C'est dans cet esprit qu'American Greetings, soci\u00e9t\u00e9 m\u00e8re de Cartes Carlton, a lanc\u00e9 Activement vert, un programme \u00e0 l'\u00e9chelle de l'entreprise visant \u00e0 faire progresser nos efforts en mati\u00e8re de d\u00e9veloppement durable. Activement vert comporte cinq objectifs \u00e0 l'\u00e9chelle de l'entreprise \u00e0 atteindre d'ici 2025.<\/p>\n\n\n\n<p>Ces objectifs s'articulent autour de cinq \"R\" : Responsabilit\u00e9 en approvisionnement, utilisation de papier recycl\u00e9, r\u00e9duction des d\u00e9chets, recyclabilit\u00e9 et responsabilit\u00e9 de l'entreprise. Ces objectifs exigent la mise \u00e0 jour de nos produits, de nos processus et de nos pratiques personnelles afin de devenir une organisation plus respectueuse de l'environnement.<\/p>\n\n\n\n<p>Au Canada, Cartes Carlton s'engage \u00e0 recycler et a d\u00e9tourn\u00e9 plus de 2 200 tonnes de papier des sites d'enfouissement depuis 2013. En tant qu'entreprise, nous sommes \u00e9galement des intendants volontaires dans les programmes de recyclage des bo\u00eetes bleues en Ontario, au Qu\u00e9bec, au Manitoba et en Colombie-Britannique. <\/p>\n\n\n\n<p>Pour en savoir plus, veuillez lire \u00ab\u202fDes relations pour le bien\u202f\u00bb - notre rapport environnemental, social et de gouvernance.<\/p>\n\n\n\n<\/div>\n<\/div>\n<\/div>\n\n\n\n<div class=\"wp-block-group alignfull has-muted-background-color has-background is-layout-constrained wp-container-core-group-is-layout-778acb49 wp-block-group-is-layout-constrained\" style=\"padding-top:6rem;padding-right:4rem;padding-bottom:6rem;padding-left:4rem\">\n<h3 class=\"alignfull has-text-align-center has-h-3-font-size wp-block-heading\">D'ici 2025, American Greetings, la soci\u00e9t\u00e9 m\u00e8re de Cartes Carlton, s'efforce de:<\/h3>\n\n\n\n<div class=\"wp-block-columns is-layout-flex wp-container-core-columns-is-layout-ad400515 wp-block-columns-is-layout-flex\" style=\"padding-top:0rem;padding-right:4rem;padding-bottom:0rem;padding-left:4rem\">\n<div class=\"wp-block-column is-layout-flow wp-block-column-is-layout-flow\">\n<div class=\"wp-block-agcorp-icon has-text-align-left has-rose-background-color has-background\"><div class=\"wp-block-agcorp-icon__content\"><title>paper-plane icon<\/title><\/div><\/div>\n\n\n\n<h4 class=\"has-brand-color has-text-color has-h-1-font-size wp-block-heading\">90%<\/h4>\n\n\n\n<p>Trouver des sources durables pour plus de 90 % du papier que nous utilisons.<sup>R1<\/sup><\/p>\n\n\n\n<div class=\"wp-block-agcorp-icon has-text-align-left has-rose-background-color has-background\"><div class=\"wp-block-agcorp-icon__content\"><title>footprint icon<\/title><\/div><\/div>\n\n\n\n<h1 class=\"has-brand-color has-text-color wp-block-heading\">90%<\/h1>\n\n\n\n<p>Compenser plus de 90 % de l'empreinte carbone d'AG Creative Studios par des efforts de reforestation.<sup>R5<\/sup><\/p>\n<\/div>\n\n\n\n<div class=\"wp-block-column is-layout-flow wp-block-column-is-layout-flow\">\n<div class=\"wp-block-agcorp-icon has-text-align-left has-rose-background-color has-background\"><div class=\"wp-block-agcorp-icon__content\"><title>landscape icon<\/title><\/div><\/div>\n\n\n\n<h1 class=\"has-text-align-left has-brand-color has-text-color has-h-1-font-size wp-block-heading\">200<\/h1>\n\n\n\n<p class=\"has-text-align-left\">\u00c9liminer 200 tonnes de d\u00e9chets chez AG Creative Studios.<sup>R5<\/sup><\/p>\n\n\n\n<div class=\"wp-block-agcorp-icon has-text-align-left has-rose-background-color has-background\"><div class=\"wp-block-agcorp-icon__content\"><title>trash3 icon<\/title><\/div><\/div>\n\n\n\n<h1 class=\"has-brand-color has-text-color wp-block-heading\">50%<\/h1>\n\n\n\n<p>R\u00e9duire de 50 % la quantit\u00e9 de d\u00e9chets municipaux que nous envoyons dans les sites d'enfouissement.<sup>R3<\/sup><\/p>\n<\/div>\n\n\n\n<div class=\"wp-block-column is-layout-flow wp-block-column-is-layout-flow\">\n\n\n<p><\/p>\n\n\n\n<h1 class=\"has-brand-color has-text-color wp-block-heading\">10%<\/h1>\n\n\n\n<p class=\"has-text-align-left\">S'assurer qu'au moins 10 % des fibres de papier que nous utilisons proviennent de d\u00e9chets post-consommation.<sup>R2<\/sup><\/p>\n<\/div>\n<\/div>\n\n\n\n<div class=\"wp-block-columns is-layout-flex wp-container-core-columns-is-layout-28f84493 wp-block-columns-is-layout-flex\">\n<div class=\"wp-block-column is-layout-flow wp-block-column-is-layout-flow\" style=\"flex-basis:100%\"><\/div>\n<\/div>\n\n\n\n<p class=\"has-sm-font-size\"><sup>R1 \u2014 Les donn\u00e9es incluent le papier achet\u00e9 en Am\u00e9rique du Nord, en Asie et au Royaume-Uni pour toutes les cat\u00e9gories de produits. Ann\u00e9e de r\u00e9f\u00e9rence : exercice 2017 (mars 2016 \u2013 f\u00e9vrier 2017).<br>R2 \u2014 Les donn\u00e9es incluent les cartes de v\u0153ux de la marque American Greetings. Ann\u00e9e de r\u00e9f\u00e9rence : exercice 2017 (mars 2016 \u2013 f\u00e9vrier 2017).<br>R3 \u2014 Les donn\u00e9es incluent la distribution aux \u00c9tats-Unis et le commerce de d\u00e9tail en Am\u00e9rique du Nord (\u00e0 l\u2019exception de Plus Mark), toutes cat\u00e9gories de produits confondues. Ann\u00e9e de r\u00e9f\u00e9rence : exercice 2017 (mars 2016 \u2013 f\u00e9vrier 2017).<br>R5 \u2014 Bas\u00e9 sur le si\u00e8ge social mondial de Westlake. Ann\u00e9e de r\u00e9f\u00e9rence : exercice 2018 (mars 2017 \u2013 f\u00e9vrier 2018).<\/sup><\/p>\n<\/div>","protected":false},"excerpt":{"rendered":"<p>About Us As a company dedicated to making the world a more thoughtful and caring place, we recognize the importance of our planet\u2019s limited resources and our role in sustaining them. With that in mind, American Greetings, Carlton Cards\u2019 parent company, launched Actively Green, a corporate-wide program to advance our sustainability efforts. Actively Green has [&hellip;]<\/p>","protected":false},"author":13,"featured_media":0,"parent":862,"menu_order":0,"comment_status":"closed","ping_status":"closed","template":"","meta":{"footnotes":""},"class_list":["post-859","page","type-page","status-publish","hentry"],"yoast_head":"<!-- This site is optimized with the Yoast SEO plugin v23.2 - https:\/\/yoast.com\/wordpress\/plugins\/seo\/ -->\n<title>Actively Green - Carlton Cards<\/title>\n<meta name=\"description\" content=\"Our Actively Green initiative is a dedication to making our products and processes more sustainable across our organization.\" \/>\n<meta name=\"robots\" content=\"index, follow, max-snippet:-1, max-image-preview:large, max-video-preview:-1\" \/>\n<link rel=\"canonical\" href=\"https:\/\/carltoncards.ca\/fr\/about-us\/connections-for-good\/our-planet\/\" \/>\n<meta property=\"og:locale\" content=\"fr_CA\" \/>\n<meta property=\"og:type\" content=\"article\" \/>\n<meta property=\"og:title\" content=\"Actively Green - Carlton Cards\" \/>\n<meta property=\"og:description\" content=\"Our Actively Green initiative is a dedication to making our products and processes more sustainable across our organization.\" \/>\n<meta property=\"og:url\" content=\"https:\/\/carltoncards.ca\/fr\/about-us\/connections-for-good\/our-planet\/\" \/>\n<meta property=\"og:site_name\" content=\"Carlton Cards\" \/>\n<meta property=\"article:modified_time\" content=\"2024-12-12T19:56:10+00:00\" \/>\n<meta property=\"og:image\" content=\"https:\/\/carltoncards.ca\/wp-content\/uploads\/sites\/2\/2022\/05\/our-planet-cover.jpg\" \/>\n<meta name=\"twitter:card\" content=\"summary_large_image\" \/>\n<meta name=\"twitter:label1\" content=\"Est. reading time\" \/>\n\t<meta name=\"twitter:data1\" content=\"2 minutes\" \/>\n<script type=\"application\/ld+json\" class=\"yoast-schema-graph\">{\"@context\":\"https:\/\/schema.org\",\"@graph\":[{\"@type\":\"WebPage\",\"@id\":\"https:\/\/carltoncards.ca\/about-us\/connections-for-good\/our-planet\/\",\"url\":\"https:\/\/carltoncards.ca\/about-us\/connections-for-good\/our-planet\/\",\"name\":\"Actively Green - Carlton Cards\",\"isPartOf\":{\"@id\":\"https:\/\/carltoncards.ca\/#website\"},\"primaryImageOfPage\":{\"@id\":\"https:\/\/carltoncards.ca\/about-us\/connections-for-good\/our-planet\/#primaryimage\"},\"image\":{\"@id\":\"https:\/\/carltoncards.ca\/about-us\/connections-for-good\/our-planet\/#primaryimage\"},\"thumbnailUrl\":\"https:\/\/carltoncards.ca\/wp-content\/uploads\/sites\/2\/2022\/05\/our-planet-cover.jpg\",\"datePublished\":\"2021-09-22T16:21:53+00:00\",\"dateModified\":\"2024-12-12T19:56:10+00:00\",\"description\":\"Our Actively Green initiative is a dedication to making our products and processes more sustainable across our organization.\",\"breadcrumb\":{\"@id\":\"https:\/\/carltoncards.ca\/about-us\/connections-for-good\/our-planet\/#breadcrumb\"},\"inLanguage\":\"fr-CA\",\"potentialAction\":[{\"@type\":\"ReadAction\",\"target\":[\"https:\/\/carltoncards.ca\/about-us\/connections-for-good\/our-planet\/\"]}]},{\"@type\":\"ImageObject\",\"inLanguage\":\"fr-CA\",\"@id\":\"https:\/\/carltoncards.ca\/about-us\/connections-for-good\/our-planet\/#primaryimage\",\"url\":\"https:\/\/carltoncards.ca\/wp-content\/uploads\/sites\/2\/2022\/05\/our-planet-cover.jpg\",\"contentUrl\":\"https:\/\/carltoncards.ca\/wp-content\/uploads\/sites\/2\/2022\/05\/our-planet-cover.jpg\"},{\"@type\":\"BreadcrumbList\",\"@id\":\"https:\/\/carltoncards.ca\/about-us\/connections-for-good\/our-planet\/#breadcrumb\",\"itemListElement\":[{\"@type\":\"ListItem\",\"position\":1,\"name\":\"Home\",\"item\":\"https:\/\/carltoncards.ca\/\"},{\"@type\":\"ListItem\",\"position\":2,\"name\":\"About Us\",\"item\":\"https:\/\/carltoncards.ca\/about-us\/\"},{\"@type\":\"ListItem\",\"position\":3,\"name\":\"Connections for Good\",\"item\":\"https:\/\/carltoncards.ca\/about-us\/connections-for-good\/\"},{\"@type\":\"ListItem\",\"position\":4,\"name\":\"Our Planet\"}]},{\"@type\":\"WebSite\",\"@id\":\"https:\/\/carltoncards.ca\/#website\",\"url\":\"https:\/\/carltoncards.ca\/\",\"name\":\"Carlton Cards\",\"description\":\"\",\"publisher\":{\"@id\":\"https:\/\/carltoncards.ca\/#organization\"},\"potentialAction\":[{\"@type\":\"SearchAction\",\"target\":{\"@type\":\"EntryPoint\",\"urlTemplate\":\"https:\/\/carltoncards.ca\/?s={search_term_string}\"},\"query-input\":\"required name=search_term_string\"}],\"inLanguage\":\"fr-CA\"},{\"@type\":\"Organization\",\"@id\":\"https:\/\/carltoncards.ca\/#organization\",\"name\":\"Carlton Cards\",\"url\":\"https:\/\/carltoncards.ca\/\",\"logo\":{\"@type\":\"ImageObject\",\"inLanguage\":\"fr-CA\",\"@id\":\"https:\/\/carltoncards.ca\/#\/schema\/logo\/image\/\",\"url\":\"https:\/\/carltoncards.ca\/wp-content\/uploads\/sites\/2\/2022\/08\/carlton-logo-2.png\",\"contentUrl\":\"https:\/\/carltoncards.ca\/wp-content\/uploads\/sites\/2\/2022\/08\/carlton-logo-2.png\",\"width\":1522,\"height\":422,\"caption\":\"Carlton Cards\"},\"image\":{\"@id\":\"https:\/\/carltoncards.ca\/#\/schema\/logo\/image\/\"}}]}<\/script>\n<!-- \/ Yoast SEO plugin. -->","yoast_head_json":{"title":"Actively Green - Carlton Cards","description":"Our Actively Green initiative is a dedication to making our products and processes more sustainable across our organization.","robots":{"index":"index","follow":"follow","max-snippet":"max-snippet:-1","max-image-preview":"max-image-preview:large","max-video-preview":"max-video-preview:-1"},"canonical":"https:\/\/carltoncards.ca\/fr\/about-us\/connections-for-good\/our-planet\/","og_locale":"fr_CA","og_type":"article","og_title":"Actively Green - Carlton Cards","og_description":"Our Actively Green initiative is a dedication to making our products and processes more sustainable across our organization.","og_url":"https:\/\/carltoncards.ca\/fr\/about-us\/connections-for-good\/our-planet\/","og_site_name":"Carlton Cards","article_modified_time":"2024-12-12T19:56:10+00:00","og_image":[{"url":"https:\/\/carltoncards.ca\/wp-content\/uploads\/sites\/2\/2022\/05\/our-planet-cover.jpg"}],"twitter_card":"summary_large_image","twitter_misc":{"Est. reading time":"2 minutes"},"schema":{"@context":"https:\/\/schema.org","@graph":[{"@type":"WebPage","@id":"https:\/\/carltoncards.ca\/about-us\/connections-for-good\/our-planet\/","url":"https:\/\/carltoncards.ca\/about-us\/connections-for-good\/our-planet\/","name":"Actively Green - Carlton Cards","isPartOf":{"@id":"https:\/\/carltoncards.ca\/#website"},"primaryImageOfPage":{"@id":"https:\/\/carltoncards.ca\/about-us\/connections-for-good\/our-planet\/#primaryimage"},"image":{"@id":"https:\/\/carltoncards.ca\/about-us\/connections-for-good\/our-planet\/#primaryimage"},"thumbnailUrl":"https:\/\/carltoncards.ca\/wp-content\/uploads\/sites\/2\/2022\/05\/our-planet-cover.jpg","datePublished":"2021-09-22T16:21:53+00:00","dateModified":"2024-12-12T19:56:10+00:00","description":"Our Actively Green initiative is a dedication to making our products and processes more sustainable across our organization.","breadcrumb":{"@id":"https:\/\/carltoncards.ca\/about-us\/connections-for-good\/our-planet\/#breadcrumb"},"inLanguage":"fr-CA","potentialAction":[{"@type":"ReadAction","target":["https:\/\/carltoncards.ca\/about-us\/connections-for-good\/our-planet\/"]}]},{"@type":"ImageObject","inLanguage":"fr-CA","@id":"https:\/\/carltoncards.ca\/about-us\/connections-for-good\/our-planet\/#primaryimage","url":"https:\/\/carltoncards.ca\/wp-content\/uploads\/sites\/2\/2022\/05\/our-planet-cover.jpg","contentUrl":"https:\/\/carltoncards.ca\/wp-content\/uploads\/sites\/2\/2022\/05\/our-planet-cover.jpg"},{"@type":"BreadcrumbList","@id":"https:\/\/carltoncards.ca\/about-us\/connections-for-good\/our-planet\/#breadcrumb","itemListElement":[{"@type":"ListItem","position":1,"name":"Home","item":"https:\/\/carltoncards.ca\/"},{"@type":"ListItem","position":2,"name":"About Us","item":"https:\/\/carltoncards.ca\/about-us\/"},{"@type":"ListItem","position":3,"name":"Connections for Good","item":"https:\/\/carltoncards.ca\/about-us\/connections-for-good\/"},{"@type":"ListItem","position":4,"name":"Our Planet"}]},{"@type":"WebSite","@id":"https:\/\/carltoncards.ca\/#website","url":"https:\/\/carltoncards.ca\/","name":"Carlton Cards","description":"","publisher":{"@id":"https:\/\/carltoncards.ca\/#organization"},"potentialAction":[{"@type":"SearchAction","target":{"@type":"EntryPoint","urlTemplate":"https:\/\/carltoncards.ca\/?s={search_term_string}"},"query-input":"required name=search_term_string"}],"inLanguage":"fr-CA"},{"@type":"Organization","@id":"https:\/\/carltoncards.ca\/#organization","name":"Carlton Cards","url":"https:\/\/carltoncards.ca\/","logo":{"@type":"ImageObject","inLanguage":"fr-CA","@id":"https:\/\/carltoncards.ca\/#\/schema\/logo\/image\/","url":"https:\/\/carltoncards.ca\/wp-content\/uploads\/sites\/2\/2022\/08\/carlton-logo-2.png","contentUrl":"https:\/\/carltoncards.ca\/wp-content\/uploads\/sites\/2\/2022\/08\/carlton-logo-2.png","width":1522,"height":422,"caption":"Carlton Cards"},"image":{"@id":"https:\/\/carltoncards.ca\/#\/schema\/logo\/image\/"}}]}},"jetpack_sharing_enabled":true,"_links":{"self":[{"href":"https:\/\/carltoncards.ca\/fr\/wp-json\/wp\/v2\/pages\/859","targetHints":{"allow":["GET"]}}],"collection":[{"href":"https:\/\/carltoncards.ca\/fr\/wp-json\/wp\/v2\/pages"}],"about":[{"href":"https:\/\/carltoncards.ca\/fr\/wp-json\/wp\/v2\/types\/page"}],"author":[{"embeddable":true,"href":"https:\/\/carltoncards.ca\/fr\/wp-json\/wp\/v2\/users\/13"}],"replies":[{"embeddable":true,"href":"https:\/\/carltoncards.ca\/fr\/wp-json\/wp\/v2\/comments?post=859"}],"version-history":[{"count":11,"href":"https:\/\/carltoncards.ca\/fr\/wp-json\/wp\/v2\/pages\/859\/revisions"}],"predecessor-version":[{"id":4924,"href":"https:\/\/carltoncards.ca\/fr\/wp-json\/wp\/v2\/pages\/859\/revisions\/4924"}],"up":[{"embeddable":true,"href":"https:\/\/carltoncards.ca\/fr\/wp-json\/wp\/v2\/pages\/862"}],"wp:attachment":[{"href":"https:\/\/carltoncards.ca\/fr\/wp-json\/wp\/v2\/media?parent=859"}],"curies":[{"name":"wp","href":"https:\/\/api.w.org\/{rel}","templated":true}]}}