{"id":40,"date":"2021-07-29T13:58:33","date_gmt":"2021-07-29T13:58:33","guid":{"rendered":"https:\/\/corporate.americangreetings.com\/?page_id=40"},"modified":"2024-12-12T15:01:42","modified_gmt":"2024-12-12T20:01:42","slug":"contact-us","status":"publish","type":"page","link":"https:\/\/carltoncards.ca\/fr\/about-us\/contact-us\/","title":{"rendered":"Nous contacter"},"content":{"rendered":"<div class=\"wp-block-cover alignfull is-style-card-left\" style=\"min-height:100vh;aspect-ratio:unset;\"><span aria-hidden=\"true\" class=\"wp-block-cover__background has-rose-background-color has-background-dim-0 has-background-dim\"><\/span><img loading=\"lazy\" decoding=\"async\" width=\"2560\" height=\"1668\" class=\"wp-block-cover__image-background wp-image-3768\" alt=\"\" src=\"https:\/\/carltoncards.ca\/wp-content\/uploads\/sites\/2\/2022\/08\/CC-Contact-Us_Hero.jpeg\" style=\"object-position:58% 39%\" data-object-fit=\"cover\" data-object-position=\"58% 39%\" srcset=\"https:\/\/carltoncards.ca\/wp-content\/uploads\/sites\/2\/2022\/08\/CC-Contact-Us_Hero.jpeg 2560w, https:\/\/carltoncards.ca\/wp-content\/uploads\/sites\/2\/2022\/08\/CC-Contact-Us_Hero.jpeg?resize=300,195 300w, https:\/\/carltoncards.ca\/wp-content\/uploads\/sites\/2\/2022\/08\/CC-Contact-Us_Hero.jpeg?resize=768,500 768w, https:\/\/carltoncards.ca\/wp-content\/uploads\/sites\/2\/2022\/08\/CC-Contact-Us_Hero.jpeg?resize=1024,667 1024w, https:\/\/carltoncards.ca\/wp-content\/uploads\/sites\/2\/2022\/08\/CC-Contact-Us_Hero.jpeg?resize=1536,1001 1536w, https:\/\/carltoncards.ca\/wp-content\/uploads\/sites\/2\/2022\/08\/CC-Contact-Us_Hero.jpeg?resize=2048,1334 2048w, https:\/\/carltoncards.ca\/wp-content\/uploads\/sites\/2\/2022\/08\/CC-Contact-Us_Hero.jpeg?resize=18,12 18w\" sizes=\"auto, (max-width: 2560px) 100vw, 2560px\" \/><div class=\"wp-block-cover__inner-container is-layout-flow wp-block-cover-is-layout-flow\"><h1 style=\"text-transform:uppercase;\" class=\"wp-block-post-title has-text-color has-brand-color has-h-6-font-size\">Nous contacter<\/h1>\n\n\n<h2 class=\"has-foreground-color has-text-color has-h-4-font-size wp-block-heading\">Nous sommes Cartes Carlton. La destination pour les c\u00e9l\u00e9brations.<\/h2>\n\n\n\n<p class=\"has-foreground-color has-text-color\">Communiquez avec nous par t\u00e9l\u00e9phone ou par courriel.<\/p>\n<\/div><\/div>\n\n\n\n<div class=\"wp-block-group is-layout-flow wp-block-group-is-layout-flow\" style=\"padding-top:6rem;padding-bottom:6rem\">\n<div class=\"wp-block-columns is-layout-flex wp-container-core-columns-is-layout-28f84493 wp-block-columns-is-layout-flex\">\n<div class=\"wp-block-column is-layout-flow wp-block-column-is-layout-flow\" style=\"flex-basis:66.66%\">\n<h3 class=\"wp-block-heading\">Service \u00e0 la client\u00e8le<\/h3>\n\n\n\n<div class=\"wp-block-group is-layout-flex wp-block-group-is-layout-flex\">\n<div class=\"wp-block-group is-layout-constrained wp-container-core-group-is-layout-cad99845 wp-block-group-is-layout-constrained\">\n<h4 class=\"has-h-6-font-size wp-block-heading\">Demandes de renseignements sur Cartes Carlton \/ Adh\u00e9sion en ligne<\/h4>\n\n\n\n<hr class=\"wp-block-separator has-css-opacity is-style-dots\" \/>\n\n\n\n<p><a href=\"mailto:help@americangreetings.com\">Envoyez-nous un courriel<\/a>&nbsp;<\/p>\n\n\n\n<p><a href=\"tel:800.711.4474\">800.711.4474<\/a><\/p>\n<\/div>\n\n\n\n<div class=\"wp-block-group is-layout-constrained wp-container-core-group-is-layout-cad99845 wp-block-group-is-layout-constrained\">\n<h4 class=\"has-h-6-font-size wp-block-heading\">Demandes de renseignements sur les relations avec les consommateurs \/ Achats en magasin<\/h4>\n\n\n\n<hr class=\"wp-block-separator has-css-opacity is-style-dots\" \/>\n\n\n\n<p><a href=\"mailto:Consumer.Relations@amgreetings.com\">Envoyez-nous un courriel<\/a><\/p>\n\n\n\n<p><a href=\"tel:800-777-4891\">800.777.4891<\/a><\/p>\n<\/div>\n<\/div>\n\n\n\n<h3 class=\"wp-block-heading\" style=\"margin-top:4rem\">Demandes des d\u00e9taillants<\/h3>\n\n\n\n<div class=\"wp-block-group is-layout-flex wp-block-group-is-layout-flex\">\n<div class=\"wp-block-group is-layout-constrained wp-container-core-group-is-layout-cad99845 wp-block-group-is-layout-constrained\">\n<h4 class=\"has-h-6-font-size wp-block-heading\" id=\"block-d94b5bb8-8257-4b17-b55a-f6088e70b0bd\">Vous souhaitez vendre les produits Cartes Carlton?<\/h4>\n\n\n\n<hr class=\"wp-block-separator is-style-dots\" id=\"block-3b860b56-1f72-4d97-aaa5-07b43dab7b2c\" \/>\n\n\n\n<p id=\"block-a21793bf-4d68-4ff4-b6b5-0d0553c49c82\"><a href=\"mailto:Retailer.Relations@amgreetings.com\">Envoyez-nous un courriel<\/a><\/p>\n\n\n\n<p id=\"block-052b9386-d85b-4519-841c-cfe1e3a2d88b\"><a href=\"tel:1.800.442.766\" target=\"_blank\" rel=\"noreferrer noopener\">1.800.442.7662<\/a><\/p>\n<\/div>\n\n\n\n<div class=\"wp-block-group is-layout-constrained wp-container-core-group-is-layout-cad99845 wp-block-group-is-layout-constrained\">\n<h4 class=\"has-h-6-font-size wp-block-heading\">Services financiers pour la facturation des d\u00e9taillants<\/h4>\n\n\n\n<hr class=\"wp-block-separator has-css-opacity is-style-dots\" \/>\n\n\n\n<p><a href=\"mailto:accounthelp@amgreetings.com\" target=\"_blank\" rel=\"noreferrer noopener\">Envoyez-nous un courriel<\/a><\/p>\n\n\n\n<p><a href=\"tel:800.527.9560\">1.<\/a><a href=\"tel:800.527.9560\" target=\"_blank\" rel=\"noreferrer noopener\">800.527.9560<\/a> <\/p>\n<\/div>\n<\/div>\n\n\n\n<h4 class=\"has-h-5-font-size wp-block-heading\" id=\"block-8458ca48-1bc6-40e2-a95c-596e6f901392\" style=\"margin-top:2rem\">Service \u00e0 la client\u00e8le pour les d\u00e9taillants<\/h4>\n\n\n\n<p id=\"block-0744cf99-ec6b-49cc-b394-8d1c97985d97\"><a href=\"tel:1.800.729.9188\">1.800.729.9188<\/a><\/p>\n<\/div>\n\n\n\n<div class=\"wp-block-column is-layout-flow wp-block-column-is-layout-flow\" style=\"flex-basis:33.33%\">\n<figure class=\"wp-block-image size-large\"><img loading=\"lazy\" decoding=\"async\" height=\"683\" width=\"1024\" src=\"https:\/\/carltoncards.ca\/wp-content\/uploads\/sites\/2\/2022\/08\/CC-Final.Contact-Us.banner.jpeg?w=1024\" alt=\"\" class=\"wp-image-3767\" srcset=\"https:\/\/carltoncards.ca\/wp-content\/uploads\/sites\/2\/2022\/08\/CC-Final.Contact-Us.banner.jpeg 2560w, https:\/\/carltoncards.ca\/wp-content\/uploads\/sites\/2\/2022\/08\/CC-Final.Contact-Us.banner.jpeg?resize=300,200 300w, https:\/\/carltoncards.ca\/wp-content\/uploads\/sites\/2\/2022\/08\/CC-Final.Contact-Us.banner.jpeg?resize=768,512 768w, https:\/\/carltoncards.ca\/wp-content\/uploads\/sites\/2\/2022\/08\/CC-Final.Contact-Us.banner.jpeg?resize=1024,683 1024w, https:\/\/carltoncards.ca\/wp-content\/uploads\/sites\/2\/2022\/08\/CC-Final.Contact-Us.banner.jpeg?resize=1536,1024 1536w, https:\/\/carltoncards.ca\/wp-content\/uploads\/sites\/2\/2022\/08\/CC-Final.Contact-Us.banner.jpeg?resize=2048,1366 2048w, https:\/\/carltoncards.ca\/wp-content\/uploads\/sites\/2\/2022\/08\/CC-Final.Contact-Us.banner.jpeg?resize=18,12 18w\" sizes=\"auto, (max-width: 1024px) 100vw, 1024px\" \/><\/figure>\n\n\n\n<h4 class=\"has-h-5-font-size wp-block-heading\">Carlton Cards Ltd. <\/h4>\n\n\n\n<p>1820 Matheson Blvd.<br>Mississauga, Ontario L4W 0B3<\/p>\n\n\n\n<p><a href=\"tel:+19052196410\">905.219.6410 <\/a><\/p>\n\n\n\n<p> <a href=\"\/fr\/+18006632273\/\">1.800.663.2273<\/a><\/p>\n\n\n\n<h5 class=\"wp-block-heading\">Cartes Carlton<\/h5>\n\n\n\n<p>10561 Boul Louis H Lafontaine<br> Anjou, Quebec H1J 2E8<\/p>\n\n\n\n<p><a href=\"tel:+15143533900\">514.353-3900<\/a>   <\/p>\n\n\n\n<p>  <a href=\"tel:+18003614581\">1.800.361.4581<\/a><\/p>\n\n\n\n<h5 class=\"wp-block-heading\">Joignez-vous \u00e0 notre \u00e9quipe<\/h5>\n\n\n\n<div class=\"wp-block-buttons is-horizontal is-layout-flex wp-block-buttons-is-layout-flex\">\n<div class=\"wp-block-button\"><a class=\"wp-block-button__link wp-element-button\" href=\"https:\/\/carltoncards.ca\/fr\/careers\/\">Carri\u00e8res<\/a><\/div>\n<\/div>\n<\/div>\n<\/div>\n<\/div>","protected":false},"excerpt":{"rendered":"<p>Customer Service Carlton Cards Inquiries \/ Online Memberships Email Us&nbsp; 800.711.4474 Consumer Relations Inquiries \/ In-Store Purchases Email Us 800.777.4891 Retailer Inquiries Interested in selling Carlton Cards products? Email Us 1.800.442.7662 Retailer Financial Services for Billing and Invoicing Email Us 1.800.527.9560 Retailer Customer Service 1.800.729.9188 Carlton Cards Ltd. 1820 Matheson Blvd.Mississauga, Ontario L4W 0B3 905.219.6410 [&hellip;]<\/p>","protected":false},"author":13,"featured_media":0,"parent":11,"menu_order":0,"comment_status":"closed","ping_status":"closed","template":"","meta":{"footnotes":""},"class_list":["post-40","page","type-page","status-publish","hentry"],"yoast_head":"<!-- This site is optimized with the Yoast SEO plugin v23.2 - https:\/\/yoast.com\/wordpress\/plugins\/seo\/ -->\n<title>Contact Us - Carlton Cards Contact Information<\/title>\n<meta name=\"description\" content=\"Find contact information for Carlton Cards\u2019 customer service and retailer inquiries. Contact us today!\" \/>\n<meta name=\"robots\" content=\"index, follow, max-snippet:-1, max-image-preview:large, max-video-preview:-1\" \/>\n<link rel=\"canonical\" href=\"https:\/\/carltoncards.ca\/fr\/about-us\/contact-us\/\" \/>\n<meta property=\"og:locale\" content=\"fr_CA\" \/>\n<meta property=\"og:type\" content=\"article\" \/>\n<meta property=\"og:title\" content=\"Contact Us - Carlton Cards Contact Information\" \/>\n<meta property=\"og:description\" content=\"Find contact information for Carlton Cards\u2019 customer service and retailer inquiries. Contact us today!\" \/>\n<meta property=\"og:url\" content=\"https:\/\/carltoncards.ca\/fr\/about-us\/contact-us\/\" \/>\n<meta property=\"og:site_name\" content=\"Carlton Cards\" \/>\n<meta property=\"article:modified_time\" content=\"2024-12-12T20:01:42+00:00\" \/>\n<meta property=\"og:image\" content=\"https:\/\/carltoncards.ca\/wp-content\/uploads\/sites\/2\/2022\/08\/CC-Contact-Us_Hero.jpeg\" \/>\n<meta name=\"twitter:card\" content=\"summary_large_image\" \/>\n<meta name=\"twitter:label1\" content=\"Est. reading time\" \/>\n\t<meta name=\"twitter:data1\" content=\"1 minute\" \/>\n<script type=\"application\/ld+json\" class=\"yoast-schema-graph\">{\"@context\":\"https:\/\/schema.org\",\"@graph\":[{\"@type\":\"WebPage\",\"@id\":\"https:\/\/carltoncards.ca\/about-us\/contact-us\/\",\"url\":\"https:\/\/carltoncards.ca\/about-us\/contact-us\/\",\"name\":\"Contact Us - Carlton Cards Contact Information\",\"isPartOf\":{\"@id\":\"https:\/\/carltoncards.ca\/#website\"},\"primaryImageOfPage\":{\"@id\":\"https:\/\/carltoncards.ca\/about-us\/contact-us\/#primaryimage\"},\"image\":{\"@id\":\"https:\/\/carltoncards.ca\/about-us\/contact-us\/#primaryimage\"},\"thumbnailUrl\":\"https:\/\/carltoncards.ca\/wp-content\/uploads\/sites\/2\/2022\/08\/CC-Contact-Us_Hero.jpeg\",\"datePublished\":\"2021-07-29T13:58:33+00:00\",\"dateModified\":\"2024-12-12T20:01:42+00:00\",\"description\":\"Find contact information for Carlton Cards\u2019 customer service and retailer inquiries. Contact us today!\",\"breadcrumb\":{\"@id\":\"https:\/\/carltoncards.ca\/about-us\/contact-us\/#breadcrumb\"},\"inLanguage\":\"fr-CA\",\"potentialAction\":[{\"@type\":\"ReadAction\",\"target\":[\"https:\/\/carltoncards.ca\/about-us\/contact-us\/\"]}]},{\"@type\":\"ImageObject\",\"inLanguage\":\"fr-CA\",\"@id\":\"https:\/\/carltoncards.ca\/about-us\/contact-us\/#primaryimage\",\"url\":\"https:\/\/carltoncards.ca\/wp-content\/uploads\/sites\/2\/2022\/08\/CC-Contact-Us_Hero.jpeg\",\"contentUrl\":\"https:\/\/carltoncards.ca\/wp-content\/uploads\/sites\/2\/2022\/08\/CC-Contact-Us_Hero.jpeg\"},{\"@type\":\"BreadcrumbList\",\"@id\":\"https:\/\/carltoncards.ca\/about-us\/contact-us\/#breadcrumb\",\"itemListElement\":[{\"@type\":\"ListItem\",\"position\":1,\"name\":\"Home\",\"item\":\"https:\/\/carltoncards.ca\/\"},{\"@type\":\"ListItem\",\"position\":2,\"name\":\"About Us\",\"item\":\"https:\/\/carltoncards.ca\/about-us\/\"},{\"@type\":\"ListItem\",\"position\":3,\"name\":\"Contact Us\"}]},{\"@type\":\"WebSite\",\"@id\":\"https:\/\/carltoncards.ca\/#website\",\"url\":\"https:\/\/carltoncards.ca\/\",\"name\":\"Carlton Cards\",\"description\":\"\",\"publisher\":{\"@id\":\"https:\/\/carltoncards.ca\/#organization\"},\"potentialAction\":[{\"@type\":\"SearchAction\",\"target\":{\"@type\":\"EntryPoint\",\"urlTemplate\":\"https:\/\/carltoncards.ca\/?s={search_term_string}\"},\"query-input\":\"required name=search_term_string\"}],\"inLanguage\":\"fr-CA\"},{\"@type\":\"Organization\",\"@id\":\"https:\/\/carltoncards.ca\/#organization\",\"name\":\"Carlton Cards\",\"url\":\"https:\/\/carltoncards.ca\/\",\"logo\":{\"@type\":\"ImageObject\",\"inLanguage\":\"fr-CA\",\"@id\":\"https:\/\/carltoncards.ca\/#\/schema\/logo\/image\/\",\"url\":\"https:\/\/carltoncards.ca\/wp-content\/uploads\/sites\/2\/2022\/08\/carlton-logo-2.png\",\"contentUrl\":\"https:\/\/carltoncards.ca\/wp-content\/uploads\/sites\/2\/2022\/08\/carlton-logo-2.png\",\"width\":1522,\"height\":422,\"caption\":\"Carlton Cards\"},\"image\":{\"@id\":\"https:\/\/carltoncards.ca\/#\/schema\/logo\/image\/\"}}]}<\/script>\n<!-- \/ Yoast SEO plugin. -->","yoast_head_json":{"title":"Contact Us - Carlton Cards Contact Information","description":"Find contact information for Carlton Cards\u2019 customer service and retailer inquiries. Contact us today!","robots":{"index":"index","follow":"follow","max-snippet":"max-snippet:-1","max-image-preview":"max-image-preview:large","max-video-preview":"max-video-preview:-1"},"canonical":"https:\/\/carltoncards.ca\/fr\/about-us\/contact-us\/","og_locale":"fr_CA","og_type":"article","og_title":"Contact Us - Carlton Cards Contact Information","og_description":"Find contact information for Carlton Cards\u2019 customer service and retailer inquiries. Contact us today!","og_url":"https:\/\/carltoncards.ca\/fr\/about-us\/contact-us\/","og_site_name":"Carlton Cards","article_modified_time":"2024-12-12T20:01:42+00:00","og_image":[{"url":"https:\/\/carltoncards.ca\/wp-content\/uploads\/sites\/2\/2022\/08\/CC-Contact-Us_Hero.jpeg"}],"twitter_card":"summary_large_image","twitter_misc":{"Est. reading time":"1 minute"},"schema":{"@context":"https:\/\/schema.org","@graph":[{"@type":"WebPage","@id":"https:\/\/carltoncards.ca\/about-us\/contact-us\/","url":"https:\/\/carltoncards.ca\/about-us\/contact-us\/","name":"Contact Us - Carlton Cards Contact Information","isPartOf":{"@id":"https:\/\/carltoncards.ca\/#website"},"primaryImageOfPage":{"@id":"https:\/\/carltoncards.ca\/about-us\/contact-us\/#primaryimage"},"image":{"@id":"https:\/\/carltoncards.ca\/about-us\/contact-us\/#primaryimage"},"thumbnailUrl":"https:\/\/carltoncards.ca\/wp-content\/uploads\/sites\/2\/2022\/08\/CC-Contact-Us_Hero.jpeg","datePublished":"2021-07-29T13:58:33+00:00","dateModified":"2024-12-12T20:01:42+00:00","description":"Find contact information for Carlton Cards\u2019 customer service and retailer inquiries. Contact us today!","breadcrumb":{"@id":"https:\/\/carltoncards.ca\/about-us\/contact-us\/#breadcrumb"},"inLanguage":"fr-CA","potentialAction":[{"@type":"ReadAction","target":["https:\/\/carltoncards.ca\/about-us\/contact-us\/"]}]},{"@type":"ImageObject","inLanguage":"fr-CA","@id":"https:\/\/carltoncards.ca\/about-us\/contact-us\/#primaryimage","url":"https:\/\/carltoncards.ca\/wp-content\/uploads\/sites\/2\/2022\/08\/CC-Contact-Us_Hero.jpeg","contentUrl":"https:\/\/carltoncards.ca\/wp-content\/uploads\/sites\/2\/2022\/08\/CC-Contact-Us_Hero.jpeg"},{"@type":"BreadcrumbList","@id":"https:\/\/carltoncards.ca\/about-us\/contact-us\/#breadcrumb","itemListElement":[{"@type":"ListItem","position":1,"name":"Home","item":"https:\/\/carltoncards.ca\/"},{"@type":"ListItem","position":2,"name":"About Us","item":"https:\/\/carltoncards.ca\/about-us\/"},{"@type":"ListItem","position":3,"name":"Contact Us"}]},{"@type":"WebSite","@id":"https:\/\/carltoncards.ca\/#website","url":"https:\/\/carltoncards.ca\/","name":"Carlton Cards","description":"","publisher":{"@id":"https:\/\/carltoncards.ca\/#organization"},"potentialAction":[{"@type":"SearchAction","target":{"@type":"EntryPoint","urlTemplate":"https:\/\/carltoncards.ca\/?s={search_term_string}"},"query-input":"required name=search_term_string"}],"inLanguage":"fr-CA"},{"@type":"Organization","@id":"https:\/\/carltoncards.ca\/#organization","name":"Carlton Cards","url":"https:\/\/carltoncards.ca\/","logo":{"@type":"ImageObject","inLanguage":"fr-CA","@id":"https:\/\/carltoncards.ca\/#\/schema\/logo\/image\/","url":"https:\/\/carltoncards.ca\/wp-content\/uploads\/sites\/2\/2022\/08\/carlton-logo-2.png","contentUrl":"https:\/\/carltoncards.ca\/wp-content\/uploads\/sites\/2\/2022\/08\/carlton-logo-2.png","width":1522,"height":422,"caption":"Carlton Cards"},"image":{"@id":"https:\/\/carltoncards.ca\/#\/schema\/logo\/image\/"}}]}},"jetpack_sharing_enabled":true,"_links":{"self":[{"href":"https:\/\/carltoncards.ca\/fr\/wp-json\/wp\/v2\/pages\/40","targetHints":{"allow":["GET"]}}],"collection":[{"href":"https:\/\/carltoncards.ca\/fr\/wp-json\/wp\/v2\/pages"}],"about":[{"href":"https:\/\/carltoncards.ca\/fr\/wp-json\/wp\/v2\/types\/page"}],"author":[{"embeddable":true,"href":"https:\/\/carltoncards.ca\/fr\/wp-json\/wp\/v2\/users\/13"}],"replies":[{"embeddable":true,"href":"https:\/\/carltoncards.ca\/fr\/wp-json\/wp\/v2\/comments?post=40"}],"version-history":[{"count":12,"href":"https:\/\/carltoncards.ca\/fr\/wp-json\/wp\/v2\/pages\/40\/revisions"}],"predecessor-version":[{"id":4525,"href":"https:\/\/carltoncards.ca\/fr\/wp-json\/wp\/v2\/pages\/40\/revisions\/4525"}],"up":[{"embeddable":true,"href":"https:\/\/carltoncards.ca\/fr\/wp-json\/wp\/v2\/pages\/11"}],"wp:attachment":[{"href":"https:\/\/carltoncards.ca\/fr\/wp-json\/wp\/v2\/media?parent=40"}],"curies":[{"name":"wp","href":"https:\/\/api.w.org\/{rel}","templated":true}]}}