{"id":27,"date":"2021-07-27T14:00:58","date_gmt":"2021-07-27T14:00:58","guid":{"rendered":"https:\/\/corporate.americangreetings.com\/?page_id=27"},"modified":"2024-12-12T15:03:56","modified_gmt":"2024-12-12T20:03:56","slug":"history","status":"publish","type":"page","link":"https:\/\/carltoncards.ca\/fr\/about-us\/history\/","title":{"rendered":"Historique"},"content":{"rendered":"<p class=\"has-md-font-size\" style=\"text-transform:uppercase\"><a href=\"https:\/\/carltoncards.ca\/fr\/about-us\/\"><strong>\u00c0 PROPOS DE NOUS<\/strong><\/a><\/p>\n\n\n\n<div class=\"wp-block-columns is-layout-flex wp-container-core-columns-is-layout-28f84493 wp-block-columns-is-layout-flex\">\n<div class=\"wp-block-column is-layout-flow wp-block-column-is-layout-flow\">\n<div class=\"wp-block-group is-layout-flow wp-block-group-is-layout-flow\" style=\"padding-bottom:6rem\"><h1 style=\"text-transform:capitalize;\" class=\"wp-block-post-title has-text-color has-foreground-color has-h-1-font-size\">Historique<\/h1>\n\n\n<p class=\"has-text-align-left has-xxl-font-size\"><strong>Cartes Carlton est une soci\u00e9t\u00e9 de cartes de souhaits centenaire, fond\u00e9e en 1920 \u00e0 Toronto, en Ontario, dont l'objectif est d'aider les Canadiens et les Canadiennes \u00e0 \u00e9tablir des liens significatifs et \u00e0 c\u00e9l\u00e9brer les moments sp\u00e9ciaux de la vie. Aujourd'hui, Cartes Carlton est la premi\u00e8re soci\u00e9t\u00e9 de cartes de souhaits au Canada, dont la mission est de faire du monde un endroit plus attentionn\u00e9 et plus chaleureux... Tous. Les. Jours.&nbsp;&nbsp;&nbsp;&nbsp;&nbsp;&nbsp;&nbsp;&nbsp;&nbsp;&nbsp;<\/strong><\/p>\n<\/div>\n\n\n\n<h2 class=\"has-text-align-center has-h-2-font-size wp-block-heading\">A travers les d\u00e9cennies<br>Des moments et \u00e9v\u00e9nement marquant<\/h2>\n<\/div>\n<\/div>\n\n\n\n<div class=\"wp-block-agcorp-timeline alignwide\"><div class=\"wp-block-agcorp-timeline__progress\" aria-hidden=\"true\"><span class=\"wp-block-agcorp-timeline__indicator\"><\/span><\/div><div class=\"wp-block-agcorp-timeline__content\">\n\n<div class=\"wp-block-media-text alignwide has-media-on-the-right is-stacked-on-mobile is-vertically-aligned-center is-style-framed\"><figure class=\"wp-block-media-text__media\"><img loading=\"lazy\" decoding=\"async\" width=\"800\" height=\"458\" src=\"https:\/\/carltoncards.ca\/wp-content\/uploads\/sites\/2\/2022\/08\/1920s-CARLTON-CARDS.jpeg\" alt=\"\" class=\"wp-image-3639 size-full\" srcset=\"https:\/\/carltoncards.ca\/wp-content\/uploads\/sites\/2\/2022\/08\/1920s-CARLTON-CARDS.jpeg 800w, https:\/\/carltoncards.ca\/wp-content\/uploads\/sites\/2\/2022\/08\/1920s-CARLTON-CARDS.jpeg?resize=300,172 300w, https:\/\/carltoncards.ca\/wp-content\/uploads\/sites\/2\/2022\/08\/1920s-CARLTON-CARDS.jpeg?resize=768,440 768w, https:\/\/carltoncards.ca\/wp-content\/uploads\/sites\/2\/2022\/08\/1920s-CARLTON-CARDS.jpeg?resize=18,10 18w\" sizes=\"auto, (max-width: 800px) 100vw, 800px\" \/><\/figure><div class=\"wp-block-media-text__content\">\n\n<h3 class=\"wp-block-heading\">Les ann\u00e9es 1920<\/h3>\n\n\n<p>Cartes Carlton a \u00e9t\u00e9 fond\u00e9e en 1920 par Harry Harshman sur Spadina Avenue pr\u00e8s de Dundas Street dans le centre-ville de Toronto, en Ontario. L'entreprise se d\u00e9veloppe rapidement, en 1923, Cartes Carlton a besoin de plus d'espace et d\u00e9m\u00e9nage dans de nouveaux locaux \u00e0 l'angle de Richmond et Peter Street \u00e0 Toronto, Ontario.<\/p>\n\n<\/div><\/div>\n\n\n<div class=\"wp-block-media-text alignwide is-stacked-on-mobile is-vertically-aligned-center is-style-framed\"><figure class=\"wp-block-media-text__media\"><img loading=\"lazy\" decoding=\"async\" width=\"800\" height=\"600\" src=\"https:\/\/carltoncards.ca\/wp-content\/uploads\/sites\/2\/2022\/08\/1930s-CARLTON-CARDS.jpeg\" alt=\"\" class=\"wp-image-3640 size-full\" srcset=\"https:\/\/carltoncards.ca\/wp-content\/uploads\/sites\/2\/2022\/08\/1930s-CARLTON-CARDS.jpeg 800w, https:\/\/carltoncards.ca\/wp-content\/uploads\/sites\/2\/2022\/08\/1930s-CARLTON-CARDS.jpeg?resize=300,225 300w, https:\/\/carltoncards.ca\/wp-content\/uploads\/sites\/2\/2022\/08\/1930s-CARLTON-CARDS.jpeg?resize=768,576 768w, https:\/\/carltoncards.ca\/wp-content\/uploads\/sites\/2\/2022\/08\/1930s-CARLTON-CARDS.jpeg?resize=16,12 16w\" sizes=\"auto, (max-width: 800px) 100vw, 800px\" \/><\/figure><div class=\"wp-block-media-text__content\">\n\n<h3 class=\"wp-block-heading\">Les ann\u00e9es 1930<\/h3>\n\n\n<p>Cartes Carlton est constitu\u00e9e en soci\u00e9t\u00e9 en 1933.<\/p>\n\n<\/div><\/div>\n\n\n<div class=\"wp-block-media-text alignwide has-media-on-the-right is-stacked-on-mobile is-style-framed\"><figure class=\"wp-block-media-text__media\"><img loading=\"lazy\" decoding=\"async\" width=\"800\" height=\"337\" src=\"https:\/\/carltoncards.ca\/wp-content\/uploads\/sites\/2\/2022\/08\/1950s-CARLTON-CARDS.jpeg\" alt=\"\" class=\"wp-image-3641 size-full\" srcset=\"https:\/\/carltoncards.ca\/wp-content\/uploads\/sites\/2\/2022\/08\/1950s-CARLTON-CARDS.jpeg 800w, https:\/\/carltoncards.ca\/wp-content\/uploads\/sites\/2\/2022\/08\/1950s-CARLTON-CARDS.jpeg?resize=300,126 300w, https:\/\/carltoncards.ca\/wp-content\/uploads\/sites\/2\/2022\/08\/1950s-CARLTON-CARDS.jpeg?resize=768,324 768w, https:\/\/carltoncards.ca\/wp-content\/uploads\/sites\/2\/2022\/08\/1950s-CARLTON-CARDS.jpeg?resize=18,8 18w\" sizes=\"auto, (max-width: 800px) 100vw, 800px\" \/><\/figure><div class=\"wp-block-media-text__content\">\n\n<h3 class=\"wp-block-heading\">Les ann\u00e9es 1950<\/h3>\n\n\n<p>Cartes Carlton est rachet\u00e9e par American Greetings de Cleveland, Ohio, \u00c9tats-Unis, en 1956. En 1957, Cartes Carlton continue de d\u00e9velopper ses activit\u00e9s et d\u00e9m\u00e9nage sur King Street \u00e0 Toronto, Ontario.&nbsp;<\/p>\n\n<\/div><\/div>\n\n\n<div class=\"wp-block-media-text alignwide is-stacked-on-mobile is-style-framed\"><figure class=\"wp-block-media-text__media\"><img loading=\"lazy\" decoding=\"async\" width=\"800\" height=\"600\" src=\"https:\/\/carltoncards.ca\/wp-content\/uploads\/sites\/2\/2022\/08\/1960s-CARLTON-CARDS.jpeg\" alt=\"\" class=\"wp-image-3642 size-full\" srcset=\"https:\/\/carltoncards.ca\/wp-content\/uploads\/sites\/2\/2022\/08\/1960s-CARLTON-CARDS.jpeg 800w, https:\/\/carltoncards.ca\/wp-content\/uploads\/sites\/2\/2022\/08\/1960s-CARLTON-CARDS.jpeg?resize=300,225 300w, https:\/\/carltoncards.ca\/wp-content\/uploads\/sites\/2\/2022\/08\/1960s-CARLTON-CARDS.jpeg?resize=768,576 768w, https:\/\/carltoncards.ca\/wp-content\/uploads\/sites\/2\/2022\/08\/1960s-CARLTON-CARDS.jpeg?resize=16,12 16w\" sizes=\"auto, (max-width: 800px) 100vw, 800px\" \/><\/figure><div class=\"wp-block-media-text__content\">\n\n<h3 class=\"wp-block-heading\">Les ann\u00e9es 1960<\/h3>\n\n\n<p>En 1964, Cartes Carlton s'agrandit \u00e0 nouveau et s'installe dans un nouveau si\u00e8ge social dot\u00e9 de presses d'impression ultramodernes au 1460, Queensway \u00e0 Toronto, ON. <\/p>\n\n<\/div><\/div>\n\n\n<div class=\"wp-block-media-text alignwide has-media-on-the-right is-stacked-on-mobile is-style-framed\"><figure class=\"wp-block-media-text__media\"><img loading=\"lazy\" decoding=\"async\" width=\"800\" height=\"600\" src=\"https:\/\/carltoncards.ca\/wp-content\/uploads\/sites\/2\/2022\/08\/1970s-CARLTON-CARDS.jpeg\" alt=\"\" class=\"wp-image-3643 size-full\" srcset=\"https:\/\/carltoncards.ca\/wp-content\/uploads\/sites\/2\/2022\/08\/1970s-CARLTON-CARDS.jpeg 800w, https:\/\/carltoncards.ca\/wp-content\/uploads\/sites\/2\/2022\/08\/1970s-CARLTON-CARDS.jpeg?resize=300,225 300w, https:\/\/carltoncards.ca\/wp-content\/uploads\/sites\/2\/2022\/08\/1970s-CARLTON-CARDS.jpeg?resize=768,576 768w, https:\/\/carltoncards.ca\/wp-content\/uploads\/sites\/2\/2022\/08\/1970s-CARLTON-CARDS.jpeg?resize=16,12 16w\" sizes=\"auto, (max-width: 800px) 100vw, 800px\" \/><\/figure><div class=\"wp-block-media-text__content\">\n\n<h3 class=\"wp-block-heading\">Les ann\u00e9es 1970<\/h3>\n\n\n<p>Cartes Carlton s'impose comme un concurrent redoutable dans l'industrie des expressions sociales et surpasse Hallmark en tant que leader du march\u00e9 au Canada. Cartes Carlton ach\u00e8te RLK Industries en 1979 et change son nom pour Plus Mark, qui devient le premier fournisseur canadien d'emballages de No\u00ebl et de cartes en bo\u00eete.&nbsp; &nbsp; &nbsp; &nbsp; &nbsp; &nbsp; &nbsp;<\/p>\n\n<\/div><\/div>\n\n\n<div class=\"wp-block-media-text alignwide is-stacked-on-mobile is-style-framed\"><figure class=\"wp-block-media-text__media\"><img loading=\"lazy\" decoding=\"async\" width=\"800\" height=\"600\" src=\"https:\/\/carltoncards.ca\/wp-content\/uploads\/sites\/2\/2022\/08\/1980S-CARLTON-CARDS.jpeg\" alt=\"\" class=\"wp-image-3644 size-full\" srcset=\"https:\/\/carltoncards.ca\/wp-content\/uploads\/sites\/2\/2022\/08\/1980S-CARLTON-CARDS.jpeg 800w, https:\/\/carltoncards.ca\/wp-content\/uploads\/sites\/2\/2022\/08\/1980S-CARLTON-CARDS.jpeg?resize=300,225 300w, https:\/\/carltoncards.ca\/wp-content\/uploads\/sites\/2\/2022\/08\/1980S-CARLTON-CARDS.jpeg?resize=768,576 768w, https:\/\/carltoncards.ca\/wp-content\/uploads\/sites\/2\/2022\/08\/1980S-CARLTON-CARDS.jpeg?resize=16,12 16w\" sizes=\"auto, (max-width: 800px) 100vw, 800px\" \/><\/figure><div class=\"wp-block-media-text__content\">\n\n<h3 class=\"wp-block-heading\">Les ann\u00e9es 1980<\/h3>\n\n\n<p>En 1982, Cartes Carlton acquiert RustCraft Canada et renforce sa position de leader du march\u00e9 au Canada. En 1989, Cartes Carlton lance sa premi\u00e8re marque en langue fran\u00e7aise, con\u00e7ue sp\u00e9cifiquement pour les Canadiens fran\u00e7ais, appel\u00e9e \"Entre Nous\". Des \u00e9crivains du Qu\u00e9bec se joignent \u00e0 l'\u00e9quipe de cr\u00e9ation de Cartes Carlton pour donner \u00e0 la ligne de cartes de souhaits une voix authentiquement canadienne-fran\u00e7aise.&nbsp; &nbsp;<\/p>\n\n<\/div><\/div>\n\n\n<div class=\"wp-block-media-text alignwide has-media-on-the-right is-stacked-on-mobile is-style-framed\"><figure class=\"wp-block-media-text__media\"><img loading=\"lazy\" decoding=\"async\" width=\"800\" height=\"600\" src=\"https:\/\/carltoncards.ca\/wp-content\/uploads\/sites\/2\/2022\/08\/1990s-CARLTON-CARDS.jpeg\" alt=\"\" class=\"wp-image-3645 size-full\" srcset=\"https:\/\/carltoncards.ca\/wp-content\/uploads\/sites\/2\/2022\/08\/1990s-CARLTON-CARDS.jpeg 800w, https:\/\/carltoncards.ca\/wp-content\/uploads\/sites\/2\/2022\/08\/1990s-CARLTON-CARDS.jpeg?resize=300,225 300w, https:\/\/carltoncards.ca\/wp-content\/uploads\/sites\/2\/2022\/08\/1990s-CARLTON-CARDS.jpeg?resize=768,576 768w, https:\/\/carltoncards.ca\/wp-content\/uploads\/sites\/2\/2022\/08\/1990s-CARLTON-CARDS.jpeg?resize=16,12 16w\" sizes=\"auto, (max-width: 800px) 100vw, 800px\" \/><\/figure><div class=\"wp-block-media-text__content\">\n\n<h3 class=\"wp-block-heading\">Les ann\u00e9es 1990<\/h3>\n\n\n<p>En 1994, Cartes Carlton met en \u0153uvre sa strat\u00e9gie nord-am\u00e9ricaine avec sa soci\u00e9t\u00e9 m\u00e8re, American Greetings, afin de rationaliser et d'int\u00e9grer la production en Am\u00e9rique du Nord. Cinq ans plus tard, la strat\u00e9gie s'\u00e9tend aux op\u00e9rations de fabrication, de traitement des commandes et de distribution, offrant \u00e0 ses partenaires d\u00e9taillants un meilleur service \u00e0 la client\u00e8le et une livraison directe des produits en magasin dans toute l'Am\u00e9rique du Nord.<\/p>\n\n<\/div><\/div>\n\n\n<div class=\"wp-block-media-text alignwide is-stacked-on-mobile is-style-framed\"><figure class=\"wp-block-media-text__media\"><img loading=\"lazy\" decoding=\"async\" width=\"800\" height=\"600\" src=\"https:\/\/carltoncards.ca\/wp-content\/uploads\/sites\/2\/2022\/08\/2000s-CARLTON-CARDS.jpeg\" alt=\"\" class=\"wp-image-3646 size-full\" srcset=\"https:\/\/carltoncards.ca\/wp-content\/uploads\/sites\/2\/2022\/08\/2000s-CARLTON-CARDS.jpeg 800w, https:\/\/carltoncards.ca\/wp-content\/uploads\/sites\/2\/2022\/08\/2000s-CARLTON-CARDS.jpeg?resize=300,225 300w, https:\/\/carltoncards.ca\/wp-content\/uploads\/sites\/2\/2022\/08\/2000s-CARLTON-CARDS.jpeg?resize=768,576 768w, https:\/\/carltoncards.ca\/wp-content\/uploads\/sites\/2\/2022\/08\/2000s-CARLTON-CARDS.jpeg?resize=16,12 16w\" sizes=\"auto, (max-width: 800px) 100vw, 800px\" \/><\/figure><div class=\"wp-block-media-text__content\">\n\n<h3 class=\"wp-block-heading\">Les ann\u00e9es 2000<\/h3>\n\n\n<p>Apr\u00e8s 88 ans \u00e0 Toronto, le 2 juin 2008, Cartes Carlton d\u00e9m\u00e9nage dans de nouveaux locaux au 1820, Matheson Blvd \u00e0 Mississauga, Ontario. Les nouveaux bureaux ultramodernes de 38 000 pieds carr\u00e9s sont dot\u00e9s de plafonds ouverts et d'\u00e9clats de couleurs vives - le cadre parfait pour que le num\u00e9ro 1 canadien des cartes de souhaits puisse collaborer et se concentrer sur une croissance continue. De plus, en 2008, American Greetings fait l'acquisition de Recycled Paper Greetings, une marque d'humour de premier plan ax\u00e9e sur l'environnement. L'ann\u00e9e suivante, American Greetings fait \u00e9galement l'acquisition de Papyrus, un leader dans le domaine des cartes de souhaits de luxe, ce qui permet \u00e0 Cartes Carlton d'\u00e9largir son portefeuille de marques et d'offrir une valeur ajout\u00e9e \u00e0 ses partenaires d\u00e9taillants.<\/p>\n\n<\/div><\/div>\n\n\n<div class=\"wp-block-media-text alignwide has-media-on-the-right is-stacked-on-mobile is-style-framed\"><figure class=\"wp-block-media-text__media\"><img loading=\"lazy\" decoding=\"async\" width=\"1280\" height=\"812\" src=\"https:\/\/carltoncards.ca\/wp-content\/uploads\/sites\/2\/2022\/09\/thumbnail_Celebrations-poster-image-CC-FR.jpeg\" alt=\"\" class=\"wp-image-4272 size-full\" srcset=\"https:\/\/carltoncards.ca\/wp-content\/uploads\/sites\/2\/2022\/09\/thumbnail_Celebrations-poster-image-CC-FR.jpeg 1280w, https:\/\/carltoncards.ca\/wp-content\/uploads\/sites\/2\/2022\/09\/thumbnail_Celebrations-poster-image-CC-FR.jpeg?resize=300,190 300w, https:\/\/carltoncards.ca\/wp-content\/uploads\/sites\/2\/2022\/09\/thumbnail_Celebrations-poster-image-CC-FR.jpeg?resize=768,487 768w, https:\/\/carltoncards.ca\/wp-content\/uploads\/sites\/2\/2022\/09\/thumbnail_Celebrations-poster-image-CC-FR.jpeg?resize=1024,650 1024w, https:\/\/carltoncards.ca\/wp-content\/uploads\/sites\/2\/2022\/09\/thumbnail_Celebrations-poster-image-CC-FR.jpeg?resize=18,12 18w\" sizes=\"auto, (max-width: 1280px) 100vw, 1280px\" \/><\/figure><div class=\"wp-block-media-text__content\">\n\n<h3 class=\"wp-block-heading\">Les ann\u00e9es 2010<\/h3>\n\n\n<p>Cartes Carlton consolide sa position de chef de file au Canada avec un portefeuille de marques \u00e0 la pointe de l'industrie. En 2018, Clayton, Dubilier &amp; Rice acquiert une participation de 60 % dans American Greetings Corporation, qui inclut Cartes Carlton.<\/p>\n\n<\/div><\/div>\n\n\n<div class=\"wp-block-media-text alignwide is-stacked-on-mobile is-style-framed\"><figure class=\"wp-block-media-text__media\"><img loading=\"lazy\" decoding=\"async\" width=\"800\" height=\"600\" src=\"https:\/\/carltoncards.ca\/wp-content\/uploads\/sites\/2\/2022\/08\/100-Years-Logo-FR-1.png\" alt=\"\" class=\"wp-image-3648 size-full\" srcset=\"https:\/\/carltoncards.ca\/wp-content\/uploads\/sites\/2\/2022\/08\/100-Years-Logo-FR-1.png 813w, https:\/\/carltoncards.ca\/wp-content\/uploads\/sites\/2\/2022\/08\/100-Years-Logo-FR-1.png?resize=300,239 300w, https:\/\/carltoncards.ca\/wp-content\/uploads\/sites\/2\/2022\/08\/100-Years-Logo-FR-1.png?resize=768,612 768w, https:\/\/carltoncards.ca\/wp-content\/uploads\/sites\/2\/2022\/08\/100-Years-Logo-FR-1.png?resize=15,12 15w\" sizes=\"auto, (max-width: 800px) 100vw, 800px\" \/><\/figure><div class=\"wp-block-media-text__content\">\n\n<h3 class=\"wp-block-heading\">Les ann\u00e9es 2020<\/h3>\n\n\n<p>En 2020, Cartes Carlton, la soci\u00e9t\u00e9 de cartes de souhaits n\u00b01 au Canada, c\u00e9l\u00e8bre sa 100\u00e9 ann\u00e9e \u00e0 faire du monde un endroit plus attentionn\u00e9 et bienveillant... Tous. Les. Jours. Nous sommes fiers que nos produits aident les Canadiens et les Canadiennes \u00e0 c\u00e9l\u00e9brer les moments sp\u00e9ciaux de la vie depuis 100 ans.<\/p>\n\n<\/div><\/div>\n\n<\/div><\/div>","protected":false},"excerpt":{"rendered":"<p>ABOUT US Carlton Cards is a century-old greeting card company, founded in 1920 in Toronto, Ontario, with a focus on helping Canadians build meaningful connections and celebrate life\u2019s special moments. Today Carlton Cards is Canada\u2019s #1 greeting card company, whose mission is to make the world a more thoughtful and caring place\u2026 Every. Single. Day.&nbsp;&nbsp;&nbsp;&nbsp;&nbsp;&nbsp;&nbsp;&nbsp;&nbsp;&nbsp; [&hellip;]<\/p>","protected":false},"author":13,"featured_media":0,"parent":11,"menu_order":0,"comment_status":"closed","ping_status":"closed","template":"","meta":{"footnotes":""},"class_list":["post-27","page","type-page","status-publish","hentry"],"yoast_head":"<!-- This site is optimized with the Yoast SEO plugin v23.2 - https:\/\/yoast.com\/wordpress\/plugins\/seo\/ -->\n<title>Our History - Carlton Cards<\/title>\n<meta name=\"description\" content=\"Learn about Carlton Cards&#039; history and the important milestones we\u2019ve reached throughout the decades.\" \/>\n<meta name=\"robots\" content=\"index, follow, max-snippet:-1, max-image-preview:large, max-video-preview:-1\" \/>\n<link rel=\"canonical\" href=\"https:\/\/carltoncards.ca\/fr\/about-us\/history\/\" \/>\n<meta property=\"og:locale\" content=\"fr_CA\" \/>\n<meta property=\"og:type\" content=\"article\" \/>\n<meta property=\"og:title\" content=\"Our History - Carlton Cards\" \/>\n<meta property=\"og:description\" content=\"Learn about Carlton Cards&#039; history and the important milestones we\u2019ve reached throughout the decades.\" \/>\n<meta property=\"og:url\" content=\"https:\/\/carltoncards.ca\/fr\/about-us\/history\/\" \/>\n<meta property=\"og:site_name\" content=\"Carlton Cards\" \/>\n<meta property=\"article:modified_time\" content=\"2024-12-12T20:03:56+00:00\" \/>\n<meta property=\"og:image\" content=\"https:\/\/carltoncards.ca\/wp-content\/uploads\/sites\/2\/2022\/08\/1920s-CARLTON-CARDS.jpeg\" \/>\n<meta name=\"twitter:card\" content=\"summary_large_image\" \/>\n<meta name=\"twitter:label1\" content=\"Est. reading time\" \/>\n\t<meta name=\"twitter:data1\" content=\"5 minutes\" \/>\n<script type=\"application\/ld+json\" class=\"yoast-schema-graph\">{\"@context\":\"https:\/\/schema.org\",\"@graph\":[{\"@type\":\"WebPage\",\"@id\":\"https:\/\/carltoncards.ca\/about-us\/history\/\",\"url\":\"https:\/\/carltoncards.ca\/about-us\/history\/\",\"name\":\"Our History - Carlton Cards\",\"isPartOf\":{\"@id\":\"https:\/\/carltoncards.ca\/#website\"},\"primaryImageOfPage\":{\"@id\":\"https:\/\/carltoncards.ca\/about-us\/history\/#primaryimage\"},\"image\":{\"@id\":\"https:\/\/carltoncards.ca\/about-us\/history\/#primaryimage\"},\"thumbnailUrl\":\"https:\/\/carltoncards.ca\/wp-content\/uploads\/sites\/2\/2022\/08\/1920s-CARLTON-CARDS.jpeg\",\"datePublished\":\"2021-07-27T14:00:58+00:00\",\"dateModified\":\"2024-12-12T20:03:56+00:00\",\"description\":\"Learn about Carlton Cards' history and the important milestones we\u2019ve reached throughout the decades.\",\"breadcrumb\":{\"@id\":\"https:\/\/carltoncards.ca\/about-us\/history\/#breadcrumb\"},\"inLanguage\":\"fr-CA\",\"potentialAction\":[{\"@type\":\"ReadAction\",\"target\":[\"https:\/\/carltoncards.ca\/about-us\/history\/\"]}]},{\"@type\":\"ImageObject\",\"inLanguage\":\"fr-CA\",\"@id\":\"https:\/\/carltoncards.ca\/about-us\/history\/#primaryimage\",\"url\":\"https:\/\/carltoncards.ca\/wp-content\/uploads\/sites\/2\/2022\/08\/1920s-CARLTON-CARDS.jpeg\",\"contentUrl\":\"https:\/\/carltoncards.ca\/wp-content\/uploads\/sites\/2\/2022\/08\/1920s-CARLTON-CARDS.jpeg\"},{\"@type\":\"BreadcrumbList\",\"@id\":\"https:\/\/carltoncards.ca\/about-us\/history\/#breadcrumb\",\"itemListElement\":[{\"@type\":\"ListItem\",\"position\":1,\"name\":\"Home\",\"item\":\"https:\/\/carltoncards.ca\/\"},{\"@type\":\"ListItem\",\"position\":2,\"name\":\"About Us\",\"item\":\"https:\/\/carltoncards.ca\/about-us\/\"},{\"@type\":\"ListItem\",\"position\":3,\"name\":\"History\"}]},{\"@type\":\"WebSite\",\"@id\":\"https:\/\/carltoncards.ca\/#website\",\"url\":\"https:\/\/carltoncards.ca\/\",\"name\":\"Carlton Cards\",\"description\":\"\",\"publisher\":{\"@id\":\"https:\/\/carltoncards.ca\/#organization\"},\"potentialAction\":[{\"@type\":\"SearchAction\",\"target\":{\"@type\":\"EntryPoint\",\"urlTemplate\":\"https:\/\/carltoncards.ca\/?s={search_term_string}\"},\"query-input\":\"required name=search_term_string\"}],\"inLanguage\":\"fr-CA\"},{\"@type\":\"Organization\",\"@id\":\"https:\/\/carltoncards.ca\/#organization\",\"name\":\"Carlton Cards\",\"url\":\"https:\/\/carltoncards.ca\/\",\"logo\":{\"@type\":\"ImageObject\",\"inLanguage\":\"fr-CA\",\"@id\":\"https:\/\/carltoncards.ca\/#\/schema\/logo\/image\/\",\"url\":\"https:\/\/carltoncards.ca\/wp-content\/uploads\/sites\/2\/2022\/08\/carlton-logo-2.png\",\"contentUrl\":\"https:\/\/carltoncards.ca\/wp-content\/uploads\/sites\/2\/2022\/08\/carlton-logo-2.png\",\"width\":1522,\"height\":422,\"caption\":\"Carlton Cards\"},\"image\":{\"@id\":\"https:\/\/carltoncards.ca\/#\/schema\/logo\/image\/\"}}]}<\/script>\n<!-- \/ Yoast SEO plugin. -->","yoast_head_json":{"title":"Our History - Carlton Cards","description":"Learn about Carlton Cards' history and the important milestones we\u2019ve reached throughout the decades.","robots":{"index":"index","follow":"follow","max-snippet":"max-snippet:-1","max-image-preview":"max-image-preview:large","max-video-preview":"max-video-preview:-1"},"canonical":"https:\/\/carltoncards.ca\/fr\/about-us\/history\/","og_locale":"fr_CA","og_type":"article","og_title":"Our History - Carlton Cards","og_description":"Learn about Carlton Cards' history and the important milestones we\u2019ve reached throughout the decades.","og_url":"https:\/\/carltoncards.ca\/fr\/about-us\/history\/","og_site_name":"Carlton Cards","article_modified_time":"2024-12-12T20:03:56+00:00","og_image":[{"url":"https:\/\/carltoncards.ca\/wp-content\/uploads\/sites\/2\/2022\/08\/1920s-CARLTON-CARDS.jpeg"}],"twitter_card":"summary_large_image","twitter_misc":{"Est. reading time":"5 minutes"},"schema":{"@context":"https:\/\/schema.org","@graph":[{"@type":"WebPage","@id":"https:\/\/carltoncards.ca\/about-us\/history\/","url":"https:\/\/carltoncards.ca\/about-us\/history\/","name":"Our History - Carlton Cards","isPartOf":{"@id":"https:\/\/carltoncards.ca\/#website"},"primaryImageOfPage":{"@id":"https:\/\/carltoncards.ca\/about-us\/history\/#primaryimage"},"image":{"@id":"https:\/\/carltoncards.ca\/about-us\/history\/#primaryimage"},"thumbnailUrl":"https:\/\/carltoncards.ca\/wp-content\/uploads\/sites\/2\/2022\/08\/1920s-CARLTON-CARDS.jpeg","datePublished":"2021-07-27T14:00:58+00:00","dateModified":"2024-12-12T20:03:56+00:00","description":"Learn about Carlton Cards' history and the important milestones we\u2019ve reached throughout the decades.","breadcrumb":{"@id":"https:\/\/carltoncards.ca\/about-us\/history\/#breadcrumb"},"inLanguage":"fr-CA","potentialAction":[{"@type":"ReadAction","target":["https:\/\/carltoncards.ca\/about-us\/history\/"]}]},{"@type":"ImageObject","inLanguage":"fr-CA","@id":"https:\/\/carltoncards.ca\/about-us\/history\/#primaryimage","url":"https:\/\/carltoncards.ca\/wp-content\/uploads\/sites\/2\/2022\/08\/1920s-CARLTON-CARDS.jpeg","contentUrl":"https:\/\/carltoncards.ca\/wp-content\/uploads\/sites\/2\/2022\/08\/1920s-CARLTON-CARDS.jpeg"},{"@type":"BreadcrumbList","@id":"https:\/\/carltoncards.ca\/about-us\/history\/#breadcrumb","itemListElement":[{"@type":"ListItem","position":1,"name":"Home","item":"https:\/\/carltoncards.ca\/"},{"@type":"ListItem","position":2,"name":"About Us","item":"https:\/\/carltoncards.ca\/about-us\/"},{"@type":"ListItem","position":3,"name":"History"}]},{"@type":"WebSite","@id":"https:\/\/carltoncards.ca\/#website","url":"https:\/\/carltoncards.ca\/","name":"Carlton Cards","description":"","publisher":{"@id":"https:\/\/carltoncards.ca\/#organization"},"potentialAction":[{"@type":"SearchAction","target":{"@type":"EntryPoint","urlTemplate":"https:\/\/carltoncards.ca\/?s={search_term_string}"},"query-input":"required name=search_term_string"}],"inLanguage":"fr-CA"},{"@type":"Organization","@id":"https:\/\/carltoncards.ca\/#organization","name":"Carlton Cards","url":"https:\/\/carltoncards.ca\/","logo":{"@type":"ImageObject","inLanguage":"fr-CA","@id":"https:\/\/carltoncards.ca\/#\/schema\/logo\/image\/","url":"https:\/\/carltoncards.ca\/wp-content\/uploads\/sites\/2\/2022\/08\/carlton-logo-2.png","contentUrl":"https:\/\/carltoncards.ca\/wp-content\/uploads\/sites\/2\/2022\/08\/carlton-logo-2.png","width":1522,"height":422,"caption":"Carlton Cards"},"image":{"@id":"https:\/\/carltoncards.ca\/#\/schema\/logo\/image\/"}}]}},"jetpack_sharing_enabled":true,"_links":{"self":[{"href":"https:\/\/carltoncards.ca\/fr\/wp-json\/wp\/v2\/pages\/27","targetHints":{"allow":["GET"]}}],"collection":[{"href":"https:\/\/carltoncards.ca\/fr\/wp-json\/wp\/v2\/pages"}],"about":[{"href":"https:\/\/carltoncards.ca\/fr\/wp-json\/wp\/v2\/types\/page"}],"author":[{"embeddable":true,"href":"https:\/\/carltoncards.ca\/fr\/wp-json\/wp\/v2\/users\/13"}],"replies":[{"embeddable":true,"href":"https:\/\/carltoncards.ca\/fr\/wp-json\/wp\/v2\/comments?post=27"}],"version-history":[{"count":21,"href":"https:\/\/carltoncards.ca\/fr\/wp-json\/wp\/v2\/pages\/27\/revisions"}],"predecessor-version":[{"id":4646,"href":"https:\/\/carltoncards.ca\/fr\/wp-json\/wp\/v2\/pages\/27\/revisions\/4646"}],"up":[{"embeddable":true,"href":"https:\/\/carltoncards.ca\/fr\/wp-json\/wp\/v2\/pages\/11"}],"wp:attachment":[{"href":"https:\/\/carltoncards.ca\/fr\/wp-json\/wp\/v2\/media?parent=27"}],"curies":[{"name":"wp","href":"https:\/\/api.w.org\/{rel}","templated":true}]}}