{"id":199,"date":"2021-08-16T15:58:06","date_gmt":"2021-08-16T19:58:06","guid":{"rendered":"https:\/\/corporate.americangreetings.com\/?page_id=199"},"modified":"2024-12-12T15:16:56","modified_gmt":"2024-12-12T20:16:56","slug":"careers","status":"publish","type":"page","link":"https:\/\/carltoncards.ca\/fr\/careers\/","title":{"rendered":"Carri\u00e8res"},"content":{"rendered":"<div class=\"wp-block-cover alignfull is-light is-style-card-left\" style=\"min-height:100vh;aspect-ratio:unset;\"><span aria-hidden=\"true\" class=\"wp-block-cover__background has-rose-background-color has-background-dim-0 has-background-dim\"><\/span><img loading=\"lazy\" decoding=\"async\" width=\"2500\" height=\"1875\" class=\"wp-block-cover__image-background wp-image-1791\" alt=\"\" src=\"https:\/\/carltoncards.ca\/wp-content\/uploads\/sites\/2\/2022\/08\/French_MissionVision.banner-1-1.jpg\" data-object-fit=\"cover\" srcset=\"\" sizes=\"auto, (max-width: 2500px) 100vw, 2500px\" data-srcset=\"\" \/><div class=\"wp-block-cover__inner-container is-layout-flow wp-block-cover-is-layout-flow\"><h1 style=\"text-transform:uppercase;\" class=\"wp-block-post-title has-text-color has-brand-color has-h-6-font-size\">Carri\u00e8res<\/h1>\n\n\n<h2 class=\"wp-block-heading has-foreground-color has-text-color has-h-3-font-size\">Joignez notre \u00e9quipe.<\/h2>\n\n\n\n<p class=\"has-foreground-color has-text-color\">Notre \u00e9quipe travaille constamment avec les plus grands d\u00e9taillants du Canada pour \u00e9tablir des liens significatifs avec des rayons de cartes innovateurs et \u00e0 l'avant-garde de l'industrie afin de contribuer \u00e0 rendre le monde plus attentionn\u00e9 et bienveillant... Tous. Les. Jours.&nbsp;<\/p>\n<\/div><\/div>\n\n\n\n<div class=\"wp-block-group alignwide is-layout-flow wp-block-group-is-layout-flow\" style=\"padding-top:6rem;padding-bottom:2rem\">\n<div class=\"wp-block-media-text alignwide is-stacked-on-mobile is-vertically-aligned-center is-style-default has-image-drop-shadow has-accent-6-shadow-1-color has-accent-4-shadow-2-color\"><figure class=\"wp-block-media-text__media\"><img loading=\"lazy\" decoding=\"async\" width=\"640\" height=\"480\" src=\"https:\/\/carltoncards.ca\/wp-content\/uploads\/sites\/2\/2022\/05\/FINAL.Center-Image.4-3-copy.jpg?w=640\" alt=\"Wall of creatively painted text\" class=\"wp-image-2460 size-full\" srcset=\"https:\/\/carltoncards.ca\/wp-content\/uploads\/sites\/2\/2022\/05\/FINAL.Center-Image.4-3-copy.jpg 640w, https:\/\/carltoncards.ca\/wp-content\/uploads\/sites\/2\/2022\/05\/FINAL.Center-Image.4-3-copy.jpg?resize=300,225 300w, https:\/\/carltoncards.ca\/wp-content\/uploads\/sites\/2\/2022\/05\/FINAL.Center-Image.4-3-copy.jpg?resize=16,12 16w\" sizes=\"auto, (max-width: 640px) 100vw, 640px\" \/><\/figure><div class=\"wp-block-media-text__content\">\n<h3 class=\"wp-block-heading\">Nous donnons le meilleur de nous-m\u00eames lorsque des associ\u00e9s d'horizons et de perspectives diff\u00e9rents travaillent en \u00e9quipe.<\/h3>\n\n\n\n<p>Cartes Carlton vise \u00e0 avoir une main-d'\u0153uvre diversifi\u00e9e. Nous recrutons, d\u00e9veloppons et faisons \u00e9voluer des associ\u00e9s motiv\u00e9s issus de diff\u00e9rents milieux et perspectives pour nous aider \u00e0 gagner l'avenir toujours plus vaste des c\u00e9l\u00e9brations.<\/p>\n<\/div><\/div>\n<\/div>\n\n\n\n<div class=\"wp-block-group alignwide is-layout-constrained wp-block-group-is-layout-constrained\" id=\"careers\" style=\"padding-top:6rem;padding-bottom:6rem\">\n<h3 class=\"wp-block-heading has-text-align-center\">Carri\u00e8res chez Cartes Carlton<\/h3>\n\n\n\n<div class=\"wp-block-columns alignwide is-layout-flex wp-container-core-columns-is-layout-28f84493 wp-block-columns-is-layout-flex\">\n<div class=\"wp-block-column is-layout-flow wp-block-column-is-layout-flow\">\n<figure class=\"wp-block-image size-full is-style-framed\"><img loading=\"lazy\" decoding=\"async\" width=\"658\" height=\"370\" src=\"https:\/\/carltoncards.ca\/wp-content\/uploads\/sites\/2\/2022\/08\/corp-careers-title.jpg\" alt=\"\" class=\"wp-image-3776\" srcset=\"https:\/\/carltoncards.ca\/wp-content\/uploads\/sites\/2\/2022\/08\/corp-careers-title.jpg 658w, https:\/\/carltoncards.ca\/wp-content\/uploads\/sites\/2\/2022\/08\/corp-careers-title.jpg?resize=300,169 300w, https:\/\/carltoncards.ca\/wp-content\/uploads\/sites\/2\/2022\/08\/corp-careers-title.jpg?resize=18,10 18w\" sizes=\"auto, (max-width: 658px) 100vw, 658px\" \/><\/figure>\n\n\n\n<h4 class=\"wp-block-heading has-h-4-font-size\">Carri\u00e8res en entreprise<\/h4>\n\n\n\n<p>Trouvez votre voie vers le succ\u00e8s chez Cartes Carlton. Nous sommes fiers d'offrir un travail stimulant et enrichissant dans un environnement de travail engageant, inclusif et innovant. <\/p>\n\n\n\n<p>Pour conna\u00eetre toutes nos perspectives de carri\u00e8re \u00e0 temps plein, cliquez ci-dessous pour visiter notre page LinkedIn et suivez-nous pour voir quand de nouvelles occasions de travailler avec nous sont publi\u00e9es.<\/p>\n\n\n\n<div class=\"wp-block-buttons is-layout-flex wp-block-buttons-is-layout-flex\">\n<div class=\"wp-block-button is-style-arrow\"><a class=\"wp-block-button__link wp-element-button\" href=\"https:\/\/www.linkedin.com\/company\/carlton-cards\/\" target=\"_blank\" rel=\"noreferrer noopener\">Perspectives de carri\u00e8re au sein de l'entreprise<\/a><\/div>\n<\/div>\n<\/div>\n\n\n\n<div class=\"wp-block-column is-layout-flow wp-block-column-is-layout-flow\">\n<figure class=\"wp-block-image size-large is-style-framed\"><img loading=\"lazy\" decoding=\"async\" height=\"576\" width=\"1024\" src=\"https:\/\/carltoncards.ca\/wp-content\/uploads\/sites\/2\/2022\/05\/merchandising-careers.jpg?w=1024\" alt=\"Merchandising Careers\" class=\"wp-image-1900\" srcset=\"https:\/\/carltoncards.ca\/wp-content\/uploads\/sites\/2\/2022\/05\/merchandising-careers.jpg 1280w, https:\/\/carltoncards.ca\/wp-content\/uploads\/sites\/2\/2022\/05\/merchandising-careers.jpg?resize=300,169 300w, https:\/\/carltoncards.ca\/wp-content\/uploads\/sites\/2\/2022\/05\/merchandising-careers.jpg?resize=768,432 768w, https:\/\/carltoncards.ca\/wp-content\/uploads\/sites\/2\/2022\/05\/merchandising-careers.jpg?resize=1024,576 1024w, https:\/\/carltoncards.ca\/wp-content\/uploads\/sites\/2\/2022\/05\/merchandising-careers.jpg?resize=18,10 18w\" sizes=\"auto, (max-width: 1024px) 100vw, 1024px\" \/><\/figure>\n\n\n\n<h4 class=\"wp-block-heading\">\u00c9talagiste de Cartes de souhaits<\/h4>\n\n\n\n<p>Les \u00e9talagistes sont charg\u00e9s de faire briller le rayon des cartes de souhaits dans les magasins de d\u00e9tail. Vous serez un membre appr\u00e9ci\u00e9 d'une \u00e9quipe engag\u00e9e qui travaille de fa\u00e7on autonome pour compl\u00e9ter les horaires de service et le traitement des commandes pour les rayons de cartes de souhaits chez les principaux d\u00e9taillants canadiens.<\/p>\n\n\n\n<p>Nous aimerions que vous vous joigniez \u00e0 notre \u00e9quipe gagnante! Cliquez ci-dessous\npour en savoir plus sur le r\u00f4le d'un \u00e9talagiste de cartes de souhaits de Cartes Carlton et pour savoir comment postuler pour rejoindre notre \u00e9quipe.<\/p>\n\n\n\n<div class=\"wp-block-buttons is-layout-flex wp-block-buttons-is-layout-flex\">\n<div class=\"wp-block-button is-style-arrow\"><a class=\"wp-block-button__link wp-element-button\" href=\"https:\/\/carltoncards.ca\/fr\/careers\/merchandiser-careers\/\">Postes d'\u00e9talagiste \u00e0 combler<\/a><\/div>\n<\/div>\n<\/div>\n<\/div>\n<\/div>\n\n\n\n<div class=\"wp-block-cover alignfull is-light is-style-card-right\" style=\"min-height:100vh;aspect-ratio:unset;\" id=\"benefits\"><span aria-hidden=\"true\" class=\"wp-block-cover__background has-grey-background-color has-background-dim-0 has-background-dim\"><\/span><img loading=\"lazy\" decoding=\"async\" width=\"1280\" height=\"960\" class=\"wp-block-cover__image-background wp-image-4617\" alt=\"\" src=\"https:\/\/carltoncards.ca\/wp-content\/uploads\/sites\/2\/2023\/02\/Matheson-Reception-Hallway-Shot-2-resized.jpg\" style=\"object-position:33% 80%\" data-object-fit=\"cover\" data-object-position=\"33% 80%\" srcset=\"https:\/\/carltoncards.ca\/wp-content\/uploads\/sites\/2\/2023\/02\/Matheson-Reception-Hallway-Shot-2-resized.jpg 1280w, https:\/\/carltoncards.ca\/wp-content\/uploads\/sites\/2\/2023\/02\/Matheson-Reception-Hallway-Shot-2-resized.jpg?resize=300,225 300w, https:\/\/carltoncards.ca\/wp-content\/uploads\/sites\/2\/2023\/02\/Matheson-Reception-Hallway-Shot-2-resized.jpg?resize=768,576 768w, https:\/\/carltoncards.ca\/wp-content\/uploads\/sites\/2\/2023\/02\/Matheson-Reception-Hallway-Shot-2-resized.jpg?resize=1024,768 1024w, https:\/\/carltoncards.ca\/wp-content\/uploads\/sites\/2\/2023\/02\/Matheson-Reception-Hallway-Shot-2-resized.jpg?resize=16,12 16w\" sizes=\"auto, (max-width: 1280px) 100vw, 1280px\" \/><div class=\"wp-block-cover__inner-container is-layout-flow wp-block-cover-is-layout-flow\">\n<h3 class=\"wp-block-heading has-foreground-color has-text-color has-h-4-font-size\">Chez Cartes Carlton, nous encourageons une culture du bien-\u00eatre et de la sant\u00e9 et fournissons des ressources et des programmes pour aider les associ\u00e9s \u00e0 atteindre et maintenir leurs objectifs.<\/h3>\n\n\n\n<p class=\"has-foreground-color has-text-color\">LiveWell, notre programme de bien-\u00eatre, offre plusieurs programmes qui soutiennent les principes fondamentaux du bien-\u00eatre - exercice, sant\u00e9 financi\u00e8re, nutrition\/perte de poids, soins pr\u00e9ventifs, absence de tabac, bien-\u00eatre \u00e9motionnel et gestion de la sant\u00e9. Notre approche holistique constitue la base qui permet aux associ\u00e9s de s'\u00e9panouir.<\/p>\n<\/div><\/div>\n\n\n\n<div class=\"wp-block-columns is-layout-flex wp-container-core-columns-is-layout-d7a87397 wp-block-columns-is-layout-flex\" style=\"padding-top:6rem;padding-bottom:6rem\">\n<div class=\"wp-block-column is-vertically-aligned-center is-layout-flow wp-block-column-is-layout-flow\">\n<figure class=\"wp-block-image aligncenter size-full is-resized is-style-default\"><img loading=\"lazy\" decoding=\"async\" width=\"512\" height=\"288\" src=\"https:\/\/carltoncards.ca\/wp-content\/uploads\/sites\/2\/2024\/09\/Equality-2023-2024.gif\" alt=\"\" class=\"wp-image-6150\" style=\"aspect-ratio:1.6064814814814814;width:527px;height:auto\" \/><\/figure>\n<\/div>\n\n\n\n<div class=\"wp-block-column is-layout-flow wp-block-column-is-layout-flow\">\n<h3 class=\"wp-block-heading\">American Greetings, la soci\u00e9t\u00e9 m\u00e8re de Cartes Carlton, obtient le titre de \u00ab\u202fMeilleur lieu de travail pour l'\u00e9galit\u00e9 LGBTQ+\u202f\u00bb en 2023.<\/h3>\n\n\n\n<p><a href=\"https:\/\/corporate.americangreetings.com\/american-greetings-earns-top-score-in-human-rights-campaign-foundations-2023-2024-corporate-equality-index\/\" target=\"_blank\" rel=\"noreferrer noopener\"><a href=\"https:\/\/corporate.americangreetings.com\/american-greetings-earns-top-score-in-human-rights-campaign-foundations-2023-2024-corporate-equality-index\/\" target=\"_blank\" rel=\"noreferrer noopener\">American Greetings a re\u00e7u un score de 100 sur l'indice d'\u00e9galit\u00e9 des entreprises 2023-2024 de la Human Rights Campaign Foundation,<\/a><\/a> l'enqu\u00eate et le rapport d'analyse comparative les plus importants au pays mesurant les politiques et pratiques d'entreprise li\u00e9es \u00e0 l'\u00e9galit\u00e9 des personnes LGBTQ+ sur le lieu de travail.<\/p>\n<\/div>\n<\/div>\n\n\n\n<div class=\"wp-block-group alignfull has-accent-3-background-color has-background is-layout-constrained wp-container-core-group-is-layout-41f6de9e wp-block-group-is-layout-constrained\" id=\"equal-opportunity\" style=\"padding-top:8rem;padding-bottom:8rem\">\n<h3 class=\"wp-block-heading has-text-align-left is-style-thin has-foreground-color has-text-color\">Cartes Carlton est un employeur souscrivant au principe de l'\u00e9galit\u00e9 d'acc\u00e8s \u00e0 l'emploi.<\/h3>\n\n\n\n<p class=\"has-text-align-left has-foreground-color has-text-color\">Notre politique est d'offrir des perspectives d'emploi \u00e9gales \u00e0 tous les associ\u00e9s et candidats \u00e0 l'emploi sans tenir compte de la race, de la couleur, de l'origine nationale, de la religion, du handicap, de l'\u00e9tat civil, de l'\u00e2ge, du sexe (y compris la grossesse), de l'orientation sexuelle, de l'information g\u00e9n\u00e9tique, du genre, de l'identit\u00e9 sexuelle, de l'expression sexuelle ou de toute autre base prot\u00e9g\u00e9e par la loi f\u00e9d\u00e9rale, provinciale ou locale. Cet engagement s'applique \u00e0 toutes les conditions d'emploi de l'entreprise, y compris, mais sans s'y limiter, au recrutement, \u00e0 l'embauche, \u00e0 la promotion, \u00e0 la r\u00e9mun\u00e9ration, aux avantages sociaux, aux affectations de travail, \u00e0 la formation, \u00e0 la discipline, \u00e0 la mutation, \u00e0 la mise \u00e0 pied et au retour de mise \u00e0 pied, \u00e0 l'\u00e9ducation, aux programmes sociaux et r\u00e9cr\u00e9atifs, \u00e0 la cessation d'emploi et \u00e0 tous les autres aspects de l'emploi dans l'entreprise. Nous avons \u00e9galement pour politique de ne pas tol\u00e9rer le harc\u00e8lement sexuel ou tout autre type de harc\u00e8lement fond\u00e9 sur la race, la couleur, l'origine nationale, la religion, le handicap, l'\u00e9tat civil, l'\u00e2ge, le sexe (y compris la grossesse), l'orientation sexuelle, l'information g\u00e9n\u00e9tique, le sexe, l'identit\u00e9 sexuelle, l'expression sexuelle ou toute autre base prot\u00e9g\u00e9e par la l\u00e9gislation f\u00e9d\u00e9rale, provinciale ou locale. Le fondement de ces politiques est de traiter tout le monde de fa\u00e7on juste et \u00e9gale et d'avoir un environnement de travail sans pr\u00e9jug\u00e9s.<\/p>\n\n\n\n<p class=\"has-text-align-left has-foreground-color has-text-color\">.<\/p>\n\n\n\n<p class=\"has-text-align-left has-foreground-color has-text-color\">.<\/p>\n<\/div>","protected":false},"excerpt":{"rendered":"<p>We&#8217;re at our best when associates from different backgrounds and perspectives work together as a team. Carlton Cards aims to have a diverse workforce. We recruit, develop and grow motivated associates from different backgrounds and perspectives to help us win the ever-expanding future of celebrations. Careers at Carlton Cards Corporate Careers Find your path to [&hellip;]<\/p>","protected":false},"author":13,"featured_media":4265,"parent":0,"menu_order":0,"comment_status":"closed","ping_status":"closed","template":"","meta":{"footnotes":""},"class_list":["post-199","page","type-page","status-publish","has-post-thumbnail","hentry"],"yoast_head":"<!-- This site is optimized with the Yoast SEO plugin v23.2 - https:\/\/yoast.com\/wordpress\/plugins\/seo\/ -->\n<title>Corporate &amp; Merchandising Jobs Available - Carlton Cards Careers<\/title>\n<meta name=\"description\" content=\"Explore available careers at Carlton Cards for corporate and merchandising positions. Apply to join our team today!\" \/>\n<meta name=\"robots\" content=\"index, follow, max-snippet:-1, max-image-preview:large, max-video-preview:-1\" \/>\n<link rel=\"canonical\" href=\"https:\/\/carltoncards.ca\/fr\/careers\/\" \/>\n<meta property=\"og:locale\" content=\"fr_CA\" \/>\n<meta property=\"og:type\" content=\"article\" \/>\n<meta property=\"og:title\" content=\"Corporate &amp; Merchandising Jobs Available - Carlton Cards Careers\" \/>\n<meta property=\"og:description\" content=\"Explore available careers at Carlton Cards for corporate and merchandising positions. Apply to join our team today!\" \/>\n<meta property=\"og:url\" content=\"https:\/\/carltoncards.ca\/fr\/careers\/\" \/>\n<meta property=\"og:site_name\" content=\"Carlton Cards\" \/>\n<meta property=\"article:modified_time\" content=\"2024-12-12T20:16:56+00:00\" \/>\n<meta property=\"og:image\" content=\"https:\/\/carltoncards.ca\/wp-content\/uploads\/sites\/2\/2022\/09\/Mission-Image-French-1.jpg\" \/>\n\t<meta property=\"og:image:width\" content=\"2400\" \/>\n\t<meta property=\"og:image:height\" content=\"1600\" \/>\n\t<meta property=\"og:image:type\" content=\"image\/jpeg\" \/>\n<meta name=\"twitter:card\" content=\"summary_large_image\" \/>\n<meta name=\"twitter:label1\" content=\"Est. reading time\" \/>\n\t<meta name=\"twitter:data1\" content=\"4 minutes\" \/>\n<script type=\"application\/ld+json\" class=\"yoast-schema-graph\">{\"@context\":\"https:\/\/schema.org\",\"@graph\":[{\"@type\":\"WebPage\",\"@id\":\"https:\/\/carltoncards.ca\/careers\/\",\"url\":\"https:\/\/carltoncards.ca\/careers\/\",\"name\":\"Corporate & Merchandising Jobs Available - Carlton Cards Careers\",\"isPartOf\":{\"@id\":\"https:\/\/carltoncards.ca\/#website\"},\"primaryImageOfPage\":{\"@id\":\"https:\/\/carltoncards.ca\/careers\/#primaryimage\"},\"image\":{\"@id\":\"https:\/\/carltoncards.ca\/careers\/#primaryimage\"},\"thumbnailUrl\":\"https:\/\/carltoncards.ca\/wp-content\/uploads\/sites\/2\/2022\/09\/Mission-Image-French-1.jpg\",\"datePublished\":\"2021-08-16T19:58:06+00:00\",\"dateModified\":\"2024-12-12T20:16:56+00:00\",\"description\":\"Explore available careers at Carlton Cards for corporate and merchandising positions. Apply to join our team today!\",\"breadcrumb\":{\"@id\":\"https:\/\/carltoncards.ca\/careers\/#breadcrumb\"},\"inLanguage\":\"fr-CA\",\"potentialAction\":[{\"@type\":\"ReadAction\",\"target\":[\"https:\/\/carltoncards.ca\/careers\/\"]}]},{\"@type\":\"ImageObject\",\"inLanguage\":\"fr-CA\",\"@id\":\"https:\/\/carltoncards.ca\/careers\/#primaryimage\",\"url\":\"https:\/\/carltoncards.ca\/wp-content\/uploads\/sites\/2\/2022\/09\/Mission-Image-French-1.jpg\",\"contentUrl\":\"https:\/\/carltoncards.ca\/wp-content\/uploads\/sites\/2\/2022\/09\/Mission-Image-French-1.jpg\",\"width\":2400,\"height\":1600},{\"@type\":\"BreadcrumbList\",\"@id\":\"https:\/\/carltoncards.ca\/careers\/#breadcrumb\",\"itemListElement\":[{\"@type\":\"ListItem\",\"position\":1,\"name\":\"Home\",\"item\":\"https:\/\/carltoncards.ca\/\"},{\"@type\":\"ListItem\",\"position\":2,\"name\":\"Careers\"}]},{\"@type\":\"WebSite\",\"@id\":\"https:\/\/carltoncards.ca\/#website\",\"url\":\"https:\/\/carltoncards.ca\/\",\"name\":\"Carlton Cards\",\"description\":\"\",\"publisher\":{\"@id\":\"https:\/\/carltoncards.ca\/#organization\"},\"potentialAction\":[{\"@type\":\"SearchAction\",\"target\":{\"@type\":\"EntryPoint\",\"urlTemplate\":\"https:\/\/carltoncards.ca\/?s={search_term_string}\"},\"query-input\":\"required name=search_term_string\"}],\"inLanguage\":\"fr-CA\"},{\"@type\":\"Organization\",\"@id\":\"https:\/\/carltoncards.ca\/#organization\",\"name\":\"Carlton Cards\",\"url\":\"https:\/\/carltoncards.ca\/\",\"logo\":{\"@type\":\"ImageObject\",\"inLanguage\":\"fr-CA\",\"@id\":\"https:\/\/carltoncards.ca\/#\/schema\/logo\/image\/\",\"url\":\"https:\/\/carltoncards.ca\/wp-content\/uploads\/sites\/2\/2022\/08\/carlton-logo-2.png\",\"contentUrl\":\"https:\/\/carltoncards.ca\/wp-content\/uploads\/sites\/2\/2022\/08\/carlton-logo-2.png\",\"width\":1522,\"height\":422,\"caption\":\"Carlton Cards\"},\"image\":{\"@id\":\"https:\/\/carltoncards.ca\/#\/schema\/logo\/image\/\"}}]}<\/script>\n<!-- \/ Yoast SEO plugin. -->","yoast_head_json":{"title":"Corporate & Merchandising Jobs Available - Carlton Cards Careers","description":"Explore available careers at Carlton Cards for corporate and merchandising positions. Apply to join our team today!","robots":{"index":"index","follow":"follow","max-snippet":"max-snippet:-1","max-image-preview":"max-image-preview:large","max-video-preview":"max-video-preview:-1"},"canonical":"https:\/\/carltoncards.ca\/fr\/careers\/","og_locale":"fr_CA","og_type":"article","og_title":"Corporate & Merchandising Jobs Available - Carlton Cards Careers","og_description":"Explore available careers at Carlton Cards for corporate and merchandising positions. Apply to join our team today!","og_url":"https:\/\/carltoncards.ca\/fr\/careers\/","og_site_name":"Carlton Cards","article_modified_time":"2024-12-12T20:16:56+00:00","og_image":[{"width":2400,"height":1600,"url":"https:\/\/carltoncards.ca\/wp-content\/uploads\/sites\/2\/2022\/09\/Mission-Image-French-1.jpg","type":"image\/jpeg"}],"twitter_card":"summary_large_image","twitter_misc":{"Est. reading time":"4 minutes"},"schema":{"@context":"https:\/\/schema.org","@graph":[{"@type":"WebPage","@id":"https:\/\/carltoncards.ca\/careers\/","url":"https:\/\/carltoncards.ca\/careers\/","name":"Corporate & Merchandising Jobs Available - Carlton Cards Careers","isPartOf":{"@id":"https:\/\/carltoncards.ca\/#website"},"primaryImageOfPage":{"@id":"https:\/\/carltoncards.ca\/careers\/#primaryimage"},"image":{"@id":"https:\/\/carltoncards.ca\/careers\/#primaryimage"},"thumbnailUrl":"https:\/\/carltoncards.ca\/wp-content\/uploads\/sites\/2\/2022\/09\/Mission-Image-French-1.jpg","datePublished":"2021-08-16T19:58:06+00:00","dateModified":"2024-12-12T20:16:56+00:00","description":"Explore available careers at Carlton Cards for corporate and merchandising positions. Apply to join our team today!","breadcrumb":{"@id":"https:\/\/carltoncards.ca\/careers\/#breadcrumb"},"inLanguage":"fr-CA","potentialAction":[{"@type":"ReadAction","target":["https:\/\/carltoncards.ca\/careers\/"]}]},{"@type":"ImageObject","inLanguage":"fr-CA","@id":"https:\/\/carltoncards.ca\/careers\/#primaryimage","url":"https:\/\/carltoncards.ca\/wp-content\/uploads\/sites\/2\/2022\/09\/Mission-Image-French-1.jpg","contentUrl":"https:\/\/carltoncards.ca\/wp-content\/uploads\/sites\/2\/2022\/09\/Mission-Image-French-1.jpg","width":2400,"height":1600},{"@type":"BreadcrumbList","@id":"https:\/\/carltoncards.ca\/careers\/#breadcrumb","itemListElement":[{"@type":"ListItem","position":1,"name":"Home","item":"https:\/\/carltoncards.ca\/"},{"@type":"ListItem","position":2,"name":"Careers"}]},{"@type":"WebSite","@id":"https:\/\/carltoncards.ca\/#website","url":"https:\/\/carltoncards.ca\/","name":"Carlton Cards","description":"","publisher":{"@id":"https:\/\/carltoncards.ca\/#organization"},"potentialAction":[{"@type":"SearchAction","target":{"@type":"EntryPoint","urlTemplate":"https:\/\/carltoncards.ca\/?s={search_term_string}"},"query-input":"required name=search_term_string"}],"inLanguage":"fr-CA"},{"@type":"Organization","@id":"https:\/\/carltoncards.ca\/#organization","name":"Carlton Cards","url":"https:\/\/carltoncards.ca\/","logo":{"@type":"ImageObject","inLanguage":"fr-CA","@id":"https:\/\/carltoncards.ca\/#\/schema\/logo\/image\/","url":"https:\/\/carltoncards.ca\/wp-content\/uploads\/sites\/2\/2022\/08\/carlton-logo-2.png","contentUrl":"https:\/\/carltoncards.ca\/wp-content\/uploads\/sites\/2\/2022\/08\/carlton-logo-2.png","width":1522,"height":422,"caption":"Carlton Cards"},"image":{"@id":"https:\/\/carltoncards.ca\/#\/schema\/logo\/image\/"}}]}},"jetpack_sharing_enabled":true,"_links":{"self":[{"href":"https:\/\/carltoncards.ca\/fr\/wp-json\/wp\/v2\/pages\/199","targetHints":{"allow":["GET"]}}],"collection":[{"href":"https:\/\/carltoncards.ca\/fr\/wp-json\/wp\/v2\/pages"}],"about":[{"href":"https:\/\/carltoncards.ca\/fr\/wp-json\/wp\/v2\/types\/page"}],"author":[{"embeddable":true,"href":"https:\/\/carltoncards.ca\/fr\/wp-json\/wp\/v2\/users\/13"}],"replies":[{"embeddable":true,"href":"https:\/\/carltoncards.ca\/fr\/wp-json\/wp\/v2\/comments?post=199"}],"version-history":[{"count":23,"href":"https:\/\/carltoncards.ca\/fr\/wp-json\/wp\/v2\/pages\/199\/revisions"}],"predecessor-version":[{"id":6152,"href":"https:\/\/carltoncards.ca\/fr\/wp-json\/wp\/v2\/pages\/199\/revisions\/6152"}],"wp:featuredmedia":[{"embeddable":true,"href":"https:\/\/carltoncards.ca\/fr\/wp-json\/wp\/v2\/media\/4265"}],"wp:attachment":[{"href":"https:\/\/carltoncards.ca\/fr\/wp-json\/wp\/v2\/media?parent=199"}],"curies":[{"name":"wp","href":"https:\/\/api.w.org\/{rel}","templated":true}]}}