{"id":1871,"date":"2022-05-17T11:43:14","date_gmt":"2022-05-17T15:43:14","guid":{"rendered":"https:\/\/corporate.americangreetings.com\/?page_id=1871"},"modified":"2025-05-29T14:46:03","modified_gmt":"2025-05-29T18:46:03","slug":"our-policies","status":"publish","type":"page","link":"https:\/\/carltoncards.ca\/fr\/about-us\/connections-for-good\/our-policies\/","title":{"rendered":"Nos politiques"},"content":{"rendered":"<div class=\"wp-block-cover alignfull is-light is-style-card-left\" style=\"min-height:100vh;aspect-ratio:unset;\"><span aria-hidden=\"true\" class=\"wp-block-cover__background has-rose-background-color has-background-dim-0 has-background-dim\"><\/span><img loading=\"lazy\" decoding=\"async\" width=\"2400\" height=\"1600\" class=\"wp-block-cover__image-background wp-image-3034\" alt=\"Abstract Floral painting\" src=\"https:\/\/carltoncards.ca\/wp-content\/uploads\/sites\/2\/2022\/05\/Final.Our-Policies.jpg\" data-object-fit=\"cover\" srcset=\"https:\/\/carltoncards.ca\/wp-content\/uploads\/sites\/2\/2022\/05\/Final.Our-Policies.jpg 2400w, https:\/\/carltoncards.ca\/wp-content\/uploads\/sites\/2\/2022\/05\/Final.Our-Policies.jpg?resize=300,200 300w, https:\/\/carltoncards.ca\/wp-content\/uploads\/sites\/2\/2022\/05\/Final.Our-Policies.jpg?resize=768,512 768w, https:\/\/carltoncards.ca\/wp-content\/uploads\/sites\/2\/2022\/05\/Final.Our-Policies.jpg?resize=1024,683 1024w, https:\/\/carltoncards.ca\/wp-content\/uploads\/sites\/2\/2022\/05\/Final.Our-Policies.jpg?resize=1536,1024 1536w, https:\/\/carltoncards.ca\/wp-content\/uploads\/sites\/2\/2022\/05\/Final.Our-Policies.jpg?resize=2048,1365 2048w, https:\/\/carltoncards.ca\/wp-content\/uploads\/sites\/2\/2022\/05\/Final.Our-Policies.jpg?resize=18,12 18w\" sizes=\"auto, (max-width: 2400px) 100vw, 2400px\" \/><div class=\"wp-block-cover__inner-container is-layout-flow wp-block-cover-is-layout-flow\"><h1 style=\"text-transform:uppercase;\" class=\"wp-block-post-title has-text-color has-brand-color has-h-6-font-size\">Nos politiques<\/h1>\n\n\n<h2 class=\"wp-block-heading has-h-4-font-size\">Nous savons qu'une approche \u00e9thique et honn\u00eate des affaires commence par le ton donn\u00e9 au sommet. Notre conseil d'administration et notre PDG fixent les normes les plus \u00e9lev\u00e9es pour notre mode de fonctionnement \u00e0 travers toutes les facettes de l'organisation. Nos politiques et nos pratiques ont pour motif d'affirmer et de renforcer le fait que chaque associ\u00e9 agit chaque jour avec un haut degr\u00e9 d'int\u00e9grit\u00e9.<\/h2>\n<\/div><\/div>\n\n\n\n<div class=\"wp-block-columns are-vertically-aligned-top is-layout-flex wp-container-core-columns-is-layout-d7a87397 wp-block-columns-is-layout-flex\" style=\"padding-top:6rem;padding-bottom:6rem\">\n<div class=\"wp-block-column is-vertically-aligned-top is-layout-flow wp-block-column-is-layout-flow\" style=\"flex-basis:33.33%\">\n<h3 class=\"wp-block-heading has-h-5-font-size\"><a href=\"https:\/\/corporate.americangreetings.com\/about-us\/\">\u00c0 propos de nous<\/a><\/h3>\n\n\n\n<hr class=\"wp-block-separator has-text-color has-foreground-color has-css-opacity has-foreground-background-color has-background is-style-dots\"\/>\n\n\n<nav class=\"is-vertical wp-block-navigation is-layout-flex wp-container-core-navigation-is-layout-fe9cc265 wp-block-navigation-is-layout-flex\" aria-label=\"About (nested)\"><ul class=\"wp-block-navigation__container  is-vertical wp-block-navigation\"><li class=\"wp-block-navigation-item wp-block-navigation-link\"><a class=\"wp-block-navigation-item__content\"  href=\"https:\/\/carltoncards.ca\/fr\/about-us\/mission-vision\/\"><span class=\"wp-block-navigation-item__label\">Mission Et Vision<\/span><\/a><\/li><li class=\"wp-block-navigation-item has-child wp-block-navigation-submenu\"><a class=\"wp-block-navigation-item__content\" href=\"https:\/\/carltoncards.ca\/fr\/about-us\/connections-for-good\/\"><span class=\"wp-block-navigation-item__label\">Des relations pour le bien<\/span><\/a><ul class=\"wp-block-navigation__submenu-container wp-block-navigation-submenu\"><li class=\"wp-block-navigation-item wp-block-navigation-link\"><a class=\"wp-block-navigation-item__content\"  href=\"https:\/\/carltoncards.ca\/fr\/about-us\/connections-for-good\/our-planet\/\"><span class=\"wp-block-navigation-item__label\">Notre Plan\u00e8te<\/span><\/a><\/li><li class=\"wp-block-navigation-item wp-block-navigation-link\"><a class=\"wp-block-navigation-item__content\"  href=\"https:\/\/carltoncards.ca\/fr\/about-us\/connections-for-good\/our-people\/\"><span class=\"wp-block-navigation-item__label\">Nos Gens<\/span><\/a><\/li><li class=\"wp-block-navigation-item wp-block-navigation-link\"><a class=\"wp-block-navigation-item__content\"  href=\"https:\/\/carltoncards.ca\/fr\/about-us\/connections-for-good\/our-policies\/\"><span class=\"wp-block-navigation-item__label\">Nos politiques<\/span><\/a><\/li><\/ul><\/li><li class=\"wp-block-navigation-item wp-block-navigation-link\"><a class=\"wp-block-navigation-item__content\"  href=\"https:\/\/carltoncards.ca\/fr\/about-us\/history\/\"><span class=\"wp-block-navigation-item__label\">Historique<\/span><\/a><\/li><li class=\"wp-block-navigation-item wp-block-navigation-link\"><a class=\"wp-block-navigation-item__content\"  href=\"https:\/\/carltoncards.ca\/fr\/about-us\/locations\/\"><span class=\"wp-block-navigation-item__label\">Emplacements<\/span><\/a><\/li><li class=\"wp-block-navigation-item wp-block-navigation-link\"><a class=\"wp-block-navigation-item__content\"  href=\"https:\/\/carltoncards.ca\/fr\/about-us\/contact-us\/\"><span class=\"wp-block-navigation-item__label\">Nous contacter<\/span><\/a><\/li><\/ul><\/nav><\/div>\n\n\n\n<div class=\"wp-block-column is-vertically-aligned-top is-layout-flow wp-block-column-is-layout-flow\" style=\"flex-basis:66.66%\">\n<h4 class=\"wp-block-heading\">Chez Cartes Carlton, nous pensons qu'une bonne gouvernance d'entreprise contribue grandement \u00e0 l'\u00e9tablissement et au maintien de la confiance.<\/h4>\n\n\n\n<p>Nos employ\u00e9s sont guid\u00e9s par nos valeurs : \u00eatre en s\u00e9curit\u00e9, traiter tout le monde avec dignit\u00e9 et respect, se concentrer sur nos clients et \u00eatre excellents dans tout ce que nous faisons. Nos politiques et pratiques d'entreprise sont con\u00e7ues pour garantir que ces valeurs sont constamment respect\u00e9es \u00e0 tous les niveaux de notre soci\u00e9t\u00e9. <\/p>\n\n\n\n<p>Pour en savoir plus, veuillez lire \u00ab\u202fDes relations pour le bien\u202f\u00bb - notre rapport environnemental, social et de gouvernance. <\/p>\n\n\n\n\n\n\n<div style=\"height:100px\" aria-hidden=\"true\" class=\"wp-block-spacer\"><\/div>\n\n\n\n<h6 class=\"wp-block-heading\">Conformit\u00e9 de l'entreprise<\/h6>\n\n\n\n<p><a href=\"https:\/\/carltoncards.ca\/wp-content\/uploads\/sites\/2\/2022\/05\/California-Transparency-in-Supply-Chains-Act-Of-2010-Compliance.pdf\" target=\"_blank\" rel=\"noreferrer noopener\">California Transparency in Supply Chain Act<\/a><\/p>\n\n\n\n<p><a href=\"https:\/\/carltoncards.ca\/wp-content\/uploads\/sites\/2\/2025\/05\/2025-05-26-25-BOD-consent-Canada-forced-labor-act-reporting-CCL.pdf\">Carlton Cards Limited Supply Chains Act Statement 2025<\/a><\/p>\n\n\n\n<p><a href=\"https:\/\/carltoncards.ca\/wp-content\/uploads\/sites\/2\/2022\/05\/Patents.pdf\" target=\"_blank\" rel=\"noreferrer noopener\">Patents Information<\/a><\/p>\n\n\n\n<p><a href=\"https:\/\/carltoncards.ca\/wp-content\/uploads\/sites\/2\/2022\/05\/Code-of-Business-Conduct-and-Ethics-English.pdf\" target=\"_blank\" rel=\"noreferrer noopener\">Code of Business Conduct and Ethics (English)<\/a><\/p>\n\n\n\n<p><a href=\"https:\/\/carltoncards.ca\/wp-content\/uploads\/sites\/2\/2022\/05\/Code-of-Business-Conduct-and-Ethics-French.pdf\" target=\"_blank\" rel=\"noreferrer noopener\">Code de conduite et d\u2019\u00e9thique des affaires (fran\u00e7ais)<\/a><\/p>\n\n\n\n<p><a href=\"https:\/\/carltoncards.ca\/wp-content\/uploads\/sites\/2\/2022\/05\/Code-of-Business-Conduct-and-Ethics-Romanian.pdf\" target=\"_blank\" rel=\"noreferrer noopener\">Code of Business Conduct and Ethics (Romanian)<\/a><\/p>\n\n\n\n<p><a href=\"https:\/\/carltoncards.ca\/wp-content\/uploads\/sites\/2\/2022\/05\/Code-of-Business-Conduct-and-Ethics-Simplified-Chinese.pdf\" target=\"_blank\" rel=\"noreferrer noopener\">Code of Business Conduct and Ethics (Simplified Chinese)<\/a><\/p>\n\n\n\n<p><a href=\"https:\/\/carltoncards.ca\/wp-content\/uploads\/sites\/2\/2022\/05\/Code-of-Business-Conduct-and-Ethics-Spanish.pdf\" target=\"_blank\" rel=\"noreferrer noopener\">Code of Business Conduct and Ethics (Spanish)<\/a><\/p>\n<\/div>\n<\/div>","protected":false},"excerpt":{"rendered":"<p>About Us At Carlton Cards, we believe that good corporate governance goes a long way toward building and maintaining trust. Our employees are guided by our values to be safe, treat everyone with dignity and respect, focus on our customers, and be excellent in all we do. Our corporate policies and practices are designed to [&hellip;]<\/p>","protected":false},"author":13,"featured_media":0,"parent":862,"menu_order":0,"comment_status":"closed","ping_status":"closed","template":"","meta":{"footnotes":""},"class_list":["post-1871","page","type-page","status-publish","hentry"],"yoast_head":"<!-- This site is optimized with the Yoast SEO plugin v23.2 - https:\/\/yoast.com\/wordpress\/plugins\/seo\/ -->\n<title>Our Policies - Designed to Affirm and Reinforce Integrity<\/title>\n<meta name=\"description\" content=\"Our corporate policies reinforce values of safety, respect, customer focus, and excellence to maintain integrity at Carlton Cards.\" \/>\n<meta name=\"robots\" content=\"index, follow, max-snippet:-1, max-image-preview:large, max-video-preview:-1\" \/>\n<link rel=\"canonical\" href=\"https:\/\/carltoncards.ca\/fr\/about-us\/connections-for-good\/our-policies\/\" \/>\n<meta property=\"og:locale\" content=\"fr_CA\" \/>\n<meta property=\"og:type\" content=\"article\" \/>\n<meta property=\"og:title\" content=\"Our Policies - Designed to Affirm and Reinforce Integrity\" \/>\n<meta property=\"og:description\" content=\"Our corporate policies reinforce values of safety, respect, customer focus, and excellence to maintain integrity at Carlton Cards.\" \/>\n<meta property=\"og:url\" content=\"https:\/\/carltoncards.ca\/fr\/about-us\/connections-for-good\/our-policies\/\" \/>\n<meta property=\"og:site_name\" content=\"Carlton Cards\" \/>\n<meta property=\"article:modified_time\" content=\"2025-05-29T18:46:03+00:00\" \/>\n<meta property=\"og:image\" content=\"https:\/\/carltoncards.ca\/wp-content\/uploads\/sites\/2\/2022\/05\/Final.Our-Policies.jpg\" \/>\n<meta name=\"twitter:card\" content=\"summary_large_image\" \/>\n<meta name=\"twitter:label1\" content=\"Est. reading time\" \/>\n\t<meta name=\"twitter:data1\" content=\"1 minute\" \/>\n<script type=\"application\/ld+json\" class=\"yoast-schema-graph\">{\"@context\":\"https:\/\/schema.org\",\"@graph\":[{\"@type\":\"WebPage\",\"@id\":\"https:\/\/carltoncards.ca\/about-us\/connections-for-good\/our-policies\/\",\"url\":\"https:\/\/carltoncards.ca\/about-us\/connections-for-good\/our-policies\/\",\"name\":\"Our Policies - Designed to Affirm and Reinforce Integrity\",\"isPartOf\":{\"@id\":\"https:\/\/carltoncards.ca\/#website\"},\"primaryImageOfPage\":{\"@id\":\"https:\/\/carltoncards.ca\/about-us\/connections-for-good\/our-policies\/#primaryimage\"},\"image\":{\"@id\":\"https:\/\/carltoncards.ca\/about-us\/connections-for-good\/our-policies\/#primaryimage\"},\"thumbnailUrl\":\"https:\/\/carltoncards.ca\/wp-content\/uploads\/sites\/2\/2022\/05\/Final.Our-Policies.jpg\",\"datePublished\":\"2022-05-17T15:43:14+00:00\",\"dateModified\":\"2025-05-29T18:46:03+00:00\",\"description\":\"Our corporate policies reinforce values of safety, respect, customer focus, and excellence to maintain integrity at Carlton Cards.\",\"breadcrumb\":{\"@id\":\"https:\/\/carltoncards.ca\/about-us\/connections-for-good\/our-policies\/#breadcrumb\"},\"inLanguage\":\"fr-CA\",\"potentialAction\":[{\"@type\":\"ReadAction\",\"target\":[\"https:\/\/carltoncards.ca\/about-us\/connections-for-good\/our-policies\/\"]}]},{\"@type\":\"ImageObject\",\"inLanguage\":\"fr-CA\",\"@id\":\"https:\/\/carltoncards.ca\/about-us\/connections-for-good\/our-policies\/#primaryimage\",\"url\":\"https:\/\/carltoncards.ca\/wp-content\/uploads\/sites\/2\/2022\/05\/Final.Our-Policies.jpg\",\"contentUrl\":\"https:\/\/carltoncards.ca\/wp-content\/uploads\/sites\/2\/2022\/05\/Final.Our-Policies.jpg\"},{\"@type\":\"BreadcrumbList\",\"@id\":\"https:\/\/carltoncards.ca\/about-us\/connections-for-good\/our-policies\/#breadcrumb\",\"itemListElement\":[{\"@type\":\"ListItem\",\"position\":1,\"name\":\"Home\",\"item\":\"https:\/\/carltoncards.ca\/\"},{\"@type\":\"ListItem\",\"position\":2,\"name\":\"About Us\",\"item\":\"https:\/\/carltoncards.ca\/about-us\/\"},{\"@type\":\"ListItem\",\"position\":3,\"name\":\"Connections for Good\",\"item\":\"https:\/\/carltoncards.ca\/about-us\/connections-for-good\/\"},{\"@type\":\"ListItem\",\"position\":4,\"name\":\"Our Policies\"}]},{\"@type\":\"WebSite\",\"@id\":\"https:\/\/carltoncards.ca\/#website\",\"url\":\"https:\/\/carltoncards.ca\/\",\"name\":\"Carlton Cards\",\"description\":\"\",\"publisher\":{\"@id\":\"https:\/\/carltoncards.ca\/#organization\"},\"potentialAction\":[{\"@type\":\"SearchAction\",\"target\":{\"@type\":\"EntryPoint\",\"urlTemplate\":\"https:\/\/carltoncards.ca\/?s={search_term_string}\"},\"query-input\":\"required name=search_term_string\"}],\"inLanguage\":\"fr-CA\"},{\"@type\":\"Organization\",\"@id\":\"https:\/\/carltoncards.ca\/#organization\",\"name\":\"Carlton Cards\",\"url\":\"https:\/\/carltoncards.ca\/\",\"logo\":{\"@type\":\"ImageObject\",\"inLanguage\":\"fr-CA\",\"@id\":\"https:\/\/carltoncards.ca\/#\/schema\/logo\/image\/\",\"url\":\"https:\/\/carltoncards.ca\/wp-content\/uploads\/sites\/2\/2022\/08\/carlton-logo-2.png\",\"contentUrl\":\"https:\/\/carltoncards.ca\/wp-content\/uploads\/sites\/2\/2022\/08\/carlton-logo-2.png\",\"width\":1522,\"height\":422,\"caption\":\"Carlton Cards\"},\"image\":{\"@id\":\"https:\/\/carltoncards.ca\/#\/schema\/logo\/image\/\"}}]}<\/script>\n<!-- \/ Yoast SEO plugin. -->","yoast_head_json":{"title":"Our Policies - Designed to Affirm and Reinforce Integrity","description":"Our corporate policies reinforce values of safety, respect, customer focus, and excellence to maintain integrity at Carlton Cards.","robots":{"index":"index","follow":"follow","max-snippet":"max-snippet:-1","max-image-preview":"max-image-preview:large","max-video-preview":"max-video-preview:-1"},"canonical":"https:\/\/carltoncards.ca\/fr\/about-us\/connections-for-good\/our-policies\/","og_locale":"fr_CA","og_type":"article","og_title":"Our Policies - Designed to Affirm and Reinforce Integrity","og_description":"Our corporate policies reinforce values of safety, respect, customer focus, and excellence to maintain integrity at Carlton Cards.","og_url":"https:\/\/carltoncards.ca\/fr\/about-us\/connections-for-good\/our-policies\/","og_site_name":"Carlton Cards","article_modified_time":"2025-05-29T18:46:03+00:00","og_image":[{"url":"https:\/\/carltoncards.ca\/wp-content\/uploads\/sites\/2\/2022\/05\/Final.Our-Policies.jpg"}],"twitter_card":"summary_large_image","twitter_misc":{"Est. reading time":"1 minute"},"schema":{"@context":"https:\/\/schema.org","@graph":[{"@type":"WebPage","@id":"https:\/\/carltoncards.ca\/about-us\/connections-for-good\/our-policies\/","url":"https:\/\/carltoncards.ca\/about-us\/connections-for-good\/our-policies\/","name":"Our Policies - Designed to Affirm and Reinforce Integrity","isPartOf":{"@id":"https:\/\/carltoncards.ca\/#website"},"primaryImageOfPage":{"@id":"https:\/\/carltoncards.ca\/about-us\/connections-for-good\/our-policies\/#primaryimage"},"image":{"@id":"https:\/\/carltoncards.ca\/about-us\/connections-for-good\/our-policies\/#primaryimage"},"thumbnailUrl":"https:\/\/carltoncards.ca\/wp-content\/uploads\/sites\/2\/2022\/05\/Final.Our-Policies.jpg","datePublished":"2022-05-17T15:43:14+00:00","dateModified":"2025-05-29T18:46:03+00:00","description":"Our corporate policies reinforce values of safety, respect, customer focus, and excellence to maintain integrity at Carlton Cards.","breadcrumb":{"@id":"https:\/\/carltoncards.ca\/about-us\/connections-for-good\/our-policies\/#breadcrumb"},"inLanguage":"fr-CA","potentialAction":[{"@type":"ReadAction","target":["https:\/\/carltoncards.ca\/about-us\/connections-for-good\/our-policies\/"]}]},{"@type":"ImageObject","inLanguage":"fr-CA","@id":"https:\/\/carltoncards.ca\/about-us\/connections-for-good\/our-policies\/#primaryimage","url":"https:\/\/carltoncards.ca\/wp-content\/uploads\/sites\/2\/2022\/05\/Final.Our-Policies.jpg","contentUrl":"https:\/\/carltoncards.ca\/wp-content\/uploads\/sites\/2\/2022\/05\/Final.Our-Policies.jpg"},{"@type":"BreadcrumbList","@id":"https:\/\/carltoncards.ca\/about-us\/connections-for-good\/our-policies\/#breadcrumb","itemListElement":[{"@type":"ListItem","position":1,"name":"Home","item":"https:\/\/carltoncards.ca\/"},{"@type":"ListItem","position":2,"name":"About Us","item":"https:\/\/carltoncards.ca\/about-us\/"},{"@type":"ListItem","position":3,"name":"Connections for Good","item":"https:\/\/carltoncards.ca\/about-us\/connections-for-good\/"},{"@type":"ListItem","position":4,"name":"Our Policies"}]},{"@type":"WebSite","@id":"https:\/\/carltoncards.ca\/#website","url":"https:\/\/carltoncards.ca\/","name":"Carlton Cards","description":"","publisher":{"@id":"https:\/\/carltoncards.ca\/#organization"},"potentialAction":[{"@type":"SearchAction","target":{"@type":"EntryPoint","urlTemplate":"https:\/\/carltoncards.ca\/?s={search_term_string}"},"query-input":"required name=search_term_string"}],"inLanguage":"fr-CA"},{"@type":"Organization","@id":"https:\/\/carltoncards.ca\/#organization","name":"Carlton Cards","url":"https:\/\/carltoncards.ca\/","logo":{"@type":"ImageObject","inLanguage":"fr-CA","@id":"https:\/\/carltoncards.ca\/#\/schema\/logo\/image\/","url":"https:\/\/carltoncards.ca\/wp-content\/uploads\/sites\/2\/2022\/08\/carlton-logo-2.png","contentUrl":"https:\/\/carltoncards.ca\/wp-content\/uploads\/sites\/2\/2022\/08\/carlton-logo-2.png","width":1522,"height":422,"caption":"Carlton Cards"},"image":{"@id":"https:\/\/carltoncards.ca\/#\/schema\/logo\/image\/"}}]}},"jetpack_sharing_enabled":true,"_links":{"self":[{"href":"https:\/\/carltoncards.ca\/fr\/wp-json\/wp\/v2\/pages\/1871","targetHints":{"allow":["GET"]}}],"collection":[{"href":"https:\/\/carltoncards.ca\/fr\/wp-json\/wp\/v2\/pages"}],"about":[{"href":"https:\/\/carltoncards.ca\/fr\/wp-json\/wp\/v2\/types\/page"}],"author":[{"embeddable":true,"href":"https:\/\/carltoncards.ca\/fr\/wp-json\/wp\/v2\/users\/13"}],"replies":[{"embeddable":true,"href":"https:\/\/carltoncards.ca\/fr\/wp-json\/wp\/v2\/comments?post=1871"}],"version-history":[{"count":6,"href":"https:\/\/carltoncards.ca\/fr\/wp-json\/wp\/v2\/pages\/1871\/revisions"}],"predecessor-version":[{"id":7419,"href":"https:\/\/carltoncards.ca\/fr\/wp-json\/wp\/v2\/pages\/1871\/revisions\/7419"}],"up":[{"embeddable":true,"href":"https:\/\/carltoncards.ca\/fr\/wp-json\/wp\/v2\/pages\/862"}],"wp:attachment":[{"href":"https:\/\/carltoncards.ca\/fr\/wp-json\/wp\/v2\/media?parent=1871"}],"curies":[{"name":"wp","href":"https:\/\/api.w.org\/{rel}","templated":true}]}}