{"id":1666,"date":"2022-04-19T21:32:41","date_gmt":"2022-04-20T01:32:41","guid":{"rendered":"https:\/\/corporate.americangreetings.com\/?page_id=1666"},"modified":"2024-12-12T15:14:16","modified_gmt":"2024-12-12T20:14:16","slug":"mission-vision","status":"publish","type":"page","link":"https:\/\/carltoncards.ca\/fr\/about-us\/mission-vision\/","title":{"rendered":"Mission Et Vision"},"content":{"rendered":"<div class=\"wp-block-cover alignfull is-light is-style-card-right\" style=\"min-height:100vh;aspect-ratio:unset;\"><span aria-hidden=\"true\" class=\"wp-block-cover__background has-grey-background-color has-background-dim-0 has-background-dim\"><\/span><img loading=\"lazy\" decoding=\"async\" width=\"2400\" height=\"1600\" class=\"wp-block-cover__image-background wp-image-4262\" alt=\"\" src=\"https:\/\/carltoncards.ca\/wp-content\/uploads\/sites\/2\/2022\/09\/Mission-Image-French-1.jpg\" data-object-fit=\"cover\" srcset=\"https:\/\/carltoncards.ca\/wp-content\/uploads\/sites\/2\/2022\/09\/Mission-Image-French-1.jpg 2400w, https:\/\/carltoncards.ca\/wp-content\/uploads\/sites\/2\/2022\/09\/Mission-Image-French-1.jpg?resize=300,200 300w, https:\/\/carltoncards.ca\/wp-content\/uploads\/sites\/2\/2022\/09\/Mission-Image-French-1.jpg?resize=768,512 768w, https:\/\/carltoncards.ca\/wp-content\/uploads\/sites\/2\/2022\/09\/Mission-Image-French-1.jpg?resize=1024,683 1024w, https:\/\/carltoncards.ca\/wp-content\/uploads\/sites\/2\/2022\/09\/Mission-Image-French-1.jpg?resize=1536,1024 1536w, https:\/\/carltoncards.ca\/wp-content\/uploads\/sites\/2\/2022\/09\/Mission-Image-French-1.jpg?resize=2048,1365 2048w, https:\/\/carltoncards.ca\/wp-content\/uploads\/sites\/2\/2022\/09\/Mission-Image-French-1.jpg?resize=18,12 18w\" sizes=\"auto, (max-width: 2400px) 100vw, 2400px\" \/><div class=\"wp-block-cover__inner-container is-layout-flow wp-block-cover-is-layout-flow\"><h1 style=\"text-transform:uppercase;\" class=\"wp-block-post-title has-text-color has-brand-color has-h-6-font-size\">Mission Et Vision<\/h1>\n\n\n<h2 class=\"has-h-3-font-size wp-block-heading\">Nous sommes Cartes Carlton - la destination pour les c\u00e9l\u00e9brations.<\/h2>\n<\/div><\/div>\n\n\n\n<div class=\"wp-block-columns is-layout-flex wp-container-core-columns-is-layout-d7a87397 wp-block-columns-is-layout-flex\" style=\"padding-top:6rem;padding-bottom:6rem\">\n<div class=\"wp-block-column is-vertically-aligned-top is-layout-flow wp-block-column-is-layout-flow\" style=\"flex-basis:33.33%\">\n<h3 class=\"has-h-5-font-size wp-block-heading\"><a href=\"https:\/\/carltoncards.ca\/fr\/about-us\/\">\u00c0 propos de nous<\/a><\/h3>\n\n\n\n<hr class=\"wp-block-separator has-text-color has-foreground-color has-css-opacity has-foreground-background-color has-background is-style-dots\" \/>\n\n\n<nav class=\"is-vertical wp-block-navigation is-layout-flex wp-container-core-navigation-is-layout-fe9cc265 wp-block-navigation-is-layout-flex\" aria-label=\"About\"><ul class=\"wp-block-navigation__container  is-vertical wp-block-navigation\"><li class=\"wp-block-navigation-item wp-block-navigation-link\"><a class=\"wp-block-navigation-item__content\"  href=\"https:\/\/carltoncards.ca\/fr\/about-us\/mission-vision\/\"><span class=\"wp-block-navigation-item__label\">Mission Et Vision<\/span><\/a><\/li><li class=\"wp-block-navigation-item wp-block-navigation-link\"><a class=\"wp-block-navigation-item__content\"  href=\"https:\/\/carltoncards.ca\/fr\/about-us\/connections-for-good\/\"><span class=\"wp-block-navigation-item__label\">Des relations pour le bien<\/span><\/a><\/li><li class=\"wp-block-navigation-item wp-block-navigation-link\"><a class=\"wp-block-navigation-item__content\"  href=\"https:\/\/carltoncards.ca\/fr\/about-us\/history\/\"><span class=\"wp-block-navigation-item__label\">Historique<\/span><\/a><\/li><li class=\"wp-block-navigation-item wp-block-navigation-link\"><a class=\"wp-block-navigation-item__content\"  href=\"https:\/\/carltoncards.ca\/fr\/about-us\/locations\/\"><span class=\"wp-block-navigation-item__label\">Emplacements<\/span><\/a><\/li><li class=\"wp-block-navigation-item wp-block-navigation-link\"><a class=\"wp-block-navigation-item__content\"  href=\"https:\/\/carltoncards.ca\/fr\/about-us\/contact-us\/\"><span class=\"wp-block-navigation-item__label\">Nous contacter<\/span><\/a><\/li><\/ul><\/nav><\/div>\n\n\n\n<div class=\"wp-block-column is-layout-flow wp-block-column-is-layout-flow\" style=\"flex-basis:66.66%\">\n<h3 class=\"wp-block-heading\">\u200bObjectif<\/h3>\n\n\n\n<p>Nous croyons qu'il faut faire du monde un endroit plus attentionn\u00e9 et bienveillant en aidant chaque personne \u00e0 c\u00e9l\u00e9brer et \u00e0 cr\u00e9er des relations significatives.<\/p>\n\n\n\n<h3 class=\"wp-block-heading\">Mission<\/h3>\n\n\n\n<p>Nous cr\u00e9ons le bonheur, le rire et l'amour.<\/p>\n\n\n\n<h3 class=\"wp-block-heading\">Vision<\/h3>\n\n\n\n<p>Nous nous engageons \u00e0 aider chaque personne \u00e0 c\u00e9l\u00e9brer les relations et les occasions qui donnent un sens et un objectif \u00e0 la vie.<\/p>\n\n\n\n<p>Nous sommes passionn\u00e9s par le pouvoir des relations et nous sommes toujours l\u00e0 avec les mots, les cr\u00e9ations artistiques et les histoires dont les gens ont besoin. \n\nNous sommes diversifi\u00e9s, talentueux et engag\u00e9s. Nous sommes admir\u00e9s pour notre innovation et notre culture cr\u00e9ative. \n\nLes gens sont au c\u0153ur de tout ce que nous faisons, et nous nous effor\u00e7ons de rendre le monde plus attentionn\u00e9 et bienveillant...<\/p>\n\n\n\n<p>Tous. Les. Jours.<\/p>\n\n\n\n<h3 class=\"wp-block-heading\">Valeurs<\/h3>\n\n\n\n<p>Nous sommes tous cr\u00e9atifs, et nous apportons notre cr\u00e9ativit\u00e9 \u00e0 tout ce que nous faisons.<\/p>\n\n\n\n<p>Nous misons sur l'innovation et comprenons que l'innovation se nourrit<br>de la diversit\u00e9 des id\u00e9es, de la prise de risques intelligente et de l'am\u00e9lioration continue.<\/p>\n\n\n\n<p>Nous reconnaissons qu'une grande collaboration inspire de grandes id\u00e9es, et nous b\u00e9n\u00e9ficions des relations que nous entretenons entre nous,<br>avec nos partenaires et avec nos clients.<\/p>\n\n\n\n<p>Nous recherchons le succ\u00e8s et c\u00e9l\u00e9brons les avantages qu'il procure.<\/p>\n\n\n\n<p>Nous embrassons la diversit\u00e9, l'\u00e9quit\u00e9 et l'inclusion et nous croyons que chaque personne m\u00e9rite de se sentir respect\u00e9e, soutenue et valoris\u00e9e.<\/p>\n\n\n\n<p>Nous nous soucions de nos collaborateurs, de nos communaut\u00e9s et de notre plan\u00e8te et traitons chacun d'entre eux avec gentillesse et respect.<\/p>\n\n\n\n<\/div>\n<\/div>","protected":false},"excerpt":{"rendered":"<p>About Us Purpose We believe in making the world a more thoughtful and caring place by helping every person celebrate and create meaningful connections. Mission We create happiness, laughter, and love. Vision We are dedicated to helping every person celebrate the relationships and occasions that add meaning and purpose to life. We are passionate about [&hellip;]<\/p>","protected":false},"author":13,"featured_media":0,"parent":11,"menu_order":0,"comment_status":"closed","ping_status":"closed","template":"","meta":{"footnotes":""},"class_list":["post-1666","page","type-page","status-publish","hentry"],"yoast_head":"<!-- This site is optimized with the Yoast SEO plugin v23.2 - https:\/\/yoast.com\/wordpress\/plugins\/seo\/ -->\n<title>Our Mission and Vision - Carlton Cards<\/title>\n<meta name=\"description\" content=\"Our mission and vision is centered around our commitment to helping every person celebrate and create meaningful connections.\" \/>\n<meta name=\"robots\" content=\"index, follow, max-snippet:-1, max-image-preview:large, max-video-preview:-1\" \/>\n<link rel=\"canonical\" href=\"https:\/\/carltoncards.ca\/fr\/about-us\/mission-vision\/\" \/>\n<meta property=\"og:locale\" content=\"fr_CA\" \/>\n<meta property=\"og:type\" content=\"article\" \/>\n<meta property=\"og:title\" content=\"Our Mission and Vision - Carlton Cards\" \/>\n<meta property=\"og:description\" content=\"Our mission and vision is centered around our commitment to helping every person celebrate and create meaningful connections.\" \/>\n<meta property=\"og:url\" content=\"https:\/\/carltoncards.ca\/fr\/about-us\/mission-vision\/\" \/>\n<meta property=\"og:site_name\" content=\"Carlton Cards\" \/>\n<meta property=\"article:modified_time\" content=\"2024-12-12T20:14:16+00:00\" \/>\n<meta property=\"og:image\" content=\"https:\/\/carltoncards.ca\/wp-content\/uploads\/sites\/2\/2022\/09\/94fb3711-6c78-4f10-9b72-69b00a2d669c.jpeg\" \/>\n<meta name=\"twitter:card\" content=\"summary_large_image\" \/>\n<meta name=\"twitter:label1\" content=\"Est. reading time\" \/>\n\t<meta name=\"twitter:data1\" content=\"2 minutes\" \/>\n<script type=\"application\/ld+json\" class=\"yoast-schema-graph\">{\"@context\":\"https:\/\/schema.org\",\"@graph\":[{\"@type\":\"WebPage\",\"@id\":\"https:\/\/carltoncards.ca\/about-us\/mission-vision\/\",\"url\":\"https:\/\/carltoncards.ca\/about-us\/mission-vision\/\",\"name\":\"Our Mission and Vision - Carlton Cards\",\"isPartOf\":{\"@id\":\"https:\/\/carltoncards.ca\/#website\"},\"primaryImageOfPage\":{\"@id\":\"https:\/\/carltoncards.ca\/about-us\/mission-vision\/#primaryimage\"},\"image\":{\"@id\":\"https:\/\/carltoncards.ca\/about-us\/mission-vision\/#primaryimage\"},\"thumbnailUrl\":\"https:\/\/carltoncards.ca\/wp-content\/uploads\/sites\/2\/2022\/09\/94fb3711-6c78-4f10-9b72-69b00a2d669c.jpeg\",\"datePublished\":\"2022-04-20T01:32:41+00:00\",\"dateModified\":\"2024-12-12T20:14:16+00:00\",\"description\":\"Our mission and vision is centered around our commitment to helping every person celebrate and create meaningful connections.\",\"breadcrumb\":{\"@id\":\"https:\/\/carltoncards.ca\/about-us\/mission-vision\/#breadcrumb\"},\"inLanguage\":\"fr-CA\",\"potentialAction\":[{\"@type\":\"ReadAction\",\"target\":[\"https:\/\/carltoncards.ca\/about-us\/mission-vision\/\"]}]},{\"@type\":\"ImageObject\",\"inLanguage\":\"fr-CA\",\"@id\":\"https:\/\/carltoncards.ca\/about-us\/mission-vision\/#primaryimage\",\"url\":\"https:\/\/carltoncards.ca\/wp-content\/uploads\/sites\/2\/2022\/09\/94fb3711-6c78-4f10-9b72-69b00a2d669c.jpeg\",\"contentUrl\":\"https:\/\/carltoncards.ca\/wp-content\/uploads\/sites\/2\/2022\/09\/94fb3711-6c78-4f10-9b72-69b00a2d669c.jpeg\"},{\"@type\":\"BreadcrumbList\",\"@id\":\"https:\/\/carltoncards.ca\/about-us\/mission-vision\/#breadcrumb\",\"itemListElement\":[{\"@type\":\"ListItem\",\"position\":1,\"name\":\"Home\",\"item\":\"https:\/\/carltoncards.ca\/\"},{\"@type\":\"ListItem\",\"position\":2,\"name\":\"About Us\",\"item\":\"https:\/\/carltoncards.ca\/about-us\/\"},{\"@type\":\"ListItem\",\"position\":3,\"name\":\"Mission &amp; Vision\"}]},{\"@type\":\"WebSite\",\"@id\":\"https:\/\/carltoncards.ca\/#website\",\"url\":\"https:\/\/carltoncards.ca\/\",\"name\":\"Carlton Cards\",\"description\":\"\",\"publisher\":{\"@id\":\"https:\/\/carltoncards.ca\/#organization\"},\"potentialAction\":[{\"@type\":\"SearchAction\",\"target\":{\"@type\":\"EntryPoint\",\"urlTemplate\":\"https:\/\/carltoncards.ca\/?s={search_term_string}\"},\"query-input\":\"required name=search_term_string\"}],\"inLanguage\":\"fr-CA\"},{\"@type\":\"Organization\",\"@id\":\"https:\/\/carltoncards.ca\/#organization\",\"name\":\"Carlton Cards\",\"url\":\"https:\/\/carltoncards.ca\/\",\"logo\":{\"@type\":\"ImageObject\",\"inLanguage\":\"fr-CA\",\"@id\":\"https:\/\/carltoncards.ca\/#\/schema\/logo\/image\/\",\"url\":\"https:\/\/carltoncards.ca\/wp-content\/uploads\/sites\/2\/2022\/08\/carlton-logo-2.png\",\"contentUrl\":\"https:\/\/carltoncards.ca\/wp-content\/uploads\/sites\/2\/2022\/08\/carlton-logo-2.png\",\"width\":1522,\"height\":422,\"caption\":\"Carlton Cards\"},\"image\":{\"@id\":\"https:\/\/carltoncards.ca\/#\/schema\/logo\/image\/\"}}]}<\/script>\n<!-- \/ Yoast SEO plugin. -->","yoast_head_json":{"title":"Our Mission and Vision - Carlton Cards","description":"Our mission and vision is centered around our commitment to helping every person celebrate and create meaningful connections.","robots":{"index":"index","follow":"follow","max-snippet":"max-snippet:-1","max-image-preview":"max-image-preview:large","max-video-preview":"max-video-preview:-1"},"canonical":"https:\/\/carltoncards.ca\/fr\/about-us\/mission-vision\/","og_locale":"fr_CA","og_type":"article","og_title":"Our Mission and Vision - Carlton Cards","og_description":"Our mission and vision is centered around our commitment to helping every person celebrate and create meaningful connections.","og_url":"https:\/\/carltoncards.ca\/fr\/about-us\/mission-vision\/","og_site_name":"Carlton Cards","article_modified_time":"2024-12-12T20:14:16+00:00","og_image":[{"url":"https:\/\/carltoncards.ca\/wp-content\/uploads\/sites\/2\/2022\/09\/94fb3711-6c78-4f10-9b72-69b00a2d669c.jpeg"}],"twitter_card":"summary_large_image","twitter_misc":{"Est. reading time":"2 minutes"},"schema":{"@context":"https:\/\/schema.org","@graph":[{"@type":"WebPage","@id":"https:\/\/carltoncards.ca\/about-us\/mission-vision\/","url":"https:\/\/carltoncards.ca\/about-us\/mission-vision\/","name":"Our Mission and Vision - Carlton Cards","isPartOf":{"@id":"https:\/\/carltoncards.ca\/#website"},"primaryImageOfPage":{"@id":"https:\/\/carltoncards.ca\/about-us\/mission-vision\/#primaryimage"},"image":{"@id":"https:\/\/carltoncards.ca\/about-us\/mission-vision\/#primaryimage"},"thumbnailUrl":"https:\/\/carltoncards.ca\/wp-content\/uploads\/sites\/2\/2022\/09\/94fb3711-6c78-4f10-9b72-69b00a2d669c.jpeg","datePublished":"2022-04-20T01:32:41+00:00","dateModified":"2024-12-12T20:14:16+00:00","description":"Our mission and vision is centered around our commitment to helping every person celebrate and create meaningful connections.","breadcrumb":{"@id":"https:\/\/carltoncards.ca\/about-us\/mission-vision\/#breadcrumb"},"inLanguage":"fr-CA","potentialAction":[{"@type":"ReadAction","target":["https:\/\/carltoncards.ca\/about-us\/mission-vision\/"]}]},{"@type":"ImageObject","inLanguage":"fr-CA","@id":"https:\/\/carltoncards.ca\/about-us\/mission-vision\/#primaryimage","url":"https:\/\/carltoncards.ca\/wp-content\/uploads\/sites\/2\/2022\/09\/94fb3711-6c78-4f10-9b72-69b00a2d669c.jpeg","contentUrl":"https:\/\/carltoncards.ca\/wp-content\/uploads\/sites\/2\/2022\/09\/94fb3711-6c78-4f10-9b72-69b00a2d669c.jpeg"},{"@type":"BreadcrumbList","@id":"https:\/\/carltoncards.ca\/about-us\/mission-vision\/#breadcrumb","itemListElement":[{"@type":"ListItem","position":1,"name":"Home","item":"https:\/\/carltoncards.ca\/"},{"@type":"ListItem","position":2,"name":"About Us","item":"https:\/\/carltoncards.ca\/about-us\/"},{"@type":"ListItem","position":3,"name":"Mission &amp; Vision"}]},{"@type":"WebSite","@id":"https:\/\/carltoncards.ca\/#website","url":"https:\/\/carltoncards.ca\/","name":"Carlton Cards","description":"","publisher":{"@id":"https:\/\/carltoncards.ca\/#organization"},"potentialAction":[{"@type":"SearchAction","target":{"@type":"EntryPoint","urlTemplate":"https:\/\/carltoncards.ca\/?s={search_term_string}"},"query-input":"required name=search_term_string"}],"inLanguage":"fr-CA"},{"@type":"Organization","@id":"https:\/\/carltoncards.ca\/#organization","name":"Carlton Cards","url":"https:\/\/carltoncards.ca\/","logo":{"@type":"ImageObject","inLanguage":"fr-CA","@id":"https:\/\/carltoncards.ca\/#\/schema\/logo\/image\/","url":"https:\/\/carltoncards.ca\/wp-content\/uploads\/sites\/2\/2022\/08\/carlton-logo-2.png","contentUrl":"https:\/\/carltoncards.ca\/wp-content\/uploads\/sites\/2\/2022\/08\/carlton-logo-2.png","width":1522,"height":422,"caption":"Carlton Cards"},"image":{"@id":"https:\/\/carltoncards.ca\/#\/schema\/logo\/image\/"}}]}},"jetpack_sharing_enabled":true,"_links":{"self":[{"href":"https:\/\/carltoncards.ca\/fr\/wp-json\/wp\/v2\/pages\/1666","targetHints":{"allow":["GET"]}}],"collection":[{"href":"https:\/\/carltoncards.ca\/fr\/wp-json\/wp\/v2\/pages"}],"about":[{"href":"https:\/\/carltoncards.ca\/fr\/wp-json\/wp\/v2\/types\/page"}],"author":[{"embeddable":true,"href":"https:\/\/carltoncards.ca\/fr\/wp-json\/wp\/v2\/users\/13"}],"replies":[{"embeddable":true,"href":"https:\/\/carltoncards.ca\/fr\/wp-json\/wp\/v2\/comments?post=1666"}],"version-history":[{"count":10,"href":"https:\/\/carltoncards.ca\/fr\/wp-json\/wp\/v2\/pages\/1666\/revisions"}],"predecessor-version":[{"id":4632,"href":"https:\/\/carltoncards.ca\/fr\/wp-json\/wp\/v2\/pages\/1666\/revisions\/4632"}],"up":[{"embeddable":true,"href":"https:\/\/carltoncards.ca\/fr\/wp-json\/wp\/v2\/pages\/11"}],"wp:attachment":[{"href":"https:\/\/carltoncards.ca\/fr\/wp-json\/wp\/v2\/media?parent=1666"}],"curies":[{"name":"wp","href":"https:\/\/api.w.org\/{rel}","templated":true}]}}